{"id":4834,"date":"2026-05-06T20:52:39","date_gmt":"2026-05-06T18:52:39","guid":{"rendered":"https:\/\/einklang-academy.com\/?page_id=4834"},"modified":"2026-05-07T08:43:11","modified_gmt":"2026-05-07T06:43:11","slug":"case-study-sara","status":"publish","type":"page","link":"https:\/\/einklang-academy.com\/pt\/case-study-sara\/","title":{"rendered":"Case Study \u2014 Sara"},"content":{"rendered":"<div style=\"background:#1a3d2b;padding:72px 5%;box-sizing:border-box;width:100%;font-family:'Trebuchet MS',sans-serif\">\n<p style=\"font-size:11px;letter-spacing:0.2em;text-transform:uppercase;color:#7ecfa0;margin:0 0 16px\">Estudo de caso<\/p>\n<div style=\"font-size:32px;font-weight:700;color:white;line-height:1.3;max-width:700px;margin:0 0 20px;font-family:'Trebuchet MS',sans-serif\">Desde o suporte \u00e0 metodologia at\u00e9 <span style=\"color:#7ecfa0\">plataforma de IA escal\u00e1vel<\/span> - Sara por Brilliant Working<\/div>\n<p style=\"font-size:16px;color:#a8c9b5;line-height:1.7;max-width:560px;margin:0 0 32px\">Como a Einklang criou um agente de IA totalmente personalizado para a Baringa Management Consulting, treinado na metodologia Brilliant Working e implementado nos compromissos do cliente por meio da arquitetura segura do Microsoft Azure.<\/p>\n<table style=\"border-collapse:collapse\">\n<tr>\n<td style=\"padding-right:16px;vertical-align:middle\">\n<div style=\"background:rgba(255,255,255,0.08);border:0.5px solid rgba(255,255,255,0.15);border-radius:8px;padding:20px 28px;text-align:center\">\n<div style=\"font-size:24px;font-weight:700;color:#7ecfa0\">IA personalizada<\/div>\n<div style=\"font-size:12px;color:#a8c9b5;margin-top:4px\">Camada de orquestra\u00e7\u00e3o de dom\u00ednio<\/div>\n<\/div>\n<\/td>\n<td style=\"padding-right:16px;vertical-align:middle\">\n<div style=\"background:rgba(255,255,255,0.08);border:0.5px solid rgba(255,255,255,0.15);border-radius:8px;padding:20px 28px;text-align:center\">\n<div style=\"font-size:24px;font-weight:700;color:#7ecfa0\">Azure<\/div>\n<div style=\"font-size:12px;color:#a8c9b5;margin-top:4px\">Arquitetura empresarial segura<\/div>\n<\/div>\n<\/td>\n<td style=\"vertical-align:middle\">\n<div style=\"background:rgba(255,255,255,0.08);border:0.5px solid rgba(255,255,255,0.15);border-radius:8px;padding:20px 28px;text-align:center\">\n<div style=\"font-size:24px;font-weight:700;color:#7ecfa0\">100%<\/div>\n<div style=\"font-size:12px;color:#a8c9b5;margin-top:4px\">Metodologia dimensionada digitalmente<\/div>\n<\/div>\n<\/td>\n<\/tr>\n<\/table>\n<\/div>\n\n\n\n<div style=\"background:#f4f9f5;padding:64px 5%;box-sizing:border-box;width:100%;font-family:'Trebuchet MS',sans-serif\">\n<p style=\"font-size:11px;letter-spacing:0.2em;text-transform:uppercase;color:#3a7a55;margin:0 0 8px\">O resumo<\/p>\n<h2 style=\"font-size:28px;font-weight:700;color:#1a3d2b;margin:0 0 40px\">Crie um companheiro de IA para a metodologia Brilliant Working<\/h2>\n<table style=\"width:100%;border-collapse:collapse\">\n<tr>\n<td style=\"width:50%;vertical-align:top;padding-right:12px\">\n<div style=\"background:white;border:0.5px solid #e2e6df;border-radius:8px;padding:28px\">\n<p style=\"font-size:13px;font-weight:700;color:#3a7a55;text-transform:uppercase;letter-spacing:0.08em;margin:0 0 16px\">Objetivo estrat\u00e9gico<\/p>\n<p style=\"font-size:14px;color:#6b6b6b;line-height:1.7;margin:3px 0\">- Agente de IA personalizado para a Baringa Management Consulting<\/p>\n<p style=\"font-size:14px;color:#6b6b6b;line-height:1.7;margin:3px 0\">- Desenvolvido para refor\u00e7ar a metodologia Brilliant Working<\/p>\n<p style=\"font-size:14px;color:#6b6b6b;line-height:1.7;margin:3px 0\">- Atua como acompanhante digital entre workshops e sess\u00f5es de treinamento<\/p>\n<\/div>\n<\/td>\n<td style=\"width:50%;vertical-align:top;padding-left:12px\">\n<div style=\"background:white;border:0.5px solid #e2e6df;border-radius:8px;padding:28px\">\n<p style=\"font-size:13px;font-weight:700;color:#3a7a55;text-transform:uppercase;letter-spacing:0.08em;margin:0 0 16px\">Capacita\u00e7\u00e3o nativa de IA<\/p>\n<p style=\"font-size:14px;color:#6b6b6b;line-height:1.7;margin:3px 0\">- Treinamento sob demanda para aumentar a velocidade, a qualidade e a ado\u00e7\u00e3o<\/p>\n<p style=\"font-size:14px;color:#6b6b6b;line-height:1.7;margin:3px 0\">- Integra\u00e7\u00e3o perfeita por meio da arquitetura segura do Microsoft Azure<\/p>\n<p style=\"font-size:14px;color:#6b6b6b;line-height:1.7;margin:3px 0\">- Conhecimento de dom\u00ednio incorporado e orienta\u00e7\u00e3o estruturada<\/p>\n<p style=\"font-size:14px;color:#6b6b6b;line-height:1.7;margin:3px 0\">- Instantaneamente escal\u00e1vel em ambientes de clientes<\/p>\n<\/div>\n<\/td>\n<\/tr>\n<\/table>\n<\/div>\n\n\n\n<div style=\"background:white;padding:64px 5%;box-sizing:border-box;width:100%;font-family:'Trebuchet MS',sans-serif\">\n<p style=\"font-size:11px;letter-spacing:0.2em;text-transform:uppercase;color:#3a7a55;margin:0 0 8px\">A importante mudan\u00e7a<\/p>\n<h2 style=\"font-size:28px;font-weight:700;color:#1a3d2b;margin:0 0 12px\">N\u00e3o \u00e9 um chatbot - uma camada de orquestra\u00e7\u00e3o de IA espec\u00edfica do dom\u00ednio<\/h2>\n<p style=\"font-size:15px;color:#6b6b6b;line-height:1.7;max-width:600px;margin:0 0 40px\">Sara combina metodologia, contexto e intelig\u00eancia do LLM de uma forma que um chatbot gen\u00e9rico n\u00e3o consegue. Ela conhece profundamente a estrutura do Brilliant Working e orienta os usu\u00e1rios por meio dela, e n\u00e3o ao redor dela.<\/p>\n<table style=\"width:100%;border-collapse:collapse;margin-bottom:24px\">\n<tr>\n<td style=\"width:33%;vertical-align:top;padding:8px\">\n<div style=\"background:#f4f9f5;border:0.5px solid #e2e6df;border-top:3px solid #3a7a55;border-radius:8px;padding:24px\">\n<p style=\"font-size:14px;font-weight:700;color:#1a3d2b;margin:0 0 8px\">Metodologia incorporada<\/p>\n<p style=\"font-size:13px;color:#6b6b6b;line-height:1.6;margin:0\">A estrutura do Brilliant Working \u00e9 incorporada em todas as intera\u00e7\u00f5es - Sara fornece orienta\u00e7\u00f5es espec\u00edficas sobre metodologia, n\u00e3o conselhos gen\u00e9ricos.<\/p>\n<\/div>\n<\/td>\n<td style=\"width:33%;vertical-align:top;padding:8px\">\n<div style=\"background:#f4f9f5;border:0.5px solid #e2e6df;border-top:3px solid #3a7a55;border-radius:8px;padding:24px\">\n<p style=\"font-size:14px;font-weight:700;color:#1a3d2b;margin:0 0 8px\">Consciente do contexto<\/p>\n<p style=\"font-size:13px;color:#6b6b6b;line-height:1.6;margin:0\">Sara entende onde o cliente est\u00e1 em sua jornada de transforma\u00e7\u00e3o e adapta sua orienta\u00e7\u00e3o de acordo com isso - entre as sess\u00f5es, n\u00e3o apenas durante elas.<\/p>\n<\/div>\n<\/td>\n<td style=\"width:33%;vertical-align:top;padding:8px\">\n<div style=\"background:#f4f9f5;border:0.5px solid #e2e6df;border-top:3px solid #3a7a55;border-radius:8px;padding:24px\">\n<p style=\"font-size:14px;font-weight:700;color:#1a3d2b;margin:0 0 8px\">Conhecimento humano ampliado<\/p>\n<p style=\"font-size:13px;color:#6b6b6b;line-height:1.6;margin:0\">Os consultores se concentram no trabalho de consultoria de alto valor, enquanto Sara cuida do refor\u00e7o sob demanda e da orienta\u00e7\u00e3o estruturada em escala.<\/p>\n<\/div>\n<\/td>\n<\/tr>\n<\/table>\n<div style=\"background:#1a3d2b;border-radius:8px;padding:32px\">\n<p style=\"font-size:14px;font-weight:700;color:#7ecfa0;margin:0 0 16px\">Implica\u00e7\u00f5es para a empresa<\/p>\n<table style=\"width:100%;border-collapse:collapse\">\n<tr>\n<td style=\"width:50%;vertical-align:top;padding:8px\">\n<p style=\"font-size:14px;color:#c5d9cc;line-height:1.6;margin:0;padding:12px;background:rgba(255,255,255,0.06);border-radius:6px\">As metodologias tornam-se ativos digitais escalon\u00e1veis, e n\u00e3o ficam presas na cabe\u00e7a dos consultores<\/p>\n<\/td>\n<td style=\"width:50%;vertical-align:top;padding:8px\">\n<p style=\"font-size:14px;color:#c5d9cc;line-height:1.6;margin:0;padding:12px;background:rgba(255,255,255,0.06);border-radius:6px\">O conhecimento de dom\u00ednio se torna um recurso incorporado \u00e0 IA que se expande infinitamente<\/p>\n<\/td>\n<\/tr>\n<tr>\n<td style=\"vertical-align:top;padding:8px\">\n<p style=\"font-size:14px;color:#c5d9cc;line-height:1.6;margin:0;padding:12px;background:rgba(255,255,255,0.06);border-radius:6px\">As organiza\u00e7\u00f5es criam seu pr\u00f3prio modelo operacional nativo de IA sem depend\u00eancia externa<\/p>\n<\/td>\n<td style=\"vertical-align:top;padding:8px\">\n<p style=\"font-size:14px;color:#c5d9cc;line-height:1.6;margin:0;padding:12px;background:rgba(255,255,255,0.06);border-radius:6px\">O conhecimento humano \u00e9 ampliado - e n\u00e3o substitu\u00eddo - pela IA que conhece sua metodologia<\/p>\n<\/td>\n<\/tr>\n<\/table>\n<\/div>\n<\/div>\n\n\n\n<div style=\"background:#f4f9f5;padding:64px 5%;box-sizing:border-box;width:100%;font-family:'Trebuchet MS',sans-serif\">\n<p style=\"font-size:11px;letter-spacing:0.2em;text-transform:uppercase;color:#3a7a55;margin:0 0 8px\">Al\u00e9m da excel\u00eancia operacional<\/p>\n<h2 style=\"font-size:28px;font-weight:700;color:#1a3d2b;margin:0 0 12px\">Essa abordagem \u00e9 transfer\u00edvel entre dom\u00ednios<\/h2>\n<p style=\"font-size:15px;color:#6b6b6b;line-height:1.7;max-width:600px;margin:0 0 40px\">O modelo Sara - um agente de IA personalizado treinado em uma metodologia pr\u00f3pria - pode ser aplicado sempre que uma organiza\u00e7\u00e3o tiver um conhecimento profundo do dom\u00ednio que deseja dimensionar.<\/p>\n<table style=\"width:100%;border-collapse:collapse\">\n<tr>\n<td style=\"width:33%;vertical-align:top;padding:8px\">\n<div style=\"background:white;border:0.5px solid #e2e6df;border-radius:8px;padding:20px;display:flex;align-items:center;gap:12px\">\n<svg width=\"36\" height=\"36\" viewbox=\"0 0 36 36\" fill=\"none\" style=\"flex-shrink:0\"><circle cx=\"18\" cy=\"18\" r=\"14\" stroke=\"#1a3d2b\" stroke-width=\"2\" fill=\"none\"\/><circle cx=\"18\" cy=\"18\" r=\"7\" stroke=\"#3a7a55\" stroke-width=\"1.5\" fill=\"none\"\/><circle cx=\"18\" cy=\"18\" r=\"2\" fill=\"#1a3d2b\"\/><\/svg>\n<span style=\"font-size:14px;font-weight:700;color:#1a3d2b\">Execu\u00e7\u00e3o da estrat\u00e9gia<\/span>\n<\/div>\n<\/td>\n<td style=\"width:33%;vertical-align:top;padding:8px\">\n<div style=\"background:white;border:0.5px solid #e2e6df;border-radius:8px;padding:20px;display:flex;align-items:center;gap:12px\">\n<svg width=\"36\" height=\"36\" viewbox=\"0 0 36 36\" fill=\"none\" style=\"flex-shrink:0\"><rect x=\"4\" y=\"4\" width=\"28\" height=\"28\" rx=\"3\" stroke=\"#1a3d2b\" stroke-width=\"2\" fill=\"none\"\/><path d=\"M10 18 L15 23 L26 12\" stroke=\"#3a7a55\" stroke-width=\"2.5\" stroke-linecap=\"round\" stroke-linejoin=\"round\"\/><\/svg>\n<span style=\"font-size:14px;font-weight:700;color:#1a3d2b\">Risco e conformidade<\/span>\n<\/div>\n<\/td>\n<td style=\"width:33%;vertical-align:top;padding:8px\">\n<div style=\"background:white;border:0.5px solid #e2e6df;border-radius:8px;padding:20px;display:flex;align-items:center;gap:12px\">\n<svg width=\"36\" height=\"36\" viewbox=\"0 0 36 36\" fill=\"none\" style=\"flex-shrink:0\"><circle cx=\"15\" cy=\"15\" r=\"9\" stroke=\"#1a3d2b\" stroke-width=\"2\" fill=\"none\"\/><line x1=\"21.5\" y1=\"21.5\" x2=\"30\" y2=\"30\" stroke=\"#1a3d2b\" stroke-width=\"2.5\" stroke-linecap=\"round\"\/><line x1=\"10\" y1=\"15\" x2=\"20\" y2=\"15\" stroke=\"#3a7a55\" stroke-width=\"2\" stroke-linecap=\"round\"\/><\/svg>\n<span style=\"font-size:14px;font-weight:700;color:#1a3d2b\">Auditoria<\/span>\n<\/div>\n<\/td>\n<\/tr>\n<tr>\n<td style=\"vertical-align:top;padding:8px\">\n<div style=\"background:white;border:0.5px solid #e2e6df;border-radius:8px;padding:20px;display:flex;align-items:center;gap:12px\">\n<svg width=\"36\" height=\"36\" viewbox=\"0 0 36 36\" fill=\"none\" style=\"flex-shrink:0\"><rect x=\"4\" y=\"8\" width=\"28\" height=\"20\" rx=\"2\" stroke=\"#1a3d2b\" stroke-width=\"2\" fill=\"none\"\/><rect x=\"9\" y=\"17\" width=\"5\" height=\"7\" rx=\"1\" fill=\"#7ecfa0\"\/><rect x=\"18\" y=\"20\" width=\"5\" height=\"4\" rx=\"1\" fill=\"#3a7a55\"\/><\/svg>\n<span style=\"font-size:14px;font-weight:700;color:#1a3d2b\">Programas de transforma\u00e7\u00e3o<\/span>\n<\/div>\n<\/td>\n<td style=\"vertical-align:top;padding:8px\">\n<div style=\"background:white;border:0.5px solid #e2e6df;border-radius:8px;padding:20px;display:flex;align-items:center;gap:12px\">\n<svg width=\"36\" height=\"36\" viewbox=\"0 0 36 36\" fill=\"none\" style=\"flex-shrink:0\"><rect x=\"4\" y=\"22\" width=\"5\" height=\"8\" rx=\"1\" fill=\"#7ecfa0\"\/><rect x=\"13\" y=\"14\" width=\"5\" height=\"16\" rx=\"1\" fill=\"#3a7a55\"\/><rect x=\"22\" y=\"8\" width=\"5\" height=\"22\" rx=\"1\" fill=\"#1a3d2b\"\/><\/svg>\n<span style=\"font-size:14px;font-weight:700;color:#1a3d2b\">Metodologias do setor<\/span>\n<\/div>\n<\/td>\n<td style=\"vertical-align:top;padding:8px\">\n<div style=\"background:white;border:0.5px solid #e2e6df;border-radius:8px;padding:20px;display:flex;align-items:center;gap:12px\">\n<svg width=\"36\" height=\"36\" viewbox=\"0 0 36 36\" fill=\"none\" style=\"flex-shrink:0\"><circle cx=\"18\" cy=\"18\" r=\"14\" stroke=\"#1a3d2b\" stroke-width=\"2\" fill=\"none\"\/><ellipse cx=\"18\" cy=\"18\" rx=\"6\" ry=\"14\" stroke=\"#3a7a55\" stroke-width=\"1.5\" fill=\"none\"\/><line x1=\"4\" y1=\"18\" x2=\"32\" y2=\"18\" stroke=\"#1a3d2b\" stroke-width=\"1.5\"\/><\/svg>\n<span style=\"font-size:14px;font-weight:700;color:#1a3d2b\">Novos modelos de neg\u00f3cios de IA<\/span>\n<\/div>\n<\/td>\n<\/tr>\n<\/table>\n<\/div>\n\n\n\n<div style=\"background:white;padding:64px 5%;box-sizing:border-box;width:100%;font-family:'Trebuchet MS',sans-serif\">\n<div style=\"max-width:720px;margin:0 auto;text-align:center\">\n<div style=\"font-size:48px;color:#3a7a55;line-height:1;margin-bottom:24px\">\u201c<\/div>\n<p style=\"font-size:18px;color:#1a3d2b;line-height:1.7;font-style:italic;font-weight:500;margin:0 0 24px\">O m\u00e9todo Brilliant Working foi implementado por clientes da Baringa em todo o mundo por mais de uma d\u00e9cada, ajudando consistentemente as organiza\u00e7\u00f5es a incorporar maneiras eficazes e sustent\u00e1veis de trabalhar em equipes, processos e cultura. Nossa colabora\u00e7\u00e3o com a Einklang tem sido fant\u00e1stica. Sua profunda experi\u00eancia em excel\u00eancia operacional e IA elevou a metodologia a um novo patamar com Sara, tornando-a pr\u00e1tica, relevante e impactante na era da IA.<\/p>\n<div style=\"width:48px;height:2px;background:#3a7a55;margin:0 auto 24px\"><\/div>\n<p style=\"font-size:14px;font-weight:700;color:#1a3d2b;margin:0 0 4px\">James Lascelles<\/p>\n<p style=\"font-size:13px;color:#6b6b6b;margin:0\">Cofundador, Brilliant Working Ltd<\/p>\n<\/div>\n<\/div>\n\n\n\n<div style=\"background:#f4f9f5;padding:64px 5%;box-sizing:border-box;width:100%;font-family:'Trebuchet MS',sans-serif\">\n<p style=\"font-size:11px;letter-spacing:0.2em;text-transform:uppercase;color:#3a7a55;margin:0 0 8px\">Tamb\u00e9m da Brilliant Working<\/p>\n<h2 style=\"font-size:24px;font-weight:700;color:#1a3d2b;margin:0 0 16px\">e-Learning e certifica\u00e7\u00e3o LCS Lean Practitioner<\/h2>\n<p style=\"font-size:15px;color:#6b6b6b;line-height:1.7;margin:0 0 16px\">Juntamente com Sara, a Brilliant Working desenvolveu programas intuitivos de e-learning que conduzem os profissionais pela metodologia da Brilliant Working em seu pr\u00f3prio ritmo. Os profissionais podem ser certificados como <strong style=\"color:#1a3d2b\">Praticantes de Lean do LCS<\/strong> - credenciado pelo Sistema de Compet\u00eancia Lean, uma estrutura reconhecida mundialmente para a certifica\u00e7\u00e3o Lean.<\/p>\n<p style=\"font-size:15px;color:#6b6b6b;line-height:1.7;margin:0 0 24px\">Se sua organiza\u00e7\u00e3o utiliza o m\u00e9todo Brilliant Working ou o Sistema de Compet\u00eancia Lean, o Brilliant Working \u00e9 o ponto de partida.<\/p>\n<a href=\"https:\/\/brilliantworking.com\/\" target=\"_blank\" style=\"background:#3a7a55;color:white;padding:13px 26px;border-radius:4px;font-size:14px;font-weight:700;text-decoration:none;font-family:'Trebuchet MS',sans-serif\">Visite Brilliant Working \u2192<\/a>\n<\/div>\n\n\n\n<div style=\"background:#eaf4ee;padding:64px 5%;box-sizing:border-box;width:100%;text-align:center;font-family:'Trebuchet MS',sans-serif\">\n<h2 style=\"font-size:26px;font-weight:700;color:#1a3d2b;margin:0 0 12px\">Deseja criar seu pr\u00f3prio agente personalizado?<\/h2>\n<p style=\"font-size:15px;color:#2d6647;margin:0 0 32px\">Agende uma chamada para explorar como podemos incorporar sua metodologia em um agente de IA personalizado.<\/p>\n<div style=\"display:flex;gap:12px;justify-content:center;flex-wrap:wrap\">\n<a href=\"https:\/\/calendly.com\/aslamjilani-einklangacademy\/30min\" style=\"background:#3a7a55;color:white;padding:14px 32px;border-radius:4px;font-size:15px;font-weight:700;text-decoration:none;font-family:'Trebuchet MS',sans-serif\">Agende uma chamada de descoberta<\/a>\n<a href=\"\/pt\/case-study-komax\/\" style=\"background:white;color:#1a3d2b;padding:13px 28px;border:1px solid #b0c8b8;border-radius:4px;font-size:15px;font-weight:700;text-decoration:none;font-family:'Trebuchet MS',sans-serif\">Leia: Estudo de caso da Komax \u2192<\/a>\n<\/div>\n<\/div>","protected":false},"excerpt":{"rendered":"<p>Case Study From methodology support to scalable AI platform \u2014 Sara by Brilliant Working How Einklang built a fully custom AI agent for Baringa Management Consulting \u2014 trained on the Brilliant Working methodology and deployed across client engagements via secure Microsoft Azure architecture. Custom AI Domain orchestration layer Azure Secure enterprise architecture 100% Methodology scaled&#8230;<\/p>","protected":false},"author":2,"featured_media":0,"parent":0,"menu_order":0,"comment_status":"closed","ping_status":"closed","template":"","meta":{"_uag_custom_page_level_css":"","_kadence_starter_templates_imported_post":false,"_kad_post_transparent":"","_kad_post_title":"","_kad_post_layout":"fullwidth","_kad_post_sidebar_id":"","_kad_post_content_style":"","_kad_post_vertical_padding":"","_kad_post_feature":"","_kad_post_feature_position":"","_kad_post_header":false,"_kad_post_footer":false,"_kad_post_classname":"","footnotes":""},"class_list":["post-4834","page","type-page","status-publish","hentry"],"uagb_featured_image_src":{"full":false,"thumbnail":false,"medium":false,"medium_large":false,"large":false,"1536x1536":false,"2048x2048":false,"trp-custom-language-flag":false},"uagb_author_info":{"display_name":"Aslam Jilani","author_link":"https:\/\/einklang-academy.com\/pt\/author\/aslam-jilani\/"},"uagb_comment_info":0,"uagb_excerpt":"Case Study From methodology support to scalable AI platform \u2014 Sara by Brilliant Working How Einklang built a fully custom AI agent for Baringa Management Consulting \u2014 trained on the Brilliant Working methodology and deployed across client engagements via secure Microsoft Azure architecture. Custom AI Domain orchestration layer Azure Secure enterprise architecture 100% Methodology scaled...","_links":{"self":[{"href":"https:\/\/einklang-academy.com\/pt\/wp-json\/wp\/v2\/pages\/4834","targetHints":{"allow":["GET"]}}],"collection":[{"href":"https:\/\/einklang-academy.com\/pt\/wp-json\/wp\/v2\/pages"}],"about":[{"href":"https:\/\/einklang-academy.com\/pt\/wp-json\/wp\/v2\/types\/page"}],"author":[{"embeddable":true,"href":"https:\/\/einklang-academy.com\/pt\/wp-json\/wp\/v2\/users\/2"}],"replies":[{"embeddable":true,"href":"https:\/\/einklang-academy.com\/pt\/wp-json\/wp\/v2\/comments?post=4834"}],"version-history":[{"count":3,"href":"https:\/\/einklang-academy.com\/pt\/wp-json\/wp\/v2\/pages\/4834\/revisions"}],"predecessor-version":[{"id":4869,"href":"https:\/\/einklang-academy.com\/pt\/wp-json\/wp\/v2\/pages\/4834\/revisions\/4869"}],"wp:attachment":[{"href":"https:\/\/einklang-academy.com\/pt\/wp-json\/wp\/v2\/media?parent=4834"}],"curies":[{"name":"wp","href":"https:\/\/api.w.org\/{rel}","templated":true}]}}