{"id":4828,"date":"2026-05-06T20:51:27","date_gmt":"2026-05-06T18:51:27","guid":{"rendered":"https:\/\/einklang-academy.com\/?page_id=4828"},"modified":"2026-05-07T08:39:58","modified_gmt":"2026-05-07T06:39:58","slug":"about","status":"publish","type":"page","link":"https:\/\/einklang-academy.com\/pt\/about\/","title":{"rendered":"Sobre"},"content":{"rendered":"<div style=\"background:#1a3d2b;padding:72px 5%;box-sizing:border-box;width:100%;font-family:'Trebuchet MS',sans-serif\">\n<p style=\"font-size:11px;letter-spacing:0.2em;text-transform:uppercase;color:#7ecfa0;margin:0 0 16px\">Sobre a Einklang<\/p>\n<div style=\"font-size:32px;font-weight:700;color:white;line-height:1.3;max-width:700px;margin:0 0 20px;font-family:'Trebuchet MS',sans-serif\">Criado por profissionais, para profissionais - <span style=\"color:#7ecfa0\">com um objetivo claro.<\/span><\/div>\n<p style=\"font-size:16px;color:#a8c9b5;line-height:1.7;max-width:560px;margin:0\">Criamos a Einklang porque percebemos o mesmo problema em todos os lugares: metodologia de excel\u00eancia operacional de classe mundial trancada em contratos de consultoria caros, inacess\u00edvel \u00e0s organiza\u00e7\u00f5es que mais precisam dela.<\/p>\n<\/div>\n\n\n\n<div style=\"background:#f4f9f5;padding:64px 5%;box-sizing:border-box;width:100%;font-family:'Trebuchet MS',sans-serif\">\n<p style=\"font-size:11px;letter-spacing:0.2em;text-transform:uppercase;color:#3a7a55;margin:0 0 8px\">Por que existimos<\/p>\n<h2 style=\"font-size:28px;font-weight:700;color:#1a3d2b;margin:0 0 40px\">Nossa vis\u00e3o e miss\u00e3o<\/h2>\n<table style=\"width:100%;border-collapse:collapse\">\n<tr>\n<td style=\"width:50%;vertical-align:top;padding-right:12px\">\n<div style=\"background:white;border:0.5px solid #e2e6df;border-top:3px solid #3a7a55;border-radius:8px;padding:24px\">\n<p style=\"font-size:10px;letter-spacing:0.18em;text-transform:uppercase;color:#3a7a55;margin:0 0 8px\">Vis\u00e3o<\/p>\n<p style=\"font-size:15px;font-weight:700;color:#1a3d2b;margin:0 0 8px\">OE para todos<\/p>\n<p style=\"font-size:14px;color:#6b6b6b;line-height:1.6;margin:0\">Um mundo onde todas as organiza\u00e7\u00f5es - desde uma PME de S\u00e3o Paulo at\u00e9 um grupo industrial su\u00ed\u00e7o - podem acessar e aplicar uma metodologia de excel\u00eancia operacional de classe mundial.<\/p>\n<\/div>\n<\/td>\n<td style=\"width:50%;vertical-align:top;padding-left:12px\">\n<div style=\"background:white;border:0.5px solid #e2e6df;border-top:3px solid #3a7a55;border-radius:8px;padding:24px\">\n<p style=\"font-size:10px;letter-spacing:0.18em;text-transform:uppercase;color:#3a7a55;margin:0 0 8px\">Miss\u00e3o<\/p>\n<p style=\"font-size:15px;font-weight:700;color:#1a3d2b;margin:0 0 8px\">Incorporar a IA na forma como o trabalho melhora<\/p>\n<p style=\"font-size:14px;color:#6b6b6b;line-height:1.6;margin:0\">Criamos ferramentas nativas de IA e programas de aprendizagem certificados que colocam a capacidade de OE diretamente nas m\u00e3os dos profissionais, n\u00e3o apenas dos consultores.<\/p>\n<\/div>\n<\/td>\n<\/tr>\n<\/table>\n<\/div>\n\n\n\n<div style=\"background:white;padding:64px 5%;box-sizing:border-box;width:100%;font-family:'Trebuchet MS',sans-serif\">\n<p style=\"font-size:11px;letter-spacing:0.2em;text-transform:uppercase;color:#3a7a55;margin:0 0 8px\">A equipe<\/p>\n<h2 style=\"font-size:28px;font-weight:700;color:#1a3d2b;margin:0 0 40px\">Fundadores<\/h2>\n<table style=\"width:100%;border-collapse:collapse;margin-bottom:48px\">\n<tr>\n<td style=\"width:33%;vertical-align:top;padding-right:16px\">\n<img decoding=\"async\" src=\"https:\/\/einklang-academy.com\/wp-content\/uploads\/2026\/05\/Aslam.jpeg\" style=\"width:80px;height:80px;border-radius:50%;object-fit:cover;margin-bottom:16px;display:block\" alt=\"Aslam Jilani\">\n<p style=\"font-size:17px;font-weight:700;color:#1a3d2b;margin:0 0 4px\">Aslam Jilani<\/p>\n<p style=\"font-size:13px;color:#3a7a55;font-weight:700;margin:0 0 8px\">CEO e fundador<\/p>\n<p style=\"font-size:13px;color:#6b6b6b;line-height:1.6;margin:0 0 8px\">Zurique, Su\u00ed\u00e7a<\/p>\n<p style=\"font-size:14px;color:#6b6b6b;line-height:1.6;margin:0\">30 anos conduzindo melhorias cont\u00ednuas na GE, IBM e Shell. Especialista em gerenciamento de partes interessadas complexas nos setores de energia, finan\u00e7as e tecnologia. Fundou a Einklang para tornar a OE de classe mundial acess\u00edvel em escala.<\/p>\n<\/td>\n<td style=\"width:33%;vertical-align:top;padding:0 8px\">\n<img decoding=\"async\" src=\"https:\/\/einklang-academy.com\/wp-content\/uploads\/2026\/05\/Andre-short-2.jpeg\" style=\"width:80px;height:80px;border-radius:50%;object-fit:cover;margin-bottom:16px;display:block\" alt=\"Andre Andreazzi\">\n<p style=\"font-size:17px;font-weight:700;color:#1a3d2b;margin:0 0 4px\">Andre Andreazzi<\/p>\n<p style=\"font-size:13px;color:#3a7a55;font-weight:700;margin:0 0 8px\">L\u00edder e cofundador da Am\u00e9rica Latina<\/p>\n<p style=\"font-size:13px;color:#6b6b6b;line-height:1.6;margin:0 0 8px\">S\u00e3o Paulo, Brasil<\/p>\n<p style=\"font-size:14px;color:#6b6b6b;line-height:1.6;margin:0\">28 anos liderando transforma\u00e7\u00f5es na McKinsey, IBM e HP. MBA em IA e Big Data pela USP. Lidera a expans\u00e3o da Einklang no Brasil e na Am\u00e9rica Latina.<\/p>\n<\/td>\n<td style=\"width:33%;vertical-align:top;padding-left:16px\">\n<img decoding=\"async\" src=\"https:\/\/einklang-academy.com\/wp-content\/uploads\/2026\/05\/Diego.jpeg\" style=\"width:80px;height:80px;border-radius:50%;object-fit:cover;object-position:center top;margin-bottom:16px;display:block\" alt=\"Diego Castillo\">\n<p style=\"font-size:17px;font-weight:700;color:#1a3d2b;margin:0 0 4px\">Diego Castillo<\/p>\n<p style=\"font-size:13px;color:#3a7a55;font-weight:700;margin:0 0 8px\">CTO e cofundador<\/p>\n<p style=\"font-size:13px;color:#6b6b6b;line-height:1.6;margin:0 0 8px\">Utrecht, Holanda<\/p>\n<p style=\"font-size:14px;color:#6b6b6b;line-height:1.6;margin:0\">Ex-gerente digital s\u00eanior da McKinsey, com 20 anos de plataformas de tecnologia de dimensionamento. Liderou solu\u00e7\u00f5es de IA e nuvem que atingiram mais de 20 milh\u00f5es de usu\u00e1rios. Lidera a arquitetura por tr\u00e1s da plataforma Einklang Agent.<\/p>\n<\/td>\n<\/tr>\n<\/table>\n<div style=\"padding-top:32px\">\n<div style=\"max-width:360px\">\n<img decoding=\"async\" src=\"https:\/\/einklang-academy.com\/wp-content\/uploads\/2026\/05\/Philipp.jpeg\" style=\"width:80px;height:80px;border-radius:50%;object-fit:cover;margin-bottom:16px;display:block\" alt=\"Philipp Bubenzer\">\n<p style=\"font-size:17px;font-weight:700;color:#1a3d2b;margin:0 0 4px\">Philipp Bubenzer<\/p>\n<p style=\"font-size:13px;color:#3a7a55;font-weight:700;margin:0 0 8px\">Cofundador e l\u00edder acad\u00eamico<\/p>\n<p style=\"font-size:13px;color:#6b6b6b;line-height:1.6;margin:0 0 8px\">HEG-FR \/ ETH Zurique<\/p>\n<p style=\"font-size:14px;color:#6b6b6b;line-height:1.6;margin:0\">Mais de 25 anos em Deep Tech. Professor da HEG-FR e pesquisador da ETH Zurich. Especialista em gest\u00e3o e escalonamento de inova\u00e7\u00e3o - traz o rigor acad\u00eamico que sustenta a metodologia e a estrutura de certifica\u00e7\u00e3o da Einklang.<\/p>\n<\/div>\n<\/div>\n<\/div>\n\n\n\n<div style=\"background:#f4f9f5;padding:64px 5%;box-sizing:border-box;width:100%;font-family:'Trebuchet MS',sans-serif\">\n<p style=\"font-size:11px;letter-spacing:0.2em;text-transform:uppercase;color:#3a7a55;margin:0 0 8px\">Ecossistema<\/p>\n<h2 style=\"font-size:28px;font-weight:700;color:#1a3d2b;margin:0 0 12px\">Parceiros e consultores<\/h2>\n<p style=\"font-size:15px;color:#6b6b6b;line-height:1.7;max-width:560px;margin:0 0 40px\">Trabalhamos com organiza\u00e7\u00f5es que compartilham nossa cren\u00e7a de que a excel\u00eancia operacional deve ser acess\u00edvel a todos.<\/p>\n<table style=\"width:100%;border-collapse:collapse\">\n<tr>\n<td style=\"width:33%;vertical-align:top;padding:8px\">\n<div style=\"background:white;border:0.5px solid #e2e6df;border-radius:8px;padding:28px\">\n<p style=\"font-size:16px;font-weight:700;color:#1a3d2b;margin:0 0 6px\">Swissmem<\/p>\n<p style=\"font-size:12px;color:#3a7a55;font-weight:700;text-transform:uppercase;letter-spacing:0.08em;margin:0 0 12px\">Parceiro estrat\u00e9gico - ind\u00fastria su\u00ed\u00e7a<\/p>\n<p style=\"font-size:14px;color:#6b6b6b;line-height:1.6;margin:0\">A principal associa\u00e7\u00e3o industrial da Su\u00ed\u00e7a, com 1.300 empresas associadas. Mais de 160 l\u00edderes certificados pela Einklang, com CHF 3,8 milh\u00f5es em impacto medido entre os membros.<\/p>\n<\/div>\n<\/td>\n<td style=\"width:33%;vertical-align:top;padding:8px\">\n<div style=\"background:white;border:0.5px solid #e2e6df;border-radius:8px;padding:28px\">\n<p style=\"font-size:16px;font-weight:700;color:#1a3d2b;margin:0 0 6px\">Brilliant Working Ltd<\/p>\n<p style=\"font-size:12px;color:#3a7a55;font-weight:700;text-transform:uppercase;letter-spacing:0.08em;margin:0 0 12px\">Parceiro de implementa\u00e7\u00e3o de refer\u00eancia<\/p>\n<p style=\"font-size:14px;color:#6b6b6b;line-height:1.6;margin:0\">A organiza\u00e7\u00e3o por tr\u00e1s da metodologia Brilliant Working. A Einklang criou o Sara, um agente de IA totalmente personalizado treinado em sua estrutura propriet\u00e1ria, como a implementa\u00e7\u00e3o de refer\u00eancia do Customer Agent.<\/p>\n<\/div>\n<\/td>\n<td style=\"width:33%;vertical-align:top;padding:8px\">\n<div style=\"background:white;border:0.5px solid #e2e6df;border-radius:8px;padding:28px\">\n<p style=\"font-size:16px;font-weight:700;color:#1a3d2b;margin:0 0 6px\">kyro<\/p>\n<p style=\"font-size:12px;color:#3a7a55;font-weight:700;text-transform:uppercase;letter-spacing:0.08em;margin:0 0 12px\">Parceiro de tecnologia VSM<\/p>\n<p style=\"font-size:14px;color:#6b6b6b;line-height:1.6;margin:0\">Ferramenta de mapeamento de fluxo de valor digital incorporada ao m\u00f3dulo VSM do Einklang Skill Build. O kyro permite que os profissionais criem e compartilhem mapas de processos em tempo real como parte de seu trabalho de aprimoramento.<\/p>\n<\/div>\n<\/td>\n<\/tr>\n<\/table>\n<\/div>\n\n\n\n<div style=\"background:#1a3d2b;padding:64px 5%;box-sizing:border-box;width:100%;font-family:'Trebuchet MS',sans-serif\">\n<p style=\"font-size:11px;letter-spacing:0.2em;text-transform:uppercase;color:#7ecfa0;margin:0 0 8px\">Onde operamos<\/p>\n<h2 style=\"font-size:28px;font-weight:700;color:white;margin:0 0 12px\">DACH e LatAm - com alcance global<\/h2>\n<p style=\"font-size:15px;color:#a8c9b5;line-height:1.7;max-width:560px;margin:0 0 40px\">Sediada em Zurique, com equipes em S\u00e3o Paulo e Utrecht. Atendemos clientes na Su\u00ed\u00e7a, Alemanha, \u00c1ustria, Brasil e em toda a regi\u00e3o da Am\u00e9rica Latina.<\/p>\n<table style=\"width:100%;border-collapse:collapse\">\n<tr>\n<td style=\"width:33%;vertical-align:top;padding:8px\">\n<div style=\"background:rgba(255,255,255,0.07);border:0.5px solid rgba(255,255,255,0.12);border-radius:8px;padding:24px\">\n<div style=\"font-size:28px;margin-bottom:12px\">\ud83c\udde8\ud83c\udded<\/div>\n<p style=\"font-size:15px;font-weight:700;color:white;margin:0 0 6px\">Su\u00ed\u00e7a - \u00e2ncora DACH<\/p>\n<p style=\"font-size:13px;color:#8bbda0;line-height:1.5;margin:0\">Sede em Zurique. Parceria Swissmem. Foco no setor industrial su\u00ed\u00e7o.<\/p>\n<\/div>\n<\/td>\n<td style=\"width:33%;vertical-align:top;padding:8px\">\n<div style=\"background:rgba(255,255,255,0.07);border:0.5px solid rgba(255,255,255,0.12);border-radius:8px;padding:24px\">\n<div style=\"font-size:28px;margin-bottom:12px\">\ud83c\udde7\ud83c\uddf7<\/div>\n<p style=\"font-size:15px;font-weight:700;color:white;margin:0 0 6px\">Brasil - mercado em crescimento na Am\u00e9rica Latina<\/p>\n<p style=\"font-size:13px;color:#8bbda0;line-height:1.5;margin:0\">Andre Andreazzi lidera de S\u00e3o Paulo. Pipeline ativo do Consulado Su\u00ed\u00e7o de S\u00e3o Paulo e do LATC Mannheim 2026.<\/p>\n<\/div>\n<\/td>\n<td style=\"width:33%;vertical-align:top;padding:8px\">\n<div style=\"background:rgba(255,255,255,0.07);border:0.5px solid rgba(255,255,255,0.12);border-radius:8px;padding:24px\">\n<div style=\"font-size:28px;margin-bottom:12px\">\ud83c\uddec\ud83c\udde7<\/div>\n<p style=\"font-size:15px;font-weight:700;color:white;margin:0 0 6px\">UE \/ Reino Unido - mercado adjacente<\/p>\n<p style=\"font-size:13px;color:#8bbda0;line-height:1.5;margin:0\">Caso de refer\u00eancia da Brilliant Working Ltd. Crescimento do pipeline de clientes corporativos europeus.<\/p>\n<\/div>\n<\/td>\n<\/tr>\n<\/table>\n<\/div>\n\n\n\n<div style=\"background:#eaf4ee;padding:64px 5%;box-sizing:border-box;width:100%;text-align:center;font-family:'Trebuchet MS',sans-serif\">\n<h2 style=\"font-size:26px;font-weight:700;color:#1a3d2b;margin:0 0 12px\">Quer saber mais sobre a Einklang?<\/h2>\n<p style=\"font-size:15px;color:#2d6647;margin:0 0 32px\">Agende uma chamada de 30 minutos com Aslam - sem compromisso, apenas uma conversa.<\/p>\n<a href=\"https:\/\/calendly.com\/aslamjilani-einklangacademy\/30min\" style=\"background:#3a7a55;color:white;padding:14px 32px;border-radius:4px;font-size:15px;font-weight:700;text-decoration:none;font-family:'Trebuchet MS',sans-serif\">Agende uma chamada<\/a>\n<\/div>","protected":false},"excerpt":{"rendered":"<p>About Einklang Built by practitioners, for practitioners \u2014 with a clear purpose. We started Einklang because we saw the same problem everywhere: world-class operational excellence methodology locked inside expensive consulting engagements, inaccessible to the organisations that need it most. Why we exist Our vision &#038; mission Vision OE for everyone A world where every organisation&#8230;<\/p>","protected":false},"author":2,"featured_media":0,"parent":0,"menu_order":0,"comment_status":"closed","ping_status":"closed","template":"","meta":{"_uag_custom_page_level_css":"","_kadence_starter_templates_imported_post":false,"_kad_post_transparent":"","_kad_post_title":"","_kad_post_layout":"fullwidth","_kad_post_sidebar_id":"","_kad_post_content_style":"","_kad_post_vertical_padding":"","_kad_post_feature":"","_kad_post_feature_position":"","_kad_post_header":false,"_kad_post_footer":false,"_kad_post_classname":"","footnotes":""},"class_list":["post-4828","page","type-page","status-publish","hentry"],"uagb_featured_image_src":{"full":false,"thumbnail":false,"medium":false,"medium_large":false,"large":false,"1536x1536":false,"2048x2048":false,"trp-custom-language-flag":false},"uagb_author_info":{"display_name":"Aslam Jilani","author_link":"https:\/\/einklang-academy.com\/pt\/author\/aslam-jilani\/"},"uagb_comment_info":0,"uagb_excerpt":"About Einklang Built by practitioners, for practitioners \u2014 with a clear purpose. We started Einklang because we saw the same problem everywhere: world-class operational excellence methodology locked inside expensive consulting engagements, inaccessible to the organisations that need it most. Why we exist Our vision &#038; mission Vision OE for everyone A world where every organisation...","_links":{"self":[{"href":"https:\/\/einklang-academy.com\/pt\/wp-json\/wp\/v2\/pages\/4828","targetHints":{"allow":["GET"]}}],"collection":[{"href":"https:\/\/einklang-academy.com\/pt\/wp-json\/wp\/v2\/pages"}],"about":[{"href":"https:\/\/einklang-academy.com\/pt\/wp-json\/wp\/v2\/types\/page"}],"author":[{"embeddable":true,"href":"https:\/\/einklang-academy.com\/pt\/wp-json\/wp\/v2\/users\/2"}],"replies":[{"embeddable":true,"href":"https:\/\/einklang-academy.com\/pt\/wp-json\/wp\/v2\/comments?post=4828"}],"version-history":[{"count":4,"href":"https:\/\/einklang-academy.com\/pt\/wp-json\/wp\/v2\/pages\/4828\/revisions"}],"predecessor-version":[{"id":4866,"href":"https:\/\/einklang-academy.com\/pt\/wp-json\/wp\/v2\/pages\/4828\/revisions\/4866"}],"wp:attachment":[{"href":"https:\/\/einklang-academy.com\/pt\/wp-json\/wp\/v2\/media?parent=4828"}],"curies":[{"name":"wp","href":"https:\/\/api.w.org\/{rel}","templated":true}]}}