{"id":4826,"date":"2026-05-06T20:51:06","date_gmt":"2026-05-06T18:51:06","guid":{"rendered":"https:\/\/einklang-academy.com\/?page_id=4826"},"modified":"2026-05-07T08:38:32","modified_gmt":"2026-05-07T06:38:32","slug":"custom-agents","status":"publish","type":"page","link":"https:\/\/einklang-academy.com\/pt\/custom-agents\/","title":{"rendered":"Agentes alfandeg\u00e1rios"},"content":{"rendered":"<div style=\"background:#1a3d2b;padding:72px 5%;box-sizing:border-box;width:100%;font-family:'Trebuchet MS',sans-serif\">\n<p style=\"font-size:11px;letter-spacing:0.2em;text-transform:uppercase;color:#7ecfa0;margin:0 0 16px\">Agentes alfandeg\u00e1rios<\/p>\n<div style=\"font-size:32px;font-weight:700;color:white;line-height:1.3;max-width:680px;margin:0 0 20px;font-family:'Trebuchet MS',sans-serif\">Sua metodologia. Seu conhecimento. <span style=\"color:#7ecfa0\">Incorporado na IA.<\/span><\/div>\n<p style=\"font-size:16px;color:#a8c9b5;line-height:1.7;max-width:560px;margin:0 0 32px\">Um Custom Agent \u00e9 uma IA espec\u00edfica de um dom\u00ednio criada com base na metodologia propriet\u00e1ria de sua organiza\u00e7\u00e3o, e n\u00e3o um chatbot gen\u00e9rico. Ele amplia a sua experi\u00eancia entre equipes, regi\u00f5es geogr\u00e1ficas e fusos hor\u00e1rios, sem aumentar o n\u00famero de funcion\u00e1rios.<\/p>\n<div style=\"display:flex;gap:12px;flex-wrap:wrap;margin-bottom:32px\">\n<a href=\"https:\/\/calendly.com\/aslamjilani-einklangacademy\/30min\" style=\"background:#3a7a55;color:white;padding:13px 26px;border-radius:4px;font-size:14px;font-weight:700;text-decoration:none;font-family:'Trebuchet MS',sans-serif\">Agende uma chamada de descoberta<\/a>\n<\/div>\n<table style=\"border-collapse:collapse\">\n<tr>\n<td style=\"padding-right:24px;vertical-align:middle\">\n<div style=\"background:rgba(255,255,255,0.08);border:0.5px solid rgba(255,255,255,0.15);border-radius:8px;padding:16px 24px;text-align:center\">\n<div style=\"font-size:20px;font-weight:700;color:#7ecfa0\">Sara<\/div>\n<div style=\"font-size:11px;color:#a8c9b5;margin-top:4px\">Implementa\u00e7\u00e3o de refer\u00eancia<\/div>\n<\/div>\n<\/td>\n<td style=\"padding-right:24px;vertical-align:middle\">\n<div style=\"background:rgba(255,255,255,0.08);border:0.5px solid rgba(255,255,255,0.15);border-radius:8px;padding:16px 24px;text-align:center\">\n<div style=\"font-size:20px;font-weight:700;color:#7ecfa0\">Azure<\/div>\n<div style=\"font-size:11px;color:#a8c9b5;margin-top:4px\">Arquitetura empresarial segura<\/div>\n<\/div>\n<\/td>\n<td style=\"padding-right:24px;vertical-align:middle\">\n<div style=\"background:rgba(255,255,255,0.08);border:0.5px solid rgba(255,255,255,0.15);border-radius:8px;padding:16px 24px;text-align:center\">\n<div style=\"font-size:20px;font-weight:700;color:#7ecfa0\">Equipes<\/div>\n<div style=\"font-size:11px;color:#a8c9b5;margin-top:4px\">Por dentro do Microsoft Teams<\/div>\n<\/div>\n<\/td>\n<td style=\"vertical-align:middle\">\n<div style=\"background:rgba(255,255,255,0.08);border:0.5px solid rgba(255,255,255,0.15);border-radius:8px;padding:16px 24px;text-align:center\">\n<div style=\"font-size:20px;font-weight:700;color:#7ecfa0\">GDPR DA UE<\/div>\n<div style=\"font-size:11px;color:#a8c9b5;margin-top:4px\">Em conformidade<\/div>\n<\/div>\n<\/td>\n<\/tr>\n<\/table>\n<\/div>\n\n\n\n<div style=\"background:#f4f9f5;padding:64px 5%;box-sizing:border-box;width:100%;font-family:'Trebuchet MS',sans-serif\">\n<p style=\"font-size:11px;letter-spacing:0.2em;text-transform:uppercase;color:#3a7a55;margin:0 0 8px\">O que \u00e9<\/p>\n<h2 style=\"font-size:28px;font-weight:700;color:#1a3d2b;margin:0 0 12px\">N\u00e3o \u00e9 um chatbot - uma camada de orquestra\u00e7\u00e3o de IA espec\u00edfica do dom\u00ednio<\/h2>\n<p style=\"font-size:15px;color:#6b6b6b;line-height:1.7;max-width:640px;margin:0 0 40px\">Um Custom Agent combina sua metodologia, seu contexto e a intelig\u00eancia do LLM em uma \u00fanica IA que conhece sua estrutura t\u00e3o profundamente quanto seu melhor profissional - e est\u00e1 dispon\u00edvel 24 horas por dia, 7 dias por semana, para todos em sua organiza\u00e7\u00e3o.<\/p>\n<table style=\"width:100%;border-collapse:collapse\">\n<tr>\n<td style=\"width:55%;vertical-align:top;padding-right:32px\">\n<div style=\"background:white;border:0.5px solid #e2e6df;border-left:4px solid #3a7a55;border-radius:0 8px 8px 0;padding:20px 24px;margin-bottom:16px\">\n<p style=\"font-size:14px;font-weight:700;color:#1a3d2b;margin:0 0 6px\">Sua metodologia, incorporada<\/p>\n<p style=\"font-size:14px;color:#6b6b6b;line-height:1.6;margin:0\">O agente \u00e9 treinado em sua estrutura propriet\u00e1ria - ele fornece orienta\u00e7\u00e3o espec\u00edfica para a metodologia, n\u00e3o respostas gen\u00e9ricas de IA.<\/p>\n<\/div>\n<div style=\"background:white;border:0.5px solid #e2e6df;border-left:4px solid #3a7a55;border-radius:0 8px 8px 0;padding:20px 24px;margin-bottom:16px\">\n<p style=\"font-size:14px;font-weight:700;color:#1a3d2b;margin:0 0 6px\">Consciente do contexto<\/p>\n<p style=\"font-size:14px;color:#6b6b6b;line-height:1.6;margin:0\">O agente entende onde os usu\u00e1rios est\u00e3o em sua jornada e adapta sua orienta\u00e7\u00e3o de acordo com isso - entre sess\u00f5es, em diferentes regi\u00f5es geogr\u00e1ficas, a qualquer hora do dia.<\/p>\n<\/div>\n<div style=\"background:white;border:0.5px solid #e2e6df;border-left:4px solid #3a7a55;border-radius:0 8px 8px 0;padding:20px 24px;margin-bottom:16px\">\n<p style=\"font-size:14px;font-weight:700;color:#1a3d2b;margin:0 0 6px\">Conhecimento humano ampliado<\/p>\n<p style=\"font-size:14px;color:#6b6b6b;line-height:1.6;margin:0\">Seus especialistas ficam livres para se concentrar no trabalho de consultoria de alto valor. O agente lida com refor\u00e7o sob demanda e treinamento de metodologia em escala.<\/p>\n<\/div>\n<div style=\"background:white;border:0.5px solid #e2e6df;border-left:4px solid #3a7a55;border-radius:0 8px 8px 0;padding:20px 24px\">\n<p style=\"font-size:14px;font-weight:700;color:#1a3d2b;margin:0 0 6px\">A metodologia se torna um ativo digital<\/p>\n<p style=\"font-size:14px;color:#6b6b6b;line-height:1.6;margin:0\">Sua estrutura propriet\u00e1ria n\u00e3o est\u00e1 mais trancada na cabe\u00e7a dos consultores. Ela se torna um recurso incorporado \u00e0 IA que se expande infinitamente.<\/p>\n<\/div>\n<\/td>\n<td style=\"width:45%;vertical-align:top\">\n<div style=\"background:#1a3d2b;border-radius:8px;padding:28px\">\n<p style=\"font-size:13px;font-weight:700;color:#7ecfa0;text-transform:uppercase;letter-spacing:0.1em;margin:0 0 20px\">Einklang Agent vs Custom Agent<\/p>\n<div style=\"margin-bottom:20px;padding-bottom:20px;border-bottom:0.5px solid rgba(255,255,255,0.12)\">\n<p style=\"font-size:14px;font-weight:700;color:white;margin:0 0 8px\">Agente Einklang<\/p>\n<p style=\"font-size:13px;color:#a8c9b5;line-height:1.6;margin:0 0 10px\">Metodologia padr\u00e3o de OE - pronta para ser implantada imediatamente. Ideal para organiza\u00e7\u00f5es sem uma estrutura propriet\u00e1ria.<\/p>\n<div style=\"background:rgba(126,207,160,0.15);border:0.5px solid rgba(126,207,160,0.3);color:#7ecfa0;font-size:11px;padding:4px 10px;border-radius:3px;display:inline-block\">CHF 149\/assento ou CHF 2.500\/m\u00eas<\/div>\n<\/div>\n<div>\n<p style=\"font-size:14px;font-weight:700;color:white;margin:0 0 8px\">Agente personalizado<\/p>\n<p style=\"font-size:13px;color:#a8c9b5;line-height:1.6;margin:0 0 10px\">Sua metodologia propriet\u00e1ria, incorporada \u00e0 IA. Criada especificamente para sua organiza\u00e7\u00e3o ou seus clientes.<\/p>\n<div style=\"background:rgba(126,207,160,0.15);border:0.5px solid rgba(126,207,160,0.3);color:#7ecfa0;font-size:11px;padding:4px 10px;border-radius:3px;display:inline-block\">CHF 28.000-45.000 de constru\u00e7\u00e3o + CHF 590\/m\u00eas<\/div>\n<\/div>\n<\/div>\n<\/td>\n<\/tr>\n<\/table>\n<\/div>\n\n\n\n<div style=\"background:white;padding:64px 5%;box-sizing:border-box;width:100%;font-family:'Trebuchet MS',sans-serif\">\n<p style=\"font-size:11px;letter-spacing:0.2em;text-transform:uppercase;color:#3a7a55;margin:0 0 8px\">A quem se destina<\/p>\n<h2 style=\"font-size:28px;font-weight:700;color:#1a3d2b;margin:0 0 12px\">Criado para organiza\u00e7\u00f5es com profundo conhecimento de dom\u00ednio para dimensionamento<\/h2>\n<p style=\"font-size:15px;color:#6b6b6b;line-height:1.7;max-width:640px;margin:0 0 40px\">Um Custom Agent faz mais sentido quando voc\u00ea tem uma metodologia propriet\u00e1ria, uma grande base de profissionais ou uma pr\u00e1tica de consultoria que depende da aplica\u00e7\u00e3o consistente de uma estrutura.<\/p>\n<table style=\"width:100%;border-collapse:collapse;margin-bottom:24px\">\n<tr>\n<td style=\"width:33%;vertical-align:top;padding:8px\">\n<div style=\"background:#f4f9f5;border:0.5px solid #e2e6df;border-top:3px solid #3a7a55;border-radius:8px;padding:24px\">\n<p style=\"font-size:15px;font-weight:700;color:#1a3d2b;margin:0 0 8px\">Grandes empresas<\/p>\n<p style=\"font-size:14px;color:#6b6b6b;line-height:1.6;margin:0\">Organiza\u00e7\u00f5es com metodologias internas estabelecidas de OE, auditoria ou transforma\u00e7\u00e3o que desejam escalar pr\u00e1ticas consistentes em equipes globais.<\/p>\n<\/div>\n<\/td>\n<td style=\"width:33%;vertical-align:top;padding:8px\">\n<div style=\"background:#f4f9f5;border:0.5px solid #e2e6df;border-top:3px solid #3a7a55;border-radius:8px;padding:24px\">\n<p style=\"font-size:15px;font-weight:700;color:#1a3d2b;margin:0 0 8px\">Empresas de consultoria<\/p>\n<p style=\"font-size:14px;color:#6b6b6b;line-height:1.6;margin:0\">Empresas com uma metodologia pr\u00f3pria para o cliente que desejam incorpor\u00e1-la \u00e0 IA - para que os clientes recebam treinamento sob demanda entre os compromissos. Sara, da Brilliant Working, \u00e9 o caso de refer\u00eancia.<\/p>\n<\/div>\n<\/td>\n<td style=\"width:33%;vertical-align:top;padding:8px\">\n<div style=\"background:#f4f9f5;border:0.5px solid #e2e6df;border-top:3px solid #3a7a55;border-radius:8px;padding:24px\">\n<p style=\"font-size:15px;font-weight:700;color:#1a3d2b;margin:0 0 8px\">Associa\u00e7\u00f5es do setor<\/p>\n<p style=\"font-size:14px;color:#6b6b6b;line-height:1.6;margin:0\">Associa\u00e7\u00f5es como a Swissmem, que atendem a uma grande base de membros com necessidades metodol\u00f3gicas compartilhadas - e desejam fornecer recursos de IA sempre ativos aos membros.<\/p>\n<\/div>\n<\/td>\n<\/tr>\n<\/table>\n<div style=\"background:#f4f9f5;border:0.5px solid #e2e6df;border-radius:8px;padding:24px\">\n<p style=\"font-size:14px;font-weight:700;color:#1a3d2b;margin:0 0 12px\">Tamb\u00e9m transfer\u00edvel entre esses dom\u00ednios<\/p>\n<div style=\"display:flex;gap:10px;flex-wrap:wrap\">\n<span style=\"font-size:13px;font-weight:700;color:#1a3d2b;background:#eaf4ee;padding:6px 14px;border-radius:4px\">Execu\u00e7\u00e3o da estrat\u00e9gia<\/span>\n<span style=\"font-size:13px;font-weight:700;color:#1a3d2b;background:#eaf4ee;padding:6px 14px;border-radius:4px\">Risco e conformidade<\/span>\n<span style=\"font-size:13px;font-weight:700;color:#1a3d2b;background:#eaf4ee;padding:6px 14px;border-radius:4px\">Auditoria<\/span>\n<span style=\"font-size:13px;font-weight:700;color:#1a3d2b;background:#eaf4ee;padding:6px 14px;border-radius:4px\">Programas de transforma\u00e7\u00e3o<\/span>\n<span style=\"font-size:13px;font-weight:700;color:#1a3d2b;background:#eaf4ee;padding:6px 14px;border-radius:4px\">Metodologias espec\u00edficas do setor<\/span>\n<\/div>\n<\/div>\n<\/div>\n\n\n\n<div style=\"background:#f4f9f5;padding:64px 5%;box-sizing:border-box;width:100%;font-family:'Trebuchet MS',sans-serif\">\n<p style=\"font-size:11px;letter-spacing:0.2em;text-transform:uppercase;color:#3a7a55;margin:0 0 8px\">O processo<\/p>\n<h2 style=\"font-size:28px;font-weight:700;color:#1a3d2b;margin:0 0 12px\">Da metodologia ao agente implantado - em cinco etapas<\/h2>\n<p style=\"font-size:15px;color:#6b6b6b;line-height:1.7;max-width:640px;margin:0 0 40px\">Lidamos com a cria\u00e7\u00e3o completa, desde a extra\u00e7\u00e3o da metodologia at\u00e9 a implementa\u00e7\u00e3o em seu locat\u00e1rio da Microsoft.<\/p>\n<table style=\"width:100%;border-collapse:collapse;margin-bottom:24px\">\n<tr>\n<td style=\"width:20%;vertical-align:top;padding:8px;text-align:center\">\n<div style=\"width:36px;height:36px;border-radius:50%;background:#3a7a55;color:white;font-size:15px;font-weight:700;line-height:36px;text-align:center;margin:0 auto 12px\">1<\/div>\n<p style=\"font-size:13px;font-weight:700;color:#1a3d2b;margin:0 0 6px\">Descoberta<\/p>\n<p style=\"font-size:12px;color:#6b6b6b;line-height:1.5;margin:0\">Mapeamos sua metodologia, casos de uso e necessidades do usu\u00e1rio. Um workshop estruturado.<\/p>\n<\/td>\n<td style=\"width:20%;vertical-align:top;padding:8px;text-align:center\">\n<div style=\"width:36px;height:36px;border-radius:50%;background:#3a7a55;color:white;font-size:15px;font-weight:700;line-height:36px;text-align:center;margin:0 auto 12px\">2<\/div>\n<p style=\"font-size:13px;font-weight:700;color:#1a3d2b;margin:0 0 6px\">Constru\u00e7\u00e3o de conhecimento<\/p>\n<p style=\"font-size:12px;color:#6b6b6b;line-height:1.5;margin:0\">Extra\u00edmos, estruturamos e codificamos sua metodologia na base de conhecimento do agente.<\/p>\n<\/td>\n<td style=\"width:20%;vertical-align:top;padding:8px;text-align:center\">\n<div style=\"width:36px;height:36px;border-radius:50%;background:#3a7a55;color:white;font-size:15px;font-weight:700;line-height:36px;text-align:center;margin:0 auto 12px\">3<\/div>\n<p style=\"font-size:13px;font-weight:700;color:#1a3d2b;margin:0 0 6px\">Cria\u00e7\u00e3o e teste<\/p>\n<p style=\"font-size:12px;color:#6b6b6b;line-height:1.5;margin:0\">Criamos o agente, testamos exaustivamente com cen\u00e1rios de metodologia real e refinamos com a sua equipe.<\/p>\n<\/td>\n<td style=\"width:20%;vertical-align:top;padding:8px;text-align:center\">\n<div style=\"width:36px;height:36px;border-radius:50%;background:#3a7a55;color:white;font-size:15px;font-weight:700;line-height:36px;text-align:center;margin:0 auto 12px\">4<\/div>\n<p style=\"font-size:13px;font-weight:700;color:#1a3d2b;margin:0 0 6px\">Implementar<\/p>\n<p style=\"font-size:12px;color:#6b6b6b;line-height:1.5;margin:0\">Implantado em seu locat\u00e1rio da Microsoft por meio da arquitetura segura do Azure. Compat\u00edvel com o GDPR da UE desde o primeiro dia.<\/p>\n<\/td>\n<td style=\"width:20%;vertical-align:top;padding:8px;text-align:center\">\n<div style=\"width:36px;height:36px;border-radius:50%;background:#1a3d2b;color:white;font-size:15px;font-weight:700;line-height:36px;text-align:center;margin:0 auto 12px\">5<\/div>\n<p style=\"font-size:13px;font-weight:700;color:#1a3d2b;margin:0 0 6px\">Executar e evoluir<\/p>\n<p style=\"font-size:12px;color:#6b6b6b;line-height:1.5;margin:0\">Gerenciamos o agente mensalmente - atualiza\u00e7\u00f5es, aprimoramentos, adi\u00e7\u00f5es de novas metodologias \u00e0 medida que sua pr\u00e1tica evolui.<\/p>\n<\/td>\n<\/tr>\n<\/table>\n<div style=\"background:#1a3d2b;border-radius:8px;padding:20px 28px\">\n<p style=\"font-size:14px;font-weight:700;color:white;margin:0 0 4px\">Conformidade com o GDPR da UE e seguran\u00e7a de dados de n\u00edvel empresarial<\/p>\n<p style=\"font-size:13px;color:#a8c9b5;line-height:1.5;margin:0\">Implantado dentro do seu locat\u00e1rio da Microsoft - seus dados e os dados dos seus clientes nunca saem do ambiente da sua organiza\u00e7\u00e3o. Conformidade total com o GDPR da UE e com os padr\u00f5es su\u00ed\u00e7os de prote\u00e7\u00e3o de dados.<\/p>\n<\/div>\n<\/div>\n\n\n\n<div style=\"background:#1a3d2b;padding:64px 5%;box-sizing:border-box;width:100%;font-family:'Trebuchet MS',sans-serif\">\n<p style=\"font-size:11px;letter-spacing:0.2em;text-transform:uppercase;color:#7ecfa0;margin:0 0 8px\">Pre\u00e7os<\/p>\n<h2 style=\"font-size:28px;font-weight:700;color:white;margin:0 0 12px\">Pre\u00e7os transparentes de constru\u00e7\u00e3o e execu\u00e7\u00e3o<\/h2>\n<p style=\"font-size:15px;color:#a8c9b5;line-height:1.7;max-width:560px;margin:0 0 40px\">Sem taxas ocultas. O compromisso de cria\u00e7\u00e3o fornece um agente totalmente implantado e testado. A taxa de execu\u00e7\u00e3o mensal o mant\u00e9m atualizado \u00e0 medida que sua metodologia evolui.<\/p>\n<table style=\"width:100%;border-collapse:collapse\">\n<tr>\n<td style=\"width:50%;vertical-align:top;padding-right:12px\">\n<div style=\"background:rgba(255,255,255,0.07);border:0.5px solid rgba(255,255,255,0.15);border-radius:8px;padding:32px\">\n<p style=\"font-size:11px;letter-spacing:0.14em;text-transform:uppercase;color:#7ecfa0;margin:0 0 12px\">Criar engajamento<\/p>\n<div style=\"font-size:40px;font-weight:700;color:#7ecfa0;line-height:1;margin-bottom:4px\">CHF 28k-45k<\/div>\n<p style=\"font-size:13px;color:#7a9e88;margin:0 0 24px\">Taxa \u00fanica de constru\u00e7\u00e3o - depende do escopo<\/p>\n<p style=\"font-size:13px;color:#c5d9cc;margin:5px 0\">Workshop de descoberta e extra\u00e7\u00e3o de metodologia<\/p>\n<p style=\"font-size:13px;color:#c5d9cc;margin:5px 0\">Cria\u00e7\u00e3o completa de agentes e constru\u00e7\u00e3o de base de conhecimento<\/p>\n<p style=\"font-size:13px;color:#c5d9cc;margin:5px 0\">Testes e refinamento com sua equipe<\/p>\n<p style=\"font-size:13px;color:#c5d9cc;margin:5px 0\">Implanta\u00e7\u00e3o em seu locat\u00e1rio da Microsoft<\/p>\n<p style=\"font-size:13px;color:#c5d9cc;margin:5px 0\">Arquitetura compat\u00edvel com o GDPR da UE<\/p>\n<a href=\"https:\/\/calendly.com\/aslamjilani-einklangacademy\/30min\" style=\"background:#3a7a55;color:white;padding:13px;border-radius:4px;font-size:14px;font-weight:700;text-decoration:none;display:block;text-align:center;margin-top:24px;font-family:'Trebuchet MS',sans-serif\">Agende uma chamada de descoberta<\/a>\n<\/div>\n<\/td>\n<td style=\"width:50%;vertical-align:top;padding-left:12px\">\n<div style=\"background:rgba(255,255,255,0.07);border:0.5px solid rgba(255,255,255,0.15);border-radius:8px;padding:32px\">\n<p style=\"font-size:11px;letter-spacing:0.14em;text-transform:uppercase;color:#7ecfa0;margin:0 0 12px\">Taxa mensal de execu\u00e7\u00e3o<\/p>\n<div style=\"font-size:40px;font-weight:700;color:#7ecfa0;line-height:1;margin-bottom:4px\">CHF 590<\/div>\n<p style=\"font-size:13px;color:#7a9e88;margin:0 0 24px\">Por m\u00eas - cont\u00ednuo ap\u00f3s a implanta\u00e7\u00e3o<\/p>\n<p style=\"font-size:13px;color:#c5d9cc;margin:5px 0\">Monitoramento de agentes e gerenciamento de desempenho<\/p>\n<p style=\"font-size:13px;color:#c5d9cc;margin:5px 0\">Atualiza\u00e7\u00f5es da metodologia \u00e0 medida que sua estrutura evolui<\/p>\n<p style=\"font-size:13px;color:#c5d9cc;margin:5px 0\">Relat\u00f3rios mensais de uso e desempenho<\/p>\n<p style=\"font-size:13px;color:#c5d9cc;margin:5px 0\">Suporte t\u00e9cnico e escalonamento<\/p>\n<p style=\"font-size:13px;color:#c5d9cc;margin:5px 0\">Cancelar com 30 dias de anteced\u00eancia<\/p>\n<div style=\"background:rgba(255,255,255,0.05);border:0.5px solid rgba(255,255,255,0.1);border-radius:6px;padding:16px;margin-top:24px\">\n<p style=\"font-size:12px;color:#a8c9b5;line-height:1.6;margin:0\">A taxa mensal garante que seu agente permane\u00e7a atualizado - \u00e0 medida que sua metodologia cresce, seu agente cresce com ela.<\/p>\n<\/div>\n<\/div>\n<\/td>\n<\/tr>\n<\/table>\n<\/div>\n\n\n\n<div style=\"background:#eaf4ee;padding:64px 5%;box-sizing:border-box;width:100%;text-align:center;font-family:'Trebuchet MS',sans-serif\">\n<h2 style=\"font-size:26px;font-weight:700;color:#1a3d2b;margin:0 0 12px\">Pronto para incorporar sua metodologia \u00e0 IA?<\/h2>\n<p style=\"font-size:15px;color:#2d6647;margin:0 0 32px\">Agende uma chamada de descoberta de 30 minutos. Exploraremos sua metodologia, seu caso de uso e se um agente personalizado \u00e9 a op\u00e7\u00e3o certa.<\/p>\n<div style=\"display:flex;gap:12px;justify-content:center;flex-wrap:wrap\">\n<a href=\"https:\/\/calendly.com\/aslamjilani-einklangacademy\/30min\" style=\"background:#3a7a55;color:white;padding:14px 32px;border-radius:4px;font-size:15px;font-weight:700;text-decoration:none;font-family:'Trebuchet MS',sans-serif\">Agende uma chamada de descoberta<\/a>\n<a href=\"\/pt\/case-study-sara\/\" style=\"background:white;color:#1a3d2b;padding:13px 28px;border:1px solid #b0c8b8;border-radius:4px;font-size:15px;font-weight:700;text-decoration:none;font-family:'Trebuchet MS',sans-serif\">Leia o estudo de caso da Sara \u2192<\/a>\n<\/div>\n<\/div>","protected":false},"excerpt":{"rendered":"<p>Custom Agents Your methodology. Your knowledge. Embedded in AI. A Custom Agent is a domain-specific AI built on your organisation&#8217;s proprietary methodology \u2014 not a generic chatbot. It scales your expertise across teams, geographies, and time zones, without scaling your headcount. Book a discovery call Sara Reference implementation Azure Secure enterprise architecture Teams Inside Microsoft&#8230;<\/p>","protected":false},"author":2,"featured_media":0,"parent":0,"menu_order":0,"comment_status":"closed","ping_status":"closed","template":"","meta":{"_uag_custom_page_level_css":"","_kadence_starter_templates_imported_post":false,"_kad_post_transparent":"","_kad_post_title":"","_kad_post_layout":"fullwidth","_kad_post_sidebar_id":"","_kad_post_content_style":"","_kad_post_vertical_padding":"","_kad_post_feature":"","_kad_post_feature_position":"","_kad_post_header":false,"_kad_post_footer":false,"_kad_post_classname":"","footnotes":""},"class_list":["post-4826","page","type-page","status-publish","hentry"],"uagb_featured_image_src":{"full":false,"thumbnail":false,"medium":false,"medium_large":false,"large":false,"1536x1536":false,"2048x2048":false,"trp-custom-language-flag":false},"uagb_author_info":{"display_name":"Aslam Jilani","author_link":"https:\/\/einklang-academy.com\/pt\/author\/aslam-jilani\/"},"uagb_comment_info":0,"uagb_excerpt":"Custom Agents Your methodology. Your knowledge. Embedded in AI. A Custom Agent is a domain-specific AI built on your organisation&#8217;s proprietary methodology \u2014 not a generic chatbot. It scales your expertise across teams, geographies, and time zones, without scaling your headcount. Book a discovery call Sara Reference implementation Azure Secure enterprise architecture Teams Inside Microsoft...","_links":{"self":[{"href":"https:\/\/einklang-academy.com\/pt\/wp-json\/wp\/v2\/pages\/4826","targetHints":{"allow":["GET"]}}],"collection":[{"href":"https:\/\/einklang-academy.com\/pt\/wp-json\/wp\/v2\/pages"}],"about":[{"href":"https:\/\/einklang-academy.com\/pt\/wp-json\/wp\/v2\/types\/page"}],"author":[{"embeddable":true,"href":"https:\/\/einklang-academy.com\/pt\/wp-json\/wp\/v2\/users\/2"}],"replies":[{"embeddable":true,"href":"https:\/\/einklang-academy.com\/pt\/wp-json\/wp\/v2\/comments?post=4826"}],"version-history":[{"count":3,"href":"https:\/\/einklang-academy.com\/pt\/wp-json\/wp\/v2\/pages\/4826\/revisions"}],"predecessor-version":[{"id":4865,"href":"https:\/\/einklang-academy.com\/pt\/wp-json\/wp\/v2\/pages\/4826\/revisions\/4865"}],"wp:attachment":[{"href":"https:\/\/einklang-academy.com\/pt\/wp-json\/wp\/v2\/media?parent=4826"}],"curies":[{"name":"wp","href":"https:\/\/api.w.org\/{rel}","templated":true}]}}