{"id":4539,"date":"2024-12-08T18:21:40","date_gmt":"2024-12-08T17:21:40","guid":{"rendered":"https:\/\/einklang-academy.com\/?page_id=4539"},"modified":"2024-12-08T18:31:11","modified_gmt":"2024-12-08T17:31:11","slug":"what-guides-us","status":"publish","type":"page","link":"https:\/\/einklang-academy.com\/pt\/what-guides-us\/","title":{"rendered":"O que nos guia"},"content":{"rendered":"<div class=\"wp-block-uagb-container uagb-block-myd2uxmv alignfull uagb-is-root-container\"><div class=\"uagb-container-inner-blocks-wrap\">\n<div class=\"wp-block-uagb-info-box uagb-block-ugb5cj0w uagb-infobox__content-wrap  uagb-infobox-icon-above-title uagb-infobox-image-valign-top\"><div class=\"uagb-ifb-content\"><div class=\"uagb-ifb-title-wrap\"><h1 class=\"uagb-ifb-title\">A abordagem \"Einklang<\/h1><\/div><p class=\"uagb-ifb-desc\">Voc\u00ea pode esperar conhecimentos atualizados, anos de experi\u00eancia e refer\u00eancias relevantes. No entanto, tamb\u00e9m nos consideramos uma organiza\u00e7\u00e3o que aprende, assim como voc\u00ea. Recebemos continuamente novos insights sobre psicologia organizacional, resultados de pesquisas de efic\u00e1cia relacionadas ao gerenciamento de mudan\u00e7as, novas ferramentas de TI para otimiza\u00e7\u00e3o de processos ou feedback de nossos clientes sobre projetos de Gerenciamento Lean. E disponibilizamos esse know-how para voc\u00ea...<\/p><\/div><\/div>\n<\/div><\/div>\n\n\n\n<div class=\"wp-block-uagb-container uagb-block-iacexfkq alignfull uagb-is-root-container\"><div class=\"uagb-container-inner-blocks-wrap\">\n<div class=\"wp-block-uagb-image alignleft uagb-block-p2lmldbk wp-block-uagb-image--layout-default wp-block-uagb-image--effect-static wp-block-uagb-image--align-left\"><figure class=\"wp-block-uagb-image__figure\"><img decoding=\"async\" srcset=\"https:\/\/einklang-academy.com\/wp-content\/uploads\/2024\/05\/lighted-city-during-night-1472612-1024x683.jpg ,https:\/\/einklang-academy.com\/wp-content\/uploads\/2024\/05\/lighted-city-during-night-1472612-1024x683.jpg 780w, https:\/\/einklang-academy.com\/wp-content\/uploads\/2024\/05\/lighted-city-during-night-1472612-1024x683.jpg 360w\" sizes=\"auto, (max-width: 480px) 150px\" src=\"https:\/\/einklang-academy.com\/wp-content\/uploads\/2024\/05\/lighted-city-during-night-1472612-1024x683.jpg\" alt=\"Lighted City during Night\" class=\"uag-image-3917\" width=\"564\" height=\"423\" title=\"Foto de Lina Mamone\" loading=\"lazy\" role=\"img\"\/><\/figure><\/div>\n\n\n\n<div class=\"wp-block-uagb-container uagb-block-ojegq5ct\">\n<div class=\"wp-block-uagb-info-box uagb-block-1eimpr8m uagb-infobox__content-wrap  uagb-infobox-icon-above-title uagb-infobox-image-valign-top\"><div class=\"uagb-ifb-content\"><div class=\"uagb-ifb-title-wrap\"><h2 class=\"uagb-ifb-title\"><strong>Nossa miss\u00e3o como empresa social<\/strong><\/h2><\/div><p class=\"uagb-ifb-desc\">O conhecimento especializado e a experi\u00eancia s\u00e3o socialmente eficazes quando os compartilhamos.<br>As novas tecnologias facilitam o ensino e a aprendizagem quando usadas corretamente.<br>Assim como nossos parceiros, investimos no desenvolvimento de nossos m\u00e9todos e compet\u00eancias.<\/p><\/div><\/div>\n<\/div>\n<\/div><\/div>\n\n\n\n<div class=\"wp-block-uagb-container uagb-block-rwoager1 alignfull uagb-is-root-container\"><div class=\"uagb-container-inner-blocks-wrap\">\n<div class=\"wp-block-uagb-info-box uagb-block-16013938 uagb-infobox__content-wrap  uagb-infobox-icon-above-title uagb-infobox-image-valign-top\"><div class=\"uagb-ifb-content\"><div class=\"uagb-ifb-title-wrap\"><h2 class=\"uagb-ifb-title\">O poder do pensamento individual e do interc\u00e2mbio social.<\/h2><\/div><p class=\"uagb-ifb-desc\">Embarque conosco em uma jornada para descobrir a fonte definitiva de seu aprendizado!<\/p><\/div><\/div>\n\n\n\n<div class=\"wp-block-columns is-layout-flex wp-container-core-columns-is-layout-9d6595d7 wp-block-columns-is-layout-flex\">\n<div class=\"wp-block-column is-layout-flow wp-block-column-is-layout-flow\">\n<div class=\"wp-block-uagb-container uagb-block-24b65ef0\">\n<p><strong>Aprendizagem individual<\/strong><\/p>\n<\/div>\n\n\n\n<div class=\"wp-block-uagb-image uagb-block-bec0706d wp-block-uagb-image--layout-default wp-block-uagb-image--effect-static wp-block-uagb-image--align-none\"><figure class=\"wp-block-uagb-image__figure\"><img decoding=\"async\" srcset=\"https:\/\/einklang-academy.com\/wp-content\/uploads\/2024\/05\/back-to-school-flatlay-5088008-1024x683.jpg ,https:\/\/einklang-academy.com\/wp-content\/uploads\/2024\/05\/back-to-school-flatlay-5088008-1024x683.jpg 780w, https:\/\/einklang-academy.com\/wp-content\/uploads\/2024\/05\/back-to-school-flatlay-5088008-1024x683.jpg 360w\" sizes=\"auto, (max-width: 480px) 150px\" src=\"https:\/\/einklang-academy.com\/wp-content\/uploads\/2024\/05\/back-to-school-flatlay-5088008-1024x683.jpg\" alt=\"Back to School Flatlay\" class=\"uag-image-3906\" width=\"1024\" height=\"683\" title=\"Foto de olia danilevich\" loading=\"lazy\" role=\"img\"\/><\/figure><\/div>\n\n\n\n<p>Cada pessoa tem uma maneira \u00fanica de pensar e aprender. Ao projetar situa\u00e7\u00f5es de aprendizagem, \u00e9 importante garantir que os alunos tenham acesso a v\u00e1rias abordagens tem\u00e1ticas e sensoriais.<\/p>\n<\/div>\n\n\n\n<div class=\"wp-block-column is-layout-flow wp-block-column-is-layout-flow\">\n<div class=\"wp-block-uagb-container uagb-block-d9a61d4f\">\n<p><strong>Ativar o conhecimento pr\u00e9vio<\/strong><\/p>\n<\/div>\n\n\n\n<div class=\"wp-block-uagb-image uagb-block-302d1e2d wp-block-uagb-image--layout-default wp-block-uagb-image--effect-static wp-block-uagb-image--align-none\"><figure class=\"wp-block-uagb-image__figure\"><img decoding=\"async\" srcset=\"https:\/\/einklang-academy.com\/wp-content\/uploads\/2024\/05\/pile-of-books-159866-1024x687.jpg ,https:\/\/einklang-academy.com\/wp-content\/uploads\/2024\/05\/pile-of-books-159866-1024x687.jpg 780w, https:\/\/einklang-academy.com\/wp-content\/uploads\/2024\/05\/pile-of-books-159866-1024x687.jpg 360w\" sizes=\"auto, (max-width: 480px) 150px\" src=\"https:\/\/einklang-academy.com\/wp-content\/uploads\/2024\/05\/pile-of-books-159866-1024x687.jpg\" alt=\"Pile of Books\" class=\"uag-image-3905\" width=\"1024\" height=\"687\" title=\"Foto de Pixabay\" loading=\"lazy\" role=\"img\"\/><\/figure><\/div>\n\n\n\n<p>Todo processo de aprendizagem consulta primeiro seu pr\u00f3prio conhecimento pr\u00e9vio. N\u00e3o \u00e9 poss\u00edvel aprender em um v\u00e1cuo. Para que o aprendizado tenha in\u00edcio, ele deve estar conectado a algo j\u00e1 conhecido, ou seja, o conhecimento pr\u00e9vio deve ser ativado.<\/p>\n<\/div>\n\n\n\n<div class=\"wp-block-column is-layout-flow wp-block-column-is-layout-flow\">\n<div class=\"wp-block-uagb-container uagb-block-a6b561f8\">\n<p><strong>Elimine as lacunas de conhecimento<\/strong><\/p>\n<\/div>\n\n\n\n<div class=\"wp-block-uagb-image uagb-block-6ee95b14 wp-block-uagb-image--layout-default wp-block-uagb-image--effect-static wp-block-uagb-image--align-none\"><figure class=\"wp-block-uagb-image__figure\"><img decoding=\"async\" srcset=\"https:\/\/einklang-academy.com\/wp-content\/uploads\/2024\/05\/man-holding-book-2781195-1024x683.jpg ,https:\/\/einklang-academy.com\/wp-content\/uploads\/2024\/05\/man-holding-book-2781195-1024x683.jpg 780w, https:\/\/einklang-academy.com\/wp-content\/uploads\/2024\/05\/man-holding-book-2781195-1024x683.jpg 360w\" sizes=\"auto, (max-width: 480px) 150px\" src=\"https:\/\/einklang-academy.com\/wp-content\/uploads\/2024\/05\/man-holding-book-2781195-1024x683.jpg\" alt=\"Man Holding Book\" class=\"uag-image-3904\" width=\"1024\" height=\"683\" title=\"Foto de Kaushal Moradiya\" loading=\"lazy\" role=\"img\"\/><\/figure><\/div>\n\n\n\n<p>Quanto mais esfor\u00e7o cognitivo algu\u00e9m investir no desenvolvimento de um insight, melhor e mais tempo o material aprendido permanecer\u00e1 dispon\u00edvel. A simples memoriza\u00e7\u00e3o \u00e9 considerada um dos m\u00e9todos de aprendizado menos significativos e valiosos.<\/p>\n<\/div>\n\n\n\n<div class=\"wp-block-column is-layout-flow wp-block-column-is-layout-flow\">\n<div class=\"wp-block-uagb-container uagb-block-dac12333\">\n<p><strong>Intera\u00e7\u00e3o social<\/strong><\/p>\n<\/div>\n\n\n\n<div class=\"wp-block-uagb-image uagb-block-17541c28 wp-block-uagb-image--layout-default wp-block-uagb-image--effect-static wp-block-uagb-image--align-none\"><figure class=\"wp-block-uagb-image__figure\"><img decoding=\"async\" srcset=\"https:\/\/einklang-academy.com\/wp-content\/uploads\/2024\/05\/three-woman-in-front-of-laptop-computer-1181233-1024x684.jpg ,https:\/\/einklang-academy.com\/wp-content\/uploads\/2024\/05\/three-woman-in-front-of-laptop-computer-1181233-1024x684.jpg 780w, https:\/\/einklang-academy.com\/wp-content\/uploads\/2024\/05\/three-woman-in-front-of-laptop-computer-1181233-1024x684.jpg 360w\" sizes=\"auto, (max-width: 480px) 150px\" src=\"https:\/\/einklang-academy.com\/wp-content\/uploads\/2024\/05\/three-woman-in-front-of-laptop-computer-1181233-1024x684.jpg\" alt=\"Three Woman in Front of Laptop Computer\" class=\"uag-image-3958\" width=\"1024\" height=\"683\" title=\"Foto de Christina Morillo\" loading=\"lazy\" role=\"img\"\/><\/figure><\/div>\n\n\n\n<p>O aprendizado se beneficia tanto do aprendizado \"solit\u00e1rio\" do indiv\u00edduo quanto da troca social com outros alunos. Ao compartilhar os ganhos de conhecimento com outras pessoas, ele se aprofunda ainda mais.<\/p>\n<\/div>\n<\/div>\n<\/div><\/div>","protected":false},"excerpt":{"rendered":"<p>Aprendizagem individual Cada pessoa tem uma maneira \u00fanica de pensar e aprender. Ao projetar situa\u00e7\u00f5es de aprendizagem, \u00e9 importante garantir que os alunos recebam v\u00e1rias abordagens tem\u00e1ticas e sensoriais. Ativar o conhecimento pr\u00e9vio Todo processo de aprendizagem primeiro consulta seu pr\u00f3prio conhecimento pr\u00e9vio. N\u00e3o \u00e9 poss\u00edvel aprender em um v\u00e1cuo. Para que a aprendizagem tenha in\u00edcio,...<\/p>","protected":false},"author":2,"featured_media":0,"parent":0,"menu_order":0,"comment_status":"closed","ping_status":"closed","template":"","meta":{"_uag_custom_page_level_css":"","_price":"","_stock":"","_tribe_ticket_header":"","_tribe_default_ticket_provider":"","_tribe_ticket_capacity":"0","_ticket_start_date":"","_ticket_end_date":"","_tribe_ticket_show_description":"","_tribe_ticket_show_not_going":false,"_tribe_ticket_use_global_stock":"","_tribe_ticket_global_stock_level":"","_global_stock_mode":"","_global_stock_cap":"","_tribe_rsvp_for_event":"","_tribe_ticket_going_count":"","_tribe_ticket_not_going_count":"","_tribe_tickets_list":"[]","_tribe_ticket_has_attendee_info_fields":false,"_kadence_starter_templates_imported_post":false,"_kad_post_transparent":"","_kad_post_title":"","_kad_post_layout":"","_kad_post_sidebar_id":"","_kad_post_content_style":"","_kad_post_vertical_padding":"","_kad_post_feature":"","_kad_post_feature_position":"","_kad_post_header":false,"_kad_post_footer":false,"_kad_post_classname":"","footnotes":"","_tec_slr_enabled":"","_tec_slr_layout":""},"class_list":["post-4539","page","type-page","status-publish","hentry"],"uagb_featured_image_src":{"full":false,"thumbnail":false,"medium":false,"medium_large":false,"large":false,"1536x1536":false,"2048x2048":false,"trp-custom-language-flag":false},"uagb_author_info":{"display_name":"Aslam Jilani","author_link":"https:\/\/einklang-academy.com\/pt\/author\/aslam-jilani\/"},"uagb_comment_info":0,"uagb_excerpt":"Individual Learning Every person has a unique way of thinking and learning. When designing learning situations, it is important to ensure that learners are offered various thematic and sensory approaches. Activate Prior Knowledge Every learning process first queries its own prior knowledge. Learning in a vacuum is not possible. For learning to begin at all,...","ticketed":false,"_links":{"self":[{"href":"https:\/\/einklang-academy.com\/pt\/wp-json\/wp\/v2\/pages\/4539","targetHints":{"allow":["GET"]}}],"collection":[{"href":"https:\/\/einklang-academy.com\/pt\/wp-json\/wp\/v2\/pages"}],"about":[{"href":"https:\/\/einklang-academy.com\/pt\/wp-json\/wp\/v2\/types\/page"}],"author":[{"embeddable":true,"href":"https:\/\/einklang-academy.com\/pt\/wp-json\/wp\/v2\/users\/2"}],"replies":[{"embeddable":true,"href":"https:\/\/einklang-academy.com\/pt\/wp-json\/wp\/v2\/comments?post=4539"}],"version-history":[{"count":3,"href":"https:\/\/einklang-academy.com\/pt\/wp-json\/wp\/v2\/pages\/4539\/revisions"}],"predecessor-version":[{"id":4550,"href":"https:\/\/einklang-academy.com\/pt\/wp-json\/wp\/v2\/pages\/4539\/revisions\/4550"}],"wp:attachment":[{"href":"https:\/\/einklang-academy.com\/pt\/wp-json\/wp\/v2\/media?parent=4539"}],"curies":[{"name":"wp","href":"https:\/\/api.w.org\/{rel}","templated":true}]}}