{"id":4830,"date":"2026-05-06T20:51:56","date_gmt":"2026-05-06T18:51:56","guid":{"rendered":"https:\/\/einklang-academy.com\/?page_id=4830"},"modified":"2026-05-07T08:41:10","modified_gmt":"2026-05-07T06:41:10","slug":"case-study-swiss-bank","status":"publish","type":"page","link":"https:\/\/einklang-academy.com\/fr\/case-study-swiss-bank\/","title":{"rendered":"Case Study \u2014 Swiss Bank"},"content":{"rendered":"<div style=\"background:#1a3d2b;padding:72px 5%;box-sizing:border-box;width:100%;font-family:'Trebuchet MS',sans-serif\">\n<p style=\"font-size:11px;letter-spacing:0.2em;text-transform:uppercase;color:#7ecfa0;margin:0 0 16px\">\u00c9tude de cas<\/p>\n<div style=\"font-size:32px;font-weight:700;color:white;line-height:1.3;max-width:700px;margin:0 0 20px;font-family:'Trebuchet MS',sans-serif\">Renforcement des comp\u00e9tences natives de l'IA <span style=\"color:#7ecfa0\">La plus grande banque mondiale de Suisse<\/span><\/div>\n<p style=\"font-size:16px;color:#a8c9b5;line-height:1.7;max-width:560px;margin:0 0 32px\">Un engagement en deux phases qui a permis \u00e0 l'audit interne du groupe de passer d'un projet pilote de 13 personnes \u00e0 une capacit\u00e9 institutionnalis\u00e9e d'IA-Native OE - avec un retour sur investissement valid\u00e9 de 5:1.<\/p>\n<table style=\"border-collapse:collapse\">\n<tr>\n<td style=\"padding-right:16px;vertical-align:middle\">\n<div style=\"background:rgba(255,255,255,0.08);border:0.5px solid rgba(255,255,255,0.15);border-radius:8px;padding:20px 28px;text-align:center\">\n<div style=\"font-size:32px;font-weight:700;color:#7ecfa0\">5:1<\/div>\n<div style=\"font-size:12px;color:#a8c9b5;margin-top:4px\">ROI atteint et valid\u00e9<\/div>\n<\/div>\n<\/td>\n<td style=\"padding-right:16px;vertical-align:middle\">\n<div style=\"background:rgba(255,255,255,0.08);border:0.5px solid rgba(255,255,255,0.15);border-radius:8px;padding:20px 28px;text-align:center\">\n<div style=\"font-size:32px;font-weight:700;color:#7ecfa0\">200 000 CHF<\/div>\n<div style=\"font-size:12px;color:#a8c9b5;margin-top:4px\">\u00c9conomies de co\u00fbts r\u00e9alis\u00e9es<\/div>\n<\/div>\n<\/td>\n<td style=\"padding-right:16px;vertical-align:middle\">\n<div style=\"background:rgba(255,255,255,0.08);border:0.5px solid rgba(255,255,255,0.15);border-radius:8px;padding:20px 28px;text-align:center\">\n<div style=\"font-size:32px;font-weight:700;color:#7ecfa0\">75,000<\/div>\n<div style=\"font-size:12px;color:#a8c9b5;margin-top:4px\">Jours-personnes lib\u00e9r\u00e9s<\/div>\n<\/div>\n<\/td>\n<td style=\"vertical-align:middle\">\n<div style=\"background:rgba(255,255,255,0.08);border:0.5px solid rgba(255,255,255,0.15);border-radius:8px;padding:20px 28px;text-align:center\">\n<div style=\"font-size:32px;font-weight:700;color:#7ecfa0\">~340 ETP<\/div>\n<div style=\"font-size:12px;color:#a8c9b5;margin-top:4px\">Capacit\u00e9 r\u00e9orient\u00e9e<\/div>\n<\/div>\n<\/td>\n<\/tr>\n<\/table>\n<\/div>\n\n\n\n<div style=\"background:#f4f9f5;padding:64px 5%;box-sizing:border-box;width:100%;font-family:'Trebuchet MS',sans-serif\">\n<p style=\"font-size:11px;letter-spacing:0.2em;text-transform:uppercase;color:#3a7a55;margin:0 0 8px\">Phase 1<\/p>\n<h2 style=\"font-size:28px;font-weight:700;color:#1a3d2b;margin:0 0 40px\">Le projet pilote - 13 orchestrateurs en Suisse, au Royaume-Uni et en Inde<\/h2>\n<table style=\"width:100%;border-collapse:collapse\">\n<tr>\n<td style=\"width:50%;vertical-align:top;padding-right:12px\">\n<div style=\"background:white;border:0.5px solid #e2e6df;border-radius:8px;padding:28px;margin-bottom:16px\">\n<p style=\"font-size:13px;font-weight:700;color:#3a7a55;text-transform:uppercase;letter-spacing:0.08em;margin:0 0 16px\">Ex\u00e9cution pilote<\/p>\n<p style=\"font-size:14px;color:#6b6b6b;line-height:1.7;margin:3px 0\">- 13 Orchestrateurs en Suisse, au Royaume-Uni et en Inde<\/p>\n<p style=\"font-size:14px;color:#6b6b6b;line-height:1.7;margin:3px 0\">- Format mixte : Apprentissage en ligne renforc\u00e9 par l'IA + sessions en direct<\/p>\n<p style=\"font-size:14px;color:#6b6b6b;line-height:1.7;margin:3px 0\">- Plus de 35 heures d'\u00e9tude par participant<\/p>\n<p style=\"font-size:14px;color:#6b6b6b;line-height:1.7;margin:3px 0\">- Projet d'am\u00e9lioration en cours d'emploi<\/p>\n<p style=\"font-size:14px;color:#6b6b6b;line-height:1.7;margin:3px 0\">- Examen final de certification<\/p>\n<\/div>\n<\/td>\n<td style=\"width:50%;vertical-align:top;padding-left:12px\">\n<div style=\"background:white;border:0.5px solid #e2e6df;border-radius:8px;padding:28px;margin-bottom:16px\">\n<p style=\"font-size:13px;font-weight:700;color:#3a7a55;text-transform:uppercase;letter-spacing:0.08em;margin:0 0 16px\">Impact mesurable<\/p>\n<p style=\"font-size:14px;color:#6b6b6b;line-height:1.7;margin:3px 0\">- 200 000 CHF d'\u00e9conomies<\/p>\n<p style=\"font-size:14px;color:#6b6b6b;line-height:1.7;margin:3px 0\">- RCI de 5:1 atteint et valid\u00e9<\/p>\n<p style=\"font-size:14px;color:#6b6b6b;line-height:1.7;margin:3px 0\">- Lean Six Sigma + r\u00e9flexion sur les processus bas\u00e9s sur l'IA<\/p>\n<p style=\"font-size:14px;color:#6b6b6b;line-height:1.7;margin:3px 0\">- Mise en place d'une capacit\u00e9 interne d'Orchestrator<\/p>\n<p style=\"font-size:14px;color:#6b6b6b;line-height:1.7;margin:3px 0\">- Objectif : lib\u00e9rer 75 000 jours-personnes (20% de capacit\u00e9 d'audit)<\/p>\n<\/div>\n<\/td>\n<\/tr>\n<\/table>\n<\/div>\n\n\n\n<div style=\"background:white;padding:64px 5%;box-sizing:border-box;width:100%;font-family:'Trebuchet MS',sans-serif\">\n<p style=\"font-size:11px;letter-spacing:0.2em;text-transform:uppercase;color:#3a7a55;margin:0 0 8px\">Phase 2<\/p>\n<h2 style=\"font-size:28px;font-weight:700;color:#1a3d2b;margin:0 0 12px\">Le passage \u00e0 l'\u00e9chelle - institutionnaliser la capacit\u00e9 d'audit des natifs de l'IA<\/h2>\n<p style=\"font-size:15px;color:#6b6b6b;line-height:1.7;max-width:600px;margin:0 0 40px\">Suite au succ\u00e8s du projet pilote, la banque a command\u00e9 un engagement de mise \u00e0 l'\u00e9chelle compl\u00e8te pour int\u00e9grer la capacit\u00e9 AI-Native OE dans l'ensemble de la fonction d'audit interne.<\/p>\n<table style=\"width:100%;border-collapse:collapse\">\n<tr>\n<td style=\"width:33%;vertical-align:top;padding:8px\">\n<div style=\"background:#f4f9f5;border:0.5px solid #e2e6df;border-radius:8px;padding:28px;text-align:center\">\n<div style=\"font-size:40px;font-weight:700;color:#3a7a55;margin-bottom:8px\">5<\/div>\n<p style=\"font-size:14px;font-weight:700;color:#1a3d2b;margin:0 0 8px\">Orchestrateurs seniors<\/p>\n<p style=\"font-size:13px;color:#6b6b6b;line-height:1.5;margin:0\">Construit pour diriger le programme AI-Native OE \u00e0 travers la fonction globale.<\/p>\n<\/div>\n<\/td>\n<td style=\"width:33%;vertical-align:top;padding:8px\">\n<div style=\"background:#f4f9f5;border:0.5px solid #e2e6df;border-radius:8px;padding:28px;text-align:center\">\n<div style=\"font-size:40px;font-weight:700;color:#3a7a55;margin-bottom:8px\">15<\/div>\n<p style=\"font-size:14px;font-weight:700;color:#1a3d2b;margin:0 0 8px\">Orchestrateurs d\u00e9velopp\u00e9s<\/p>\n<p style=\"font-size:13px;color:#6b6b6b;line-height:1.5;margin:0\">Une cohorte de praticiens chevronn\u00e9s capables de mener des programmes d'am\u00e9lioration de mani\u00e8re ind\u00e9pendante<\/p>\n<\/div>\n<\/td>\n<td style=\"width:33%;vertical-align:top;padding:8px\">\n<div style=\"background:#1a3d2b;border-radius:8px;padding:28px;text-align:center\">\n<div style=\"font-size:24px;font-weight:700;color:#7ecfa0;margin-bottom:8px\">Institutionnalis\u00e9<\/div>\n<p style=\"font-size:14px;font-weight:700;color:white;margin:0 0 8px\">Capacit\u00e9 d'audit native de l'IA<\/p>\n<p style=\"font-size:13px;color:#a8c9b5;line-height:1.5;margin:0\">L'ENP fait partie int\u00e9grante du fonctionnement quotidien de la fonction d'audit.<\/p>\n<\/div>\n<\/td>\n<\/tr>\n<\/table>\n<\/div>\n\n\n\n<div style=\"background:#f4f9f5;padding:64px 5%;box-sizing:border-box;width:100%;font-family:'Trebuchet MS',sans-serif\">\n<div style=\"max-width:720px;margin:0 auto;text-align:center\">\n<div style=\"font-size:48px;color:#3a7a55;line-height:1;margin-bottom:24px\">\u201c<\/div>\n<p style=\"font-size:18px;color:#1a3d2b;line-height:1.7;font-style:italic;font-weight:500;margin:0 0 24px\">La certification Green Belt d\u00e9livr\u00e9e par Einklang s'est distingu\u00e9e des autres prestataires pour trois raisons essentielles. L'objectif centr\u00e9 sur l'IA est all\u00e9 au-del\u00e0 de \u2018voici ce que l'IA peut faire dans les processus\u2019 - il a conduit \u00e0 une compr\u00e9hension plus fine de la fa\u00e7on de red\u00e9finir les processus pour le monde de l'IA afin de maximiser le potentiel de la capacit\u00e9 de l'IA.<\/p>\n<div style=\"width:48px;height:2px;background:#3a7a55;margin:0 auto 24px\"><\/div>\n<p style=\"font-size:14px;font-weight:700;color:#1a3d2b;margin:0 0 4px\">Directeur de la strat\u00e9gie et de la transformation<\/p>\n<p style=\"font-size:13px;color:#6b6b6b;margin:0\">Audit interne du groupe, la plus grande banque mondiale de Suisse<\/p>\n<\/div>\n<\/div>\n\n\n\n<div style=\"background:#eaf4ee;padding:64px 5%;box-sizing:border-box;width:100%;text-align:center;font-family:'Trebuchet MS',sans-serif\">\n<h2 style=\"font-size:26px;font-weight:700;color:#1a3d2b;margin:0 0 12px\">Ce mod\u00e8le pourrait-il s'appliquer \u00e0 votre organisation ?<\/h2>\n<p style=\"font-size:15px;color:#2d6647;margin:0 0 32px\">R\u00e9servez un appel de 30 minutes pour discuter de la mani\u00e8re dont nous pourrions mener un projet pilote au sein de votre \u00e9quipe.<\/p>\n<div style=\"display:flex;gap:12px;justify-content:center;flex-wrap:wrap\">\n<a href=\"https:\/\/calendly.com\/aslamjilani-einklangacademy\/30min\" style=\"background:#3a7a55;color:white;padding:14px 32px;border-radius:4px;font-size:15px;font-weight:700;text-decoration:none;font-family:'Trebuchet MS',sans-serif\">R\u00e9server une visite de d\u00e9couverte<\/a>\n<a href=\"\/fr\/case-study-swissmem\/\" style=\"background:white;color:#1a3d2b;padding:13px 28px;border:1px solid #b0c8b8;border-radius:4px;font-size:15px;font-weight:700;text-decoration:none;font-family:'Trebuchet MS',sans-serif\">Lire : \u00c9tude de cas Swissmem \u2192<\/a>\n<\/div>\n<\/div>","protected":false},"excerpt":{"rendered":"<p>Case Study AI-Native Skill Building at Switzerland&#8217;s Largest Global Bank A two-phase engagement that took Group Internal Audit from a 13-person pilot to an institutionalised AI-Native OE capability \u2014 with a validated 5:1 ROI. 5:1 ROI achieved &#038; validated CHF 200k Cost savings delivered 75,000 Person-days freed ~340 FTE Capacity redirected Phase 1 The pilot&#8230;<\/p>","protected":false},"author":2,"featured_media":0,"parent":0,"menu_order":0,"comment_status":"closed","ping_status":"closed","template":"","meta":{"_uag_custom_page_level_css":"","_kadence_starter_templates_imported_post":false,"_kad_post_transparent":"","_kad_post_title":"","_kad_post_layout":"fullwidth","_kad_post_sidebar_id":"","_kad_post_content_style":"","_kad_post_vertical_padding":"","_kad_post_feature":"","_kad_post_feature_position":"","_kad_post_header":false,"_kad_post_footer":false,"_kad_post_classname":"","footnotes":""},"class_list":["post-4830","page","type-page","status-publish","hentry"],"uagb_featured_image_src":{"full":false,"thumbnail":false,"medium":false,"medium_large":false,"large":false,"1536x1536":false,"2048x2048":false,"trp-custom-language-flag":false},"uagb_author_info":{"display_name":"Aslam Jilani","author_link":"https:\/\/einklang-academy.com\/fr\/author\/aslam-jilani\/"},"uagb_comment_info":0,"uagb_excerpt":"Case Study AI-Native Skill Building at Switzerland&#8217;s Largest Global Bank A two-phase engagement that took Group Internal Audit from a 13-person pilot to an institutionalised AI-Native OE capability \u2014 with a validated 5:1 ROI. 5:1 ROI achieved &#038; validated CHF 200k Cost savings delivered 75,000 Person-days freed ~340 FTE Capacity redirected Phase 1 The pilot...","_links":{"self":[{"href":"https:\/\/einklang-academy.com\/fr\/wp-json\/wp\/v2\/pages\/4830","targetHints":{"allow":["GET"]}}],"collection":[{"href":"https:\/\/einklang-academy.com\/fr\/wp-json\/wp\/v2\/pages"}],"about":[{"href":"https:\/\/einklang-academy.com\/fr\/wp-json\/wp\/v2\/types\/page"}],"author":[{"embeddable":true,"href":"https:\/\/einklang-academy.com\/fr\/wp-json\/wp\/v2\/users\/2"}],"replies":[{"embeddable":true,"href":"https:\/\/einklang-academy.com\/fr\/wp-json\/wp\/v2\/comments?post=4830"}],"version-history":[{"count":3,"href":"https:\/\/einklang-academy.com\/fr\/wp-json\/wp\/v2\/pages\/4830\/revisions"}],"predecessor-version":[{"id":4867,"href":"https:\/\/einklang-academy.com\/fr\/wp-json\/wp\/v2\/pages\/4830\/revisions\/4867"}],"wp:attachment":[{"href":"https:\/\/einklang-academy.com\/fr\/wp-json\/wp\/v2\/media?parent=4830"}],"curies":[{"name":"wp","href":"https:\/\/api.w.org\/{rel}","templated":true}]}}