{"id":4826,"date":"2026-05-06T20:51:06","date_gmt":"2026-05-06T18:51:06","guid":{"rendered":"https:\/\/einklang-academy.com\/?page_id=4826"},"modified":"2026-05-07T08:38:32","modified_gmt":"2026-05-07T06:38:32","slug":"custom-agents","status":"publish","type":"page","link":"https:\/\/einklang-academy.com\/fr\/custom-agents\/","title":{"rendered":"Agents des douanes"},"content":{"rendered":"<div style=\"background:#1a3d2b;padding:72px 5%;box-sizing:border-box;width:100%;font-family:'Trebuchet MS',sans-serif\">\n<p style=\"font-size:11px;letter-spacing:0.2em;text-transform:uppercase;color:#7ecfa0;margin:0 0 16px\">Agents des douanes<\/p>\n<div style=\"font-size:32px;font-weight:700;color:white;line-height:1.3;max-width:680px;margin:0 0 20px;font-family:'Trebuchet MS',sans-serif\">Votre m\u00e9thodologie. Vos connaissances. <span style=\"color:#7ecfa0\">Int\u00e9gr\u00e9e dans l'IA.<\/span><\/div>\n<p style=\"font-size:16px;color:#a8c9b5;line-height:1.7;max-width:560px;margin:0 0 32px\">Un Custom Agent est une IA sp\u00e9cifique \u00e0 un domaine, construite sur la base de la m\u00e9thodologie propri\u00e9taire de votre organisation - et non un chatbot g\u00e9n\u00e9rique. Il fait \u00e9voluer votre expertise \u00e0 travers les \u00e9quipes, les zones g\u00e9ographiques et les fuseaux horaires, sans augmenter vos effectifs.<\/p>\n<div style=\"display:flex;gap:12px;flex-wrap:wrap;margin-bottom:32px\">\n<a href=\"https:\/\/calendly.com\/aslamjilani-einklangacademy\/30min\" style=\"background:#3a7a55;color:white;padding:13px 26px;border-radius:4px;font-size:14px;font-weight:700;text-decoration:none;font-family:'Trebuchet MS',sans-serif\">R\u00e9server une visite de d\u00e9couverte<\/a>\n<\/div>\n<table style=\"border-collapse:collapse\">\n<tr>\n<td style=\"padding-right:24px;vertical-align:middle\">\n<div style=\"background:rgba(255,255,255,0.08);border:0.5px solid rgba(255,255,255,0.15);border-radius:8px;padding:16px 24px;text-align:center\">\n<div style=\"font-size:20px;font-weight:700;color:#7ecfa0\">Sara<\/div>\n<div style=\"font-size:11px;color:#a8c9b5;margin-top:4px\">Mise en \u0153uvre de r\u00e9f\u00e9rence<\/div>\n<\/div>\n<\/td>\n<td style=\"padding-right:24px;vertical-align:middle\">\n<div style=\"background:rgba(255,255,255,0.08);border:0.5px solid rgba(255,255,255,0.15);border-radius:8px;padding:16px 24px;text-align:center\">\n<div style=\"font-size:20px;font-weight:700;color:#7ecfa0\">L'azur<\/div>\n<div style=\"font-size:11px;color:#a8c9b5;margin-top:4px\">Architecture d'entreprise s\u00e9curis\u00e9e<\/div>\n<\/div>\n<\/td>\n<td style=\"padding-right:24px;vertical-align:middle\">\n<div style=\"background:rgba(255,255,255,0.08);border:0.5px solid rgba(255,255,255,0.15);border-radius:8px;padding:16px 24px;text-align:center\">\n<div style=\"font-size:20px;font-weight:700;color:#7ecfa0\">Les \u00e9quipes<\/div>\n<div style=\"font-size:11px;color:#a8c9b5;margin-top:4px\">D\u00e9couvrir Microsoft Teams<\/div>\n<\/div>\n<\/td>\n<td style=\"vertical-align:middle\">\n<div style=\"background:rgba(255,255,255,0.08);border:0.5px solid rgba(255,255,255,0.15);border-radius:8px;padding:16px 24px;text-align:center\">\n<div style=\"font-size:20px;font-weight:700;color:#7ecfa0\">GDPR DE L'UE<\/div>\n<div style=\"font-size:11px;color:#a8c9b5;margin-top:4px\">Conforme \u00e0 la loi<\/div>\n<\/div>\n<\/td>\n<\/tr>\n<\/table>\n<\/div>\n\n\n\n<div style=\"background:#f4f9f5;padding:64px 5%;box-sizing:border-box;width:100%;font-family:'Trebuchet MS',sans-serif\">\n<p style=\"font-size:11px;letter-spacing:0.2em;text-transform:uppercase;color:#3a7a55;margin:0 0 8px\">Qu'est-ce que c'est ?<\/p>\n<h2 style=\"font-size:28px;font-weight:700;color:#1a3d2b;margin:0 0 12px\">Pas un chatbot - une couche d'orchestration de l'IA sp\u00e9cifique \u00e0 un domaine<\/h2>\n<p style=\"font-size:15px;color:#6b6b6b;line-height:1.7;max-width:640px;margin:0 0 40px\">Un agent personnalis\u00e9 combine votre m\u00e9thodologie, votre contexte et l'intelligence LLM en une seule IA qui conna\u00eet votre cadre aussi profond\u00e9ment que votre meilleur praticien - et qui est disponible 24 heures sur 24 et 7 jours sur 7 pour tous les membres de votre organisation.<\/p>\n<table style=\"width:100%;border-collapse:collapse\">\n<tr>\n<td style=\"width:55%;vertical-align:top;padding-right:32px\">\n<div style=\"background:white;border:0.5px solid #e2e6df;border-left:4px solid #3a7a55;border-radius:0 8px 8px 0;padding:20px 24px;margin-bottom:16px\">\n<p style=\"font-size:14px;font-weight:700;color:#1a3d2b;margin:0 0 6px\">Votre m\u00e9thodologie, int\u00e9gr\u00e9e<\/p>\n<p style=\"font-size:14px;color:#6b6b6b;line-height:1.6;margin:0\">L'agent est form\u00e9 sur votre cadre propri\u00e9taire - il donne des conseils sp\u00e9cifiques \u00e0 la m\u00e9thodologie, et non des r\u00e9ponses g\u00e9n\u00e9riques de l'IA.<\/p>\n<\/div>\n<div style=\"background:white;border:0.5px solid #e2e6df;border-left:4px solid #3a7a55;border-radius:0 8px 8px 0;padding:20px 24px;margin-bottom:16px\">\n<p style=\"font-size:14px;font-weight:700;color:#1a3d2b;margin:0 0 6px\">Prise en compte du contexte<\/p>\n<p style=\"font-size:14px;color:#6b6b6b;line-height:1.6;margin:0\">L'agent comprend o\u00f9 en sont les utilisateurs dans leur parcours et adapte ses conseils en cons\u00e9quence - entre les sessions, \u00e0 travers les zones g\u00e9ographiques, \u00e0 tout moment de la journ\u00e9e.<\/p>\n<\/div>\n<div style=\"background:white;border:0.5px solid #e2e6df;border-left:4px solid #3a7a55;border-radius:0 8px 8px 0;padding:20px 24px;margin-bottom:16px\">\n<p style=\"font-size:14px;font-weight:700;color:#1a3d2b;margin:0 0 6px\">L'expertise humaine amplifi\u00e9e<\/p>\n<p style=\"font-size:14px;color:#6b6b6b;line-height:1.6;margin:0\">Vos experts sont lib\u00e9r\u00e9s pour se concentrer sur des activit\u00e9s de conseil \u00e0 forte valeur ajout\u00e9e. L'agent s'occupe du renforcement \u00e0 la demande et de l'accompagnement m\u00e9thodologique \u00e0 grande \u00e9chelle.<\/p>\n<\/div>\n<div style=\"background:white;border:0.5px solid #e2e6df;border-left:4px solid #3a7a55;border-radius:0 8px 8px 0;padding:20px 24px\">\n<p style=\"font-size:14px;font-weight:700;color:#1a3d2b;margin:0 0 6px\">La m\u00e9thodologie devient un bien num\u00e9rique<\/p>\n<p style=\"font-size:14px;color:#6b6b6b;line-height:1.6;margin:0\">Votre cadre propri\u00e9taire n'est plus enferm\u00e9 dans la t\u00eate des consultants. Il devient une capacit\u00e9 int\u00e9gr\u00e9e \u00e0 l'IA qui \u00e9volue \u00e0 l'infini.<\/p>\n<\/div>\n<\/td>\n<td style=\"width:45%;vertical-align:top\">\n<div style=\"background:#1a3d2b;border-radius:8px;padding:28px\">\n<p style=\"font-size:13px;font-weight:700;color:#7ecfa0;text-transform:uppercase;letter-spacing:0.1em;margin:0 0 20px\">Agent Einklang vs Agent Custom<\/p>\n<div style=\"margin-bottom:20px;padding-bottom:20px;border-bottom:0.5px solid rgba(255,255,255,0.12)\">\n<p style=\"font-size:14px;font-weight:700;color:white;margin:0 0 8px\">Agent Einklang<\/p>\n<p style=\"font-size:13px;color:#a8c9b5;line-height:1.6;margin:0 0 10px\">M\u00e9thodologie standard de l'ENP - pr\u00eate \u00e0 \u00eatre d\u00e9ploy\u00e9e imm\u00e9diatement. Id\u00e9ale pour les organisations qui ne disposent pas d'un cadre propri\u00e9taire.<\/p>\n<div style=\"background:rgba(126,207,160,0.15);border:0.5px solid rgba(126,207,160,0.3);color:#7ecfa0;font-size:11px;padding:4px 10px;border-radius:3px;display:inline-block\">149 CHF\/place ou 2 500 CHF\/mois<\/div>\n<\/div>\n<div>\n<p style=\"font-size:14px;font-weight:700;color:white;margin:0 0 8px\">Agent sur mesure<\/p>\n<p style=\"font-size:13px;color:#a8c9b5;line-height:1.6;margin:0 0 10px\">Votre m\u00e9thodologie propri\u00e9taire, int\u00e9gr\u00e9e \u00e0 l'IA. Construite sp\u00e9cifiquement pour votre organisation ou vos clients.<\/p>\n<div style=\"background:rgba(126,207,160,0.15);border:0.5px solid rgba(126,207,160,0.3);color:#7ecfa0;font-size:11px;padding:4px 10px;border-radius:3px;display:inline-block\">28 000-45 000 CHF construction + 590 CHF\/mois<\/div>\n<\/div>\n<\/div>\n<\/td>\n<\/tr>\n<\/table>\n<\/div>\n\n\n\n<div style=\"background:white;padding:64px 5%;box-sizing:border-box;width:100%;font-family:'Trebuchet MS',sans-serif\">\n<p style=\"font-size:11px;letter-spacing:0.2em;text-transform:uppercase;color:#3a7a55;margin:0 0 8px\">\u00c0 qui s'adresse-t-il ?<\/p>\n<h2 style=\"font-size:28px;font-weight:700;color:#1a3d2b;margin:0 0 12px\">Con\u00e7u pour les organisations ayant des connaissances approfondies dans le domaine, \u00e0 mettre \u00e0 l'\u00e9chelle<\/h2>\n<p style=\"font-size:15px;color:#6b6b6b;line-height:1.7;max-width:640px;margin:0 0 40px\">Le recours \u00e0 un agent personnalis\u00e9 est plus judicieux lorsque vous disposez d'une m\u00e9thodologie propri\u00e9taire, d'une large base de praticiens ou d'une pratique de conseil qui repose sur l'application coh\u00e9rente d'un cadre.<\/p>\n<table style=\"width:100%;border-collapse:collapse;margin-bottom:24px\">\n<tr>\n<td style=\"width:33%;vertical-align:top;padding:8px\">\n<div style=\"background:#f4f9f5;border:0.5px solid #e2e6df;border-top:3px solid #3a7a55;border-radius:8px;padding:24px\">\n<p style=\"font-size:15px;font-weight:700;color:#1a3d2b;margin:0 0 8px\">Grandes entreprises<\/p>\n<p style=\"font-size:14px;color:#6b6b6b;line-height:1.6;margin:0\">Les organisations disposant de m\u00e9thodologies internes \u00e9tablies en mati\u00e8re d'EEO, d'audit ou de transformation et souhaitant mettre en place des pratiques coh\u00e9rentes au sein d'\u00e9quipes internationales.<\/p>\n<\/div>\n<\/td>\n<td style=\"width:33%;vertical-align:top;padding:8px\">\n<div style=\"background:#f4f9f5;border:0.5px solid #e2e6df;border-top:3px solid #3a7a55;border-radius:8px;padding:24px\">\n<p style=\"font-size:15px;font-weight:700;color:#1a3d2b;margin:0 0 8px\">Soci\u00e9t\u00e9s de conseil<\/p>\n<p style=\"font-size:14px;color:#6b6b6b;line-height:1.6;margin:0\">Les entreprises qui disposent d'une m\u00e9thodologie client exclusive et qui souhaitent l'int\u00e9grer \u00e0 l'IA - afin que les clients b\u00e9n\u00e9ficient d'un coaching \u00e0 la demande entre les missions. Sara by Brilliant Working est le cas de r\u00e9f\u00e9rence.<\/p>\n<\/div>\n<\/td>\n<td style=\"width:33%;vertical-align:top;padding:8px\">\n<div style=\"background:#f4f9f5;border:0.5px solid #e2e6df;border-top:3px solid #3a7a55;border-radius:8px;padding:24px\">\n<p style=\"font-size:15px;font-weight:700;color:#1a3d2b;margin:0 0 8px\">Associations professionnelles<\/p>\n<p style=\"font-size:14px;color:#6b6b6b;line-height:1.6;margin:0\">Les associations comme Swissmem qui servent une large base de membres ayant des besoins m\u00e9thodologiques communs - et qui souhaitent offrir \u00e0 leurs membres une capacit\u00e9 d'IA permanente.<\/p>\n<\/div>\n<\/td>\n<\/tr>\n<\/table>\n<div style=\"background:#f4f9f5;border:0.5px solid #e2e6df;border-radius:8px;padding:24px\">\n<p style=\"font-size:14px;font-weight:700;color:#1a3d2b;margin:0 0 12px\">\u00c9galement transf\u00e9rable dans ces domaines<\/p>\n<div style=\"display:flex;gap:10px;flex-wrap:wrap\">\n<span style=\"font-size:13px;font-weight:700;color:#1a3d2b;background:#eaf4ee;padding:6px 14px;border-radius:4px\">Ex\u00e9cution de la strat\u00e9gie<\/span>\n<span style=\"font-size:13px;font-weight:700;color:#1a3d2b;background:#eaf4ee;padding:6px 14px;border-radius:4px\">Risque et conformit\u00e9<\/span>\n<span style=\"font-size:13px;font-weight:700;color:#1a3d2b;background:#eaf4ee;padding:6px 14px;border-radius:4px\">Audit<\/span>\n<span style=\"font-size:13px;font-weight:700;color:#1a3d2b;background:#eaf4ee;padding:6px 14px;border-radius:4px\">Programmes de transformation<\/span>\n<span style=\"font-size:13px;font-weight:700;color:#1a3d2b;background:#eaf4ee;padding:6px 14px;border-radius:4px\">M\u00e9thodologies sp\u00e9cifiques \u00e0 l'industrie<\/span>\n<\/div>\n<\/div>\n<\/div>\n\n\n\n<div style=\"background:#f4f9f5;padding:64px 5%;box-sizing:border-box;width:100%;font-family:'Trebuchet MS',sans-serif\">\n<p style=\"font-size:11px;letter-spacing:0.2em;text-transform:uppercase;color:#3a7a55;margin:0 0 8px\">Le processus<\/p>\n<h2 style=\"font-size:28px;font-weight:700;color:#1a3d2b;margin:0 0 12px\">De la m\u00e9thodologie \u00e0 l'agent d\u00e9ploy\u00e9 - en cinq \u00e9tapes<\/h2>\n<p style=\"font-size:15px;color:#6b6b6b;line-height:1.7;max-width:640px;margin:0 0 40px\">Nous prenons en charge l'ensemble de la construction - de l'extraction de la m\u00e9thodologie au d\u00e9ploiement au sein de votre locataire Microsoft.<\/p>\n<table style=\"width:100%;border-collapse:collapse;margin-bottom:24px\">\n<tr>\n<td style=\"width:20%;vertical-align:top;padding:8px;text-align:center\">\n<div style=\"width:36px;height:36px;border-radius:50%;background:#3a7a55;color:white;font-size:15px;font-weight:700;line-height:36px;text-align:center;margin:0 auto 12px\">1<\/div>\n<p style=\"font-size:13px;font-weight:700;color:#1a3d2b;margin:0 0 6px\">D\u00e9couverte<\/p>\n<p style=\"font-size:12px;color:#6b6b6b;line-height:1.5;margin:0\">Nous d\u00e9finissons votre m\u00e9thodologie, vos cas d'utilisation et les besoins des utilisateurs. Un atelier structur\u00e9.<\/p>\n<\/td>\n<td style=\"width:20%;vertical-align:top;padding:8px;text-align:center\">\n<div style=\"width:36px;height:36px;border-radius:50%;background:#3a7a55;color:white;font-size:15px;font-weight:700;line-height:36px;text-align:center;margin:0 auto 12px\">2<\/div>\n<p style=\"font-size:13px;font-weight:700;color:#1a3d2b;margin:0 0 6px\">D\u00e9veloppement des connaissances<\/p>\n<p style=\"font-size:12px;color:#6b6b6b;line-height:1.5;margin:0\">Nous extrayons, structurons et encodons votre m\u00e9thodologie dans la base de connaissances de l'agent.<\/p>\n<\/td>\n<td style=\"width:20%;vertical-align:top;padding:8px;text-align:center\">\n<div style=\"width:36px;height:36px;border-radius:50%;background:#3a7a55;color:white;font-size:15px;font-weight:700;line-height:36px;text-align:center;margin:0 auto 12px\">3<\/div>\n<p style=\"font-size:13px;font-weight:700;color:#1a3d2b;margin:0 0 6px\">Construire et tester<\/p>\n<p style=\"font-size:12px;color:#6b6b6b;line-height:1.5;margin:0\">Nous cr\u00e9ons l'agent, nous le testons de mani\u00e8re approfondie avec des sc\u00e9narios m\u00e9thodologiques r\u00e9els et nous l'affinons avec votre \u00e9quipe.<\/p>\n<\/td>\n<td style=\"width:20%;vertical-align:top;padding:8px;text-align:center\">\n<div style=\"width:36px;height:36px;border-radius:50%;background:#3a7a55;color:white;font-size:15px;font-weight:700;line-height:36px;text-align:center;margin:0 auto 12px\">4<\/div>\n<p style=\"font-size:13px;font-weight:700;color:#1a3d2b;margin:0 0 6px\">D\u00e9ployer<\/p>\n<p style=\"font-size:12px;color:#6b6b6b;line-height:1.5;margin:0\">D\u00e9ploy\u00e9 au sein de votre locataire Microsoft via l'architecture Azure s\u00e9curis\u00e9e. Conforme au GDPR de l'UE d\u00e8s le premier jour.<\/p>\n<\/td>\n<td style=\"width:20%;vertical-align:top;padding:8px;text-align:center\">\n<div style=\"width:36px;height:36px;border-radius:50%;background:#1a3d2b;color:white;font-size:15px;font-weight:700;line-height:36px;text-align:center;margin:0 auto 12px\">5<\/div>\n<p style=\"font-size:13px;font-weight:700;color:#1a3d2b;margin:0 0 6px\">Courir et \u00e9voluer<\/p>\n<p style=\"font-size:12px;color:#6b6b6b;line-height:1.5;margin:0\">Nous g\u00e9rons l'agent mensuellement - mises \u00e0 jour, am\u00e9liorations, ajouts de nouvelles m\u00e9thodologies au fur et \u00e0 mesure de l'\u00e9volution de votre pratique.<\/p>\n<\/td>\n<\/tr>\n<\/table>\n<div style=\"background:#1a3d2b;border-radius:8px;padding:20px 28px\">\n<p style=\"font-size:14px;font-weight:700;color:white;margin:0 0 4px\">\ud83d\udd12 Conformit\u00e9 au GDPR de l'UE et s\u00e9curit\u00e9 des donn\u00e9es de niveau entreprise<\/p>\n<p style=\"font-size:13px;color:#a8c9b5;line-height:1.5;margin:0\">D\u00e9ploy\u00e9 au sein de votre locataire Microsoft - vos donn\u00e9es et celles de vos clients ne quittent jamais l'environnement de votre organisation. Conformit\u00e9 totale avec le GDPR de l'UE et les normes suisses de protection des donn\u00e9es.<\/p>\n<\/div>\n<\/div>\n\n\n\n<div style=\"background:#1a3d2b;padding:64px 5%;box-sizing:border-box;width:100%;font-family:'Trebuchet MS',sans-serif\">\n<p style=\"font-size:11px;letter-spacing:0.2em;text-transform:uppercase;color:#7ecfa0;margin:0 0 8px\">Tarification<\/p>\n<h2 style=\"font-size:28px;font-weight:700;color:white;margin:0 0 12px\">Des prix transparents pour la construction et l'exploitation<\/h2>\n<p style=\"font-size:15px;color:#a8c9b5;line-height:1.7;max-width:560px;margin:0 0 40px\">Pas de frais cach\u00e9s. L'engagement de construction fournit un agent enti\u00e8rement d\u00e9ploy\u00e9 et test\u00e9. Les frais d'exploitation mensuels permettent de le maintenir \u00e0 jour au fur et \u00e0 mesure de l'\u00e9volution de votre m\u00e9thodologie.<\/p>\n<table style=\"width:100%;border-collapse:collapse\">\n<tr>\n<td style=\"width:50%;vertical-align:top;padding-right:12px\">\n<div style=\"background:rgba(255,255,255,0.07);border:0.5px solid rgba(255,255,255,0.15);border-radius:8px;padding:32px\">\n<p style=\"font-size:11px;letter-spacing:0.14em;text-transform:uppercase;color:#7ecfa0;margin:0 0 12px\">Renforcer l'engagement<\/p>\n<div style=\"font-size:40px;font-weight:700;color:#7ecfa0;line-height:1;margin-bottom:4px\">28k-45k CHF<\/div>\n<p style=\"font-size:13px;color:#7a9e88;margin:0 0 24px\">Frais de construction uniques - en fonction du champ d'application<\/p>\n<p style=\"font-size:13px;color:#c5d9cc;margin:5px 0\">\u2713 Atelier de d\u00e9couverte et extraction de la m\u00e9thodologie<\/p>\n<p style=\"font-size:13px;color:#c5d9cc;margin:5px 0\">\u2713 Construction d'un agent complet et d'une base de connaissances<\/p>\n<p style=\"font-size:13px;color:#c5d9cc;margin:5px 0\">\u2713 Test et perfectionnement avec votre \u00e9quipe<\/p>\n<p style=\"font-size:13px;color:#c5d9cc;margin:5px 0\">\u2713 D\u00e9ploiement au sein de votre locataire Microsoft<\/p>\n<p style=\"font-size:13px;color:#c5d9cc;margin:5px 0\">\u2713 Architecture conforme au GDPR de l'UE<\/p>\n<a href=\"https:\/\/calendly.com\/aslamjilani-einklangacademy\/30min\" style=\"background:#3a7a55;color:white;padding:13px;border-radius:4px;font-size:14px;font-weight:700;text-decoration:none;display:block;text-align:center;margin-top:24px;font-family:'Trebuchet MS',sans-serif\">R\u00e9server une visite de d\u00e9couverte<\/a>\n<\/div>\n<\/td>\n<td style=\"width:50%;vertical-align:top;padding-left:12px\">\n<div style=\"background:rgba(255,255,255,0.07);border:0.5px solid rgba(255,255,255,0.15);border-radius:8px;padding:32px\">\n<p style=\"font-size:11px;letter-spacing:0.14em;text-transform:uppercase;color:#7ecfa0;margin:0 0 12px\">Frais de fonctionnement mensuels<\/p>\n<div style=\"font-size:40px;font-weight:700;color:#7ecfa0;line-height:1;margin-bottom:4px\">590 CHF<\/div>\n<p style=\"font-size:13px;color:#7a9e88;margin:0 0 24px\">Par mois - en cours apr\u00e8s le d\u00e9ploiement<\/p>\n<p style=\"font-size:13px;color:#c5d9cc;margin:5px 0\">\u2713 Suivi des agents et gestion des performances<\/p>\n<p style=\"font-size:13px;color:#c5d9cc;margin:5px 0\">Mise \u00e0 jour de la m\u00e9thodologie au fur et \u00e0 mesure de l'\u00e9volution du cadre de travail<\/p>\n<p style=\"font-size:13px;color:#c5d9cc;margin:5px 0\">\u2713 Rapports mensuels d'utilisation et de performance<\/p>\n<p style=\"font-size:13px;color:#c5d9cc;margin:5px 0\">\u2713 Support technique et escalade<\/p>\n<p style=\"font-size:13px;color:#c5d9cc;margin:5px 0\">\u2713 R\u00e9silier avec un pr\u00e9avis de 30 jours<\/p>\n<div style=\"background:rgba(255,255,255,0.05);border:0.5px solid rgba(255,255,255,0.1);border-radius:6px;padding:16px;margin-top:24px\">\n<p style=\"font-size:12px;color:#a8c9b5;line-height:1.6;margin:0\">Les frais mensuels permettent \u00e0 votre agent de rester \u00e0 jour - votre agent suit l'\u00e9volution de votre m\u00e9thodologie.<\/p>\n<\/div>\n<\/div>\n<\/td>\n<\/tr>\n<\/table>\n<\/div>\n\n\n\n<div style=\"background:#eaf4ee;padding:64px 5%;box-sizing:border-box;width:100%;text-align:center;font-family:'Trebuchet MS',sans-serif\">\n<h2 style=\"font-size:26px;font-weight:700;color:#1a3d2b;margin:0 0 12px\">Pr\u00eat \u00e0 int\u00e9grer votre m\u00e9thodologie dans l'IA ?<\/h2>\n<p style=\"font-size:15px;color:#2d6647;margin:0 0 32px\">R\u00e9servez un appel de d\u00e9couverte de 30 minutes. Nous explorerons votre m\u00e9thodologie, votre cas d'utilisation et nous verrons si un Custom Agent est le bon choix.<\/p>\n<div style=\"display:flex;gap:12px;justify-content:center;flex-wrap:wrap\">\n<a href=\"https:\/\/calendly.com\/aslamjilani-einklangacademy\/30min\" style=\"background:#3a7a55;color:white;padding:14px 32px;border-radius:4px;font-size:15px;font-weight:700;text-decoration:none;font-family:'Trebuchet MS',sans-serif\">R\u00e9server une visite de d\u00e9couverte<\/a>\n<a href=\"\/fr\/case-study-sara\/\" style=\"background:white;color:#1a3d2b;padding:13px 28px;border:1px solid #b0c8b8;border-radius:4px;font-size:15px;font-weight:700;text-decoration:none;font-family:'Trebuchet MS',sans-serif\">Lire l'\u00e9tude de cas de Sara \u2192<\/a>\n<\/div>\n<\/div>","protected":false},"excerpt":{"rendered":"<p>Custom Agents Your methodology. Your knowledge. Embedded in AI. A Custom Agent is a domain-specific AI built on your organisation&#8217;s proprietary methodology \u2014 not a generic chatbot. It scales your expertise across teams, geographies, and time zones, without scaling your headcount. Book a discovery call Sara Reference implementation Azure Secure enterprise architecture Teams Inside Microsoft&#8230;<\/p>","protected":false},"author":2,"featured_media":0,"parent":0,"menu_order":0,"comment_status":"closed","ping_status":"closed","template":"","meta":{"_uag_custom_page_level_css":"","_kadence_starter_templates_imported_post":false,"_kad_post_transparent":"","_kad_post_title":"","_kad_post_layout":"fullwidth","_kad_post_sidebar_id":"","_kad_post_content_style":"","_kad_post_vertical_padding":"","_kad_post_feature":"","_kad_post_feature_position":"","_kad_post_header":false,"_kad_post_footer":false,"_kad_post_classname":"","footnotes":""},"class_list":["post-4826","page","type-page","status-publish","hentry"],"uagb_featured_image_src":{"full":false,"thumbnail":false,"medium":false,"medium_large":false,"large":false,"1536x1536":false,"2048x2048":false,"trp-custom-language-flag":false},"uagb_author_info":{"display_name":"Aslam Jilani","author_link":"https:\/\/einklang-academy.com\/fr\/author\/aslam-jilani\/"},"uagb_comment_info":0,"uagb_excerpt":"Custom Agents Your methodology. Your knowledge. Embedded in AI. A Custom Agent is a domain-specific AI built on your organisation&#8217;s proprietary methodology \u2014 not a generic chatbot. It scales your expertise across teams, geographies, and time zones, without scaling your headcount. Book a discovery call Sara Reference implementation Azure Secure enterprise architecture Teams Inside Microsoft...","_links":{"self":[{"href":"https:\/\/einklang-academy.com\/fr\/wp-json\/wp\/v2\/pages\/4826","targetHints":{"allow":["GET"]}}],"collection":[{"href":"https:\/\/einklang-academy.com\/fr\/wp-json\/wp\/v2\/pages"}],"about":[{"href":"https:\/\/einklang-academy.com\/fr\/wp-json\/wp\/v2\/types\/page"}],"author":[{"embeddable":true,"href":"https:\/\/einklang-academy.com\/fr\/wp-json\/wp\/v2\/users\/2"}],"replies":[{"embeddable":true,"href":"https:\/\/einklang-academy.com\/fr\/wp-json\/wp\/v2\/comments?post=4826"}],"version-history":[{"count":3,"href":"https:\/\/einklang-academy.com\/fr\/wp-json\/wp\/v2\/pages\/4826\/revisions"}],"predecessor-version":[{"id":4865,"href":"https:\/\/einklang-academy.com\/fr\/wp-json\/wp\/v2\/pages\/4826\/revisions\/4865"}],"wp:attachment":[{"href":"https:\/\/einklang-academy.com\/fr\/wp-json\/wp\/v2\/media?parent=4826"}],"curies":[{"name":"wp","href":"https:\/\/api.w.org\/{rel}","templated":true}]}}