{"id":4539,"date":"2024-12-08T18:21:40","date_gmt":"2024-12-08T17:21:40","guid":{"rendered":"https:\/\/einklang-academy.com\/?page_id=4539"},"modified":"2024-12-08T18:31:11","modified_gmt":"2024-12-08T17:31:11","slug":"what-guides-us","status":"publish","type":"page","link":"https:\/\/einklang-academy.com\/fr\/what-guides-us\/","title":{"rendered":"Ce qui nous guide"},"content":{"rendered":"<div class=\"wp-block-uagb-container uagb-block-myd2uxmv alignfull uagb-is-root-container\"><div class=\"uagb-container-inner-blocks-wrap\">\n<div class=\"wp-block-uagb-info-box uagb-block-ugb5cj0w uagb-infobox__content-wrap  uagb-infobox-icon-above-title uagb-infobox-image-valign-top\"><div class=\"uagb-ifb-content\"><div class=\"uagb-ifb-title-wrap\"><h1 class=\"uagb-ifb-title\">L'approche \"Einklang<\/h1><\/div><p class=\"uagb-ifb-desc\">Vous pouvez vous attendre \u00e0 une expertise actualis\u00e9e, \u00e0 des ann\u00e9es d'exp\u00e9rience et \u00e0 des r\u00e9f\u00e9rences pertinentes. Cependant, nous nous consid\u00e9rons \u00e9galement comme une organisation apprenante, tout comme vous. Nous recevons continuellement de nouvelles id\u00e9es en mati\u00e8re de psychologie organisationnelle, des r\u00e9sultats de recherches sur l'efficacit\u00e9 de la gestion du changement, de nouveaux outils informatiques pour l'optimisation des processus ou un retour d'information de nos clients sur des projets de gestion all\u00e9g\u00e9e (Lean Management). Et nous mettons ce savoir-faire \u00e0 votre disposition...<\/p><\/div><\/div>\n<\/div><\/div>\n\n\n\n<div class=\"wp-block-uagb-container uagb-block-iacexfkq alignfull uagb-is-root-container\"><div class=\"uagb-container-inner-blocks-wrap\">\n<div class=\"wp-block-uagb-image alignleft uagb-block-p2lmldbk wp-block-uagb-image--layout-default wp-block-uagb-image--effect-static wp-block-uagb-image--align-left\"><figure class=\"wp-block-uagb-image__figure\"><img decoding=\"async\" srcset=\"https:\/\/einklang-academy.com\/wp-content\/uploads\/2024\/05\/lighted-city-during-night-1472612-1024x683.jpg ,https:\/\/einklang-academy.com\/wp-content\/uploads\/2024\/05\/lighted-city-during-night-1472612-1024x683.jpg 780w, https:\/\/einklang-academy.com\/wp-content\/uploads\/2024\/05\/lighted-city-during-night-1472612-1024x683.jpg 360w\" sizes=\"auto, (max-width: 480px) 150px\" src=\"https:\/\/einklang-academy.com\/wp-content\/uploads\/2024\/05\/lighted-city-during-night-1472612-1024x683.jpg\" alt=\"Lighted City during Night\" class=\"uag-image-3917\" width=\"564\" height=\"423\" title=\"Photo de Lina Mamone\" loading=\"lazy\" role=\"img\"\/><\/figure><\/div>\n\n\n\n<div class=\"wp-block-uagb-container uagb-block-ojegq5ct\">\n<div class=\"wp-block-uagb-info-box uagb-block-1eimpr8m uagb-infobox__content-wrap  uagb-infobox-icon-above-title uagb-infobox-image-valign-top\"><div class=\"uagb-ifb-content\"><div class=\"uagb-ifb-title-wrap\"><h2 class=\"uagb-ifb-title\"><strong>Notre mission en tant qu'entreprise sociale<\/strong><\/h2><\/div><p class=\"uagb-ifb-desc\">L'expertise et l'exp\u00e9rience sont socialement efficaces lorsque nous les partageons.<br>Les nouvelles technologies facilitent l'enseignement et l'apprentissage lorsqu'elles sont utilis\u00e9es correctement.<br>Tout comme nos partenaires, nous investissons dans le d\u00e9veloppement de nos m\u00e9thodes et de nos comp\u00e9tences.<\/p><\/div><\/div>\n<\/div>\n<\/div><\/div>\n\n\n\n<div class=\"wp-block-uagb-container uagb-block-rwoager1 alignfull uagb-is-root-container\"><div class=\"uagb-container-inner-blocks-wrap\">\n<div class=\"wp-block-uagb-info-box uagb-block-16013938 uagb-infobox__content-wrap  uagb-infobox-icon-above-title uagb-infobox-image-valign-top\"><div class=\"uagb-ifb-content\"><div class=\"uagb-ifb-title-wrap\"><h2 class=\"uagb-ifb-title\">Le pouvoir de la pens\u00e9e individuelle et de l'\u00e9change social.<\/h2><\/div><p class=\"uagb-ifb-desc\">Embarquez avec nous pour un voyage \u00e0 la d\u00e9couverte de la source ultime de votre apprentissage !<\/p><\/div><\/div>\n\n\n\n<div class=\"wp-block-columns is-layout-flex wp-container-core-columns-is-layout-9d6595d7 wp-block-columns-is-layout-flex\">\n<div class=\"wp-block-column is-layout-flow wp-block-column-is-layout-flow\">\n<div class=\"wp-block-uagb-container uagb-block-24b65ef0\">\n<p><strong>Apprentissage individuel<\/strong><\/p>\n<\/div>\n\n\n\n<div class=\"wp-block-uagb-image uagb-block-bec0706d wp-block-uagb-image--layout-default wp-block-uagb-image--effect-static wp-block-uagb-image--align-none\"><figure class=\"wp-block-uagb-image__figure\"><img decoding=\"async\" srcset=\"https:\/\/einklang-academy.com\/wp-content\/uploads\/2024\/05\/back-to-school-flatlay-5088008-1024x683.jpg ,https:\/\/einklang-academy.com\/wp-content\/uploads\/2024\/05\/back-to-school-flatlay-5088008-1024x683.jpg 780w, https:\/\/einklang-academy.com\/wp-content\/uploads\/2024\/05\/back-to-school-flatlay-5088008-1024x683.jpg 360w\" sizes=\"auto, (max-width: 480px) 150px\" src=\"https:\/\/einklang-academy.com\/wp-content\/uploads\/2024\/05\/back-to-school-flatlay-5088008-1024x683.jpg\" alt=\"Back to School Flatlay\" class=\"uag-image-3906\" width=\"1024\" height=\"683\" title=\"Photo : olia danilevich\" loading=\"lazy\" role=\"img\"\/><\/figure><\/div>\n\n\n\n<p>Chaque personne a une fa\u00e7on unique de penser et d'apprendre. Lors de la conception de situations d'apprentissage, il est important de veiller \u00e0 ce que les apprenants se voient proposer diff\u00e9rentes approches th\u00e9matiques et sensorielles.<\/p>\n<\/div>\n\n\n\n<div class=\"wp-block-column is-layout-flow wp-block-column-is-layout-flow\">\n<div class=\"wp-block-uagb-container uagb-block-d9a61d4f\">\n<p><strong>Activer les connaissances ant\u00e9rieures<\/strong><\/p>\n<\/div>\n\n\n\n<div class=\"wp-block-uagb-image uagb-block-302d1e2d wp-block-uagb-image--layout-default wp-block-uagb-image--effect-static wp-block-uagb-image--align-none\"><figure class=\"wp-block-uagb-image__figure\"><img decoding=\"async\" srcset=\"https:\/\/einklang-academy.com\/wp-content\/uploads\/2024\/05\/pile-of-books-159866-1024x687.jpg ,https:\/\/einklang-academy.com\/wp-content\/uploads\/2024\/05\/pile-of-books-159866-1024x687.jpg 780w, https:\/\/einklang-academy.com\/wp-content\/uploads\/2024\/05\/pile-of-books-159866-1024x687.jpg 360w\" sizes=\"auto, (max-width: 480px) 150px\" src=\"https:\/\/einklang-academy.com\/wp-content\/uploads\/2024\/05\/pile-of-books-159866-1024x687.jpg\" alt=\"Pile of Books\" class=\"uag-image-3905\" width=\"1024\" height=\"687\" title=\"Photo par Pixabay\" loading=\"lazy\" role=\"img\"\/><\/figure><\/div>\n\n\n\n<p>Tout processus d'apprentissage interroge d'abord ses propres connaissances pr\u00e9alables. Il n'est pas possible d'apprendre dans le vide. Pour que l'apprentissage commence, il doit \u00eatre li\u00e9 \u00e0 quelque chose de d\u00e9j\u00e0 connu, c'est-\u00e0-dire que les connaissances ant\u00e9rieures doivent \u00eatre activ\u00e9es.<\/p>\n<\/div>\n\n\n\n<div class=\"wp-block-column is-layout-flow wp-block-column-is-layout-flow\">\n<div class=\"wp-block-uagb-container uagb-block-a6b561f8\">\n<p><strong>Combler les lacunes en mati\u00e8re de connaissances<\/strong><\/p>\n<\/div>\n\n\n\n<div class=\"wp-block-uagb-image uagb-block-6ee95b14 wp-block-uagb-image--layout-default wp-block-uagb-image--effect-static wp-block-uagb-image--align-none\"><figure class=\"wp-block-uagb-image__figure\"><img decoding=\"async\" srcset=\"https:\/\/einklang-academy.com\/wp-content\/uploads\/2024\/05\/man-holding-book-2781195-1024x683.jpg ,https:\/\/einklang-academy.com\/wp-content\/uploads\/2024\/05\/man-holding-book-2781195-1024x683.jpg 780w, https:\/\/einklang-academy.com\/wp-content\/uploads\/2024\/05\/man-holding-book-2781195-1024x683.jpg 360w\" sizes=\"auto, (max-width: 480px) 150px\" src=\"https:\/\/einklang-academy.com\/wp-content\/uploads\/2024\/05\/man-holding-book-2781195-1024x683.jpg\" alt=\"Man Holding Book\" class=\"uag-image-3904\" width=\"1024\" height=\"683\" title=\"Photo de Kaushal Moradiya\" loading=\"lazy\" role=\"img\"\/><\/figure><\/div>\n\n\n\n<p>Plus une personne investit d'efforts cognitifs dans le d\u00e9veloppement d'une id\u00e9e, plus la mati\u00e8re apprise reste disponible longtemps et de meilleure qualit\u00e9. La simple m\u00e9morisation est consid\u00e9r\u00e9e comme l'une des m\u00e9thodes d'apprentissage les moins significatives et les moins utiles.<\/p>\n<\/div>\n\n\n\n<div class=\"wp-block-column is-layout-flow wp-block-column-is-layout-flow\">\n<div class=\"wp-block-uagb-container uagb-block-dac12333\">\n<p><strong>Interaction sociale<\/strong><\/p>\n<\/div>\n\n\n\n<div class=\"wp-block-uagb-image uagb-block-17541c28 wp-block-uagb-image--layout-default wp-block-uagb-image--effect-static wp-block-uagb-image--align-none\"><figure class=\"wp-block-uagb-image__figure\"><img decoding=\"async\" srcset=\"https:\/\/einklang-academy.com\/wp-content\/uploads\/2024\/05\/three-woman-in-front-of-laptop-computer-1181233-1024x684.jpg ,https:\/\/einklang-academy.com\/wp-content\/uploads\/2024\/05\/three-woman-in-front-of-laptop-computer-1181233-1024x684.jpg 780w, https:\/\/einklang-academy.com\/wp-content\/uploads\/2024\/05\/three-woman-in-front-of-laptop-computer-1181233-1024x684.jpg 360w\" sizes=\"auto, (max-width: 480px) 150px\" src=\"https:\/\/einklang-academy.com\/wp-content\/uploads\/2024\/05\/three-woman-in-front-of-laptop-computer-1181233-1024x684.jpg\" alt=\"Three Woman in Front of Laptop Computer\" class=\"uag-image-3958\" width=\"1024\" height=\"683\" title=\"Photo de Christina Morillo\" loading=\"lazy\" role=\"img\"\/><\/figure><\/div>\n\n\n\n<p>L'apprentissage b\u00e9n\u00e9ficie \u00e0 la fois de l'apprentissage \"solitaire\" de l'individu et de l'\u00e9change social avec d'autres apprenants. Le partage des connaissances acquises avec d'autres permet de les approfondir.<\/p>\n<\/div>\n<\/div>\n<\/div><\/div>","protected":false},"excerpt":{"rendered":"<p>Individual Learning Every person has a unique way of thinking and learning. When designing learning situations, it is important to ensure that learners are offered various thematic and sensory approaches. Activate Prior Knowledge Every learning process first queries its own prior knowledge. Learning in a vacuum is not possible. For learning to begin at all,&#8230;<\/p>","protected":false},"author":2,"featured_media":0,"parent":0,"menu_order":0,"comment_status":"closed","ping_status":"closed","template":"","meta":{"_uag_custom_page_level_css":"","_price":"","_stock":"","_tribe_ticket_header":"","_tribe_default_ticket_provider":"","_tribe_ticket_capacity":"0","_ticket_start_date":"","_ticket_end_date":"","_tribe_ticket_show_description":"","_tribe_ticket_show_not_going":false,"_tribe_ticket_use_global_stock":"","_tribe_ticket_global_stock_level":"","_global_stock_mode":"","_global_stock_cap":"","_tribe_rsvp_for_event":"","_tribe_ticket_going_count":"","_tribe_ticket_not_going_count":"","_tribe_tickets_list":"[]","_tribe_ticket_has_attendee_info_fields":false,"_kadence_starter_templates_imported_post":false,"_kad_post_transparent":"","_kad_post_title":"","_kad_post_layout":"","_kad_post_sidebar_id":"","_kad_post_content_style":"","_kad_post_vertical_padding":"","_kad_post_feature":"","_kad_post_feature_position":"","_kad_post_header":false,"_kad_post_footer":false,"_kad_post_classname":"","footnotes":"","_tec_slr_enabled":"","_tec_slr_layout":""},"class_list":["post-4539","page","type-page","status-publish","hentry"],"uagb_featured_image_src":{"full":false,"thumbnail":false,"medium":false,"medium_large":false,"large":false,"1536x1536":false,"2048x2048":false,"trp-custom-language-flag":false},"uagb_author_info":{"display_name":"Aslam Jilani","author_link":"https:\/\/einklang-academy.com\/fr\/author\/aslam-jilani\/"},"uagb_comment_info":0,"uagb_excerpt":"Individual Learning Every person has a unique way of thinking and learning. When designing learning situations, it is important to ensure that learners are offered various thematic and sensory approaches. Activate Prior Knowledge Every learning process first queries its own prior knowledge. Learning in a vacuum is not possible. For learning to begin at all,...","ticketed":false,"_links":{"self":[{"href":"https:\/\/einklang-academy.com\/fr\/wp-json\/wp\/v2\/pages\/4539","targetHints":{"allow":["GET"]}}],"collection":[{"href":"https:\/\/einklang-academy.com\/fr\/wp-json\/wp\/v2\/pages"}],"about":[{"href":"https:\/\/einklang-academy.com\/fr\/wp-json\/wp\/v2\/types\/page"}],"author":[{"embeddable":true,"href":"https:\/\/einklang-academy.com\/fr\/wp-json\/wp\/v2\/users\/2"}],"replies":[{"embeddable":true,"href":"https:\/\/einklang-academy.com\/fr\/wp-json\/wp\/v2\/comments?post=4539"}],"version-history":[{"count":3,"href":"https:\/\/einklang-academy.com\/fr\/wp-json\/wp\/v2\/pages\/4539\/revisions"}],"predecessor-version":[{"id":4550,"href":"https:\/\/einklang-academy.com\/fr\/wp-json\/wp\/v2\/pages\/4539\/revisions\/4550"}],"wp:attachment":[{"href":"https:\/\/einklang-academy.com\/fr\/wp-json\/wp\/v2\/media?parent=4539"}],"curies":[{"name":"wp","href":"https:\/\/api.w.org\/{rel}","templated":true}]}}