{"id":4832,"date":"2026-05-06T20:52:17","date_gmt":"2026-05-06T18:52:17","guid":{"rendered":"https:\/\/einklang-academy.com\/?page_id=4832"},"modified":"2026-05-07T08:42:14","modified_gmt":"2026-05-07T06:42:14","slug":"case-study-swissmem","status":"publish","type":"page","link":"https:\/\/einklang-academy.com\/es\/case-study-swissmem\/","title":{"rendered":"Case Study \u2014 Swissmem"},"content":{"rendered":"<div style=\"background:#1a3d2b;padding:72px 5%;box-sizing:border-box;width:100%;font-family:'Trebuchet MS',sans-serif\">\n<p style=\"font-size:11px;letter-spacing:0.2em;text-transform:uppercase;color:#7ecfa0;margin:0 0 16px\">Estudio de caso<\/p>\n<div style=\"font-size:32px;font-weight:700;color:white;line-height:1.3;max-width:700px;margin:0 0 20px;font-family:'Trebuchet MS',sans-serif\">Democratizaci\u00f3n de la OE <span style=\"color:#7ecfa0\">Industria suiza: la asociaci\u00f3n Swissmem<\/span><\/div>\n<p style=\"font-size:16px;color:#a8c9b5;line-height:1.7;max-width:560px;margin:0 0 32px\">Desde 2022, Einklang se ha asociado con Swissmem -la principal asociaci\u00f3n industrial de Suiza- para llevar la excelencia operativa AI-Native a 1300 empresas miembro.<\/p>\n<table style=\"border-collapse:collapse\">\n<tr>\n<td style=\"padding-right:16px;vertical-align:middle\">\n<div style=\"background:rgba(255,255,255,0.08);border:0.5px solid rgba(255,255,255,0.15);border-radius:8px;padding:20px 28px;text-align:center\">\n<div style=\"font-size:32px;font-weight:700;color:#7ecfa0\">M\u00e1s de 3,8 millones de CHF<\/div>\n<div style=\"font-size:12px;color:#a8c9b5;margin-top:4px\">Impacto mensurable<\/div>\n<\/div>\n<\/td>\n<td style=\"padding-right:16px;vertical-align:middle\">\n<div style=\"background:rgba(255,255,255,0.08);border:0.5px solid rgba(255,255,255,0.15);border-radius:8px;padding:20px 28px;text-align:center\">\n<div style=\"font-size:32px;font-weight:700;color:#7ecfa0\">160+<\/div>\n<div style=\"font-size:12px;color:#a8c9b5;margin-top:4px\">L\u00edderes certificados<\/div>\n<\/div>\n<\/td>\n<td style=\"padding-right:16px;vertical-align:middle\">\n<div style=\"background:rgba(255,255,255,0.08);border:0.5px solid rgba(255,255,255,0.15);border-radius:8px;padding:20px 28px;text-align:center\">\n<div style=\"font-size:32px;font-weight:700;color:#7ecfa0\">1,300<\/div>\n<div style=\"font-size:12px;color:#a8c9b5;margin-top:4px\">Empresas miembro<\/div>\n<\/div>\n<\/td>\n<td style=\"vertical-align:middle\">\n<div style=\"background:rgba(255,255,255,0.08);border:0.5px solid rgba(255,255,255,0.15);border-radius:8px;padding:20px 28px;text-align:center\">\n<div style=\"font-size:32px;font-weight:700;color:#7ecfa0\">2022<\/div>\n<div style=\"font-size:12px;color:#a8c9b5;margin-top:4px\">Asociaci\u00f3n desde<\/div>\n<\/div>\n<\/td>\n<\/tr>\n<\/table>\n<\/div>\n\n\n\n<div style=\"background:#f4f9f5;padding:64px 5%;box-sizing:border-box;width:100%;font-family:'Trebuchet MS',sans-serif\">\n<p style=\"font-size:11px;letter-spacing:0.2em;text-transform:uppercase;color:#3a7a55;margin:0 0 8px\">La asociaci\u00f3n<\/p>\n<h2 style=\"font-size:28px;font-weight:700;color:#1a3d2b;margin:0 0 40px\">Co-desarrollo de programas de OE para l\u00edderes industriales suizos<\/h2>\n<table style=\"width:100%;border-collapse:collapse\">\n<tr>\n<td style=\"width:50%;vertical-align:top;padding-right:12px\">\n<div style=\"background:white;border:0.5px solid #e2e6df;border-radius:8px;padding:28px\">\n<p style=\"font-size:13px;font-weight:700;color:#3a7a55;text-transform:uppercase;letter-spacing:0.08em;margin:0 0 16px\">Lo que construimos juntos<\/p>\n<p style=\"font-size:14px;color:#6b6b6b;line-height:1.7;margin:3px 0\">- Programas de certificaci\u00f3n AI-Native OE codesarrollados<\/p>\n<p style=\"font-size:14px;color:#6b6b6b;line-height:1.7;margin:3px 0\">- Adaptado al contexto y los retos del sector industrial suizo<\/p>\n<p style=\"font-size:14px;color:#6b6b6b;line-height:1.7;margin:3px 0\">- Ciclos de proyecto de 4-5 meses con trabajo de mejora en el puesto de trabajo<\/p>\n<p style=\"font-size:14px;color:#6b6b6b;line-height:1.7;margin:3px 0\">- Impartido en alem\u00e1n e ingl\u00e9s en toda la regi\u00f3n DACH<\/p>\n<\/div>\n<\/td>\n<td style=\"width:50%;vertical-align:top;padding-left:12px\">\n<div style=\"background:white;border:0.5px solid #e2e6df;border-radius:8px;padding:28px\">\n<p style=\"font-size:13px;font-weight:700;color:#3a7a55;text-transform:uppercase;letter-spacing:0.08em;margin:0 0 16px\">La inversi\u00f3n de ampliaci\u00f3n<\/p>\n<p style=\"font-size:14px;color:#6b6b6b;line-height:1.7;margin:3px 0\">- Swissmem ha realizado una inversi\u00f3n estrat\u00e9gica en el agente de Einklang<\/p>\n<p style=\"font-size:14px;color:#6b6b6b;line-height:1.7;margin:3px 0\">- Ampliar la capacidad estructurada de EO a las 1.300 empresas miembro<\/p>\n<p style=\"font-size:14px;color:#6b6b6b;line-height:1.7;margin:3px 0\">- Pasar de una formaci\u00f3n basada en cohortes a una capacidad permanente basada en IA<\/p>\n<\/div>\n<\/td>\n<\/tr>\n<\/table>\n<\/div>\n\n\n\n<div style=\"background:white;padding:64px 5%;box-sizing:border-box;width:100%;font-family:'Trebuchet MS',sans-serif\">\n<p style=\"font-size:11px;letter-spacing:0.2em;text-transform:uppercase;color:#3a7a55;margin:0 0 8px\">Impacto medido<\/p>\n<h2 style=\"font-size:28px;font-weight:700;color:#1a3d2b;margin:0 0 40px\">M\u00e1s de 3,8 millones de francos suizos en mejoras cuantificables de la productividad<\/h2>\n<table style=\"width:100%;border-collapse:collapse\">\n<tr>\n<td style=\"width:33%;vertical-align:top;padding:8px;text-align:center\">\n<div style=\"background:#f4f9f5;border-radius:8px;padding:32px\">\n<div style=\"font-size:48px;font-weight:700;color:#3a7a55;line-height:1\">M\u00e1s de 3,8 millones de CHF<\/div>\n<div style=\"font-size:14px;color:#6b6b6b;margin-top:12px;line-height:1.5\">Medici\u00f3n del impacto en la productividad de las empresas miembros de Swissmem<\/div>\n<\/div>\n<\/td>\n<td style=\"width:33%;vertical-align:top;padding:8px;text-align:center\">\n<div style=\"background:#f4f9f5;border-radius:8px;padding:32px\">\n<div style=\"font-size:48px;font-weight:700;color:#3a7a55;line-height:1\">160+<\/div>\n<div style=\"font-size:14px;color:#6b6b6b;margin-top:12px;line-height:1.5\">L\u00edderes industriales certificados en excelencia operativa nativa de IA<\/div>\n<\/div>\n<\/td>\n<td style=\"width:33%;vertical-align:top;padding:8px;text-align:center\">\n<div style=\"background:#f4f9f5;border-radius:8px;padding:32px\">\n<div style=\"font-size:48px;font-weight:700;color:#3a7a55;line-height:1\">M\u00e1s de 3 a\u00f1os<\/div>\n<div style=\"font-size:14px;color:#6b6b6b;margin-top:12px;line-height:1.5\">De colaboraci\u00f3n continua en el desarrollo y ejecuci\u00f3n de programas<\/div>\n<\/div>\n<\/td>\n<\/tr>\n<\/table>\n<\/div>\n\n\n\n<div style=\"background:#f4f9f5;padding:64px 5%;box-sizing:border-box;width:100%;font-family:'Trebuchet MS',sans-serif\">\n<div style=\"max-width:720px;margin:0 auto;text-align:center\">\n<div style=\"font-size:48px;color:#3a7a55;line-height:1;margin-bottom:24px\">\u201c<\/div>\n<p style=\"font-size:18px;color:#1a3d2b;line-height:1.7;font-style:italic;font-weight:500;margin:0 0 24px\">Einklang representa una asociaci\u00f3n a la altura de los ojos. En nuestra colaboraci\u00f3n con la Swissmem Academy, Einklang se centra sistem\u00e1ticamente en el p\u00fablico objetivo y en las necesidades individuales de cada organizaci\u00f3n. Juntos creamos programas de aprendizaje de gran relevancia, dise\u00f1ados espec\u00edficamente para resolver retos reales de las empresas. Tanto los participantes como las organizaciones valoran este enfoque pr\u00e1ctico y el aut\u00e9ntico valor a\u00f1adido que aporta.<\/p>\n<div style=\"width:48px;height:2px;background:#3a7a55;margin:0 auto 24px\"><\/div>\n<p style=\"font-size:14px;font-weight:700;color:#1a3d2b;margin:0 0 4px\">Raffael K\u00fcbler<\/p>\n<p style=\"font-size:13px;color:#6b6b6b;margin:0\">Responsable de Aprendizaje de Programas Lean, Swissmem Academy<\/p>\n<\/div>\n<\/div>\n\n\n\n<div style=\"background:#1a3d2b;padding:64px 5%;box-sizing:border-box;width:100%;font-family:'Trebuchet MS',sans-serif\">\n<p style=\"font-size:11px;letter-spacing:0.2em;text-transform:uppercase;color:#7ecfa0;margin:0 0 8px\">Para los miembros de Swissmem<\/p>\n<h2 style=\"font-size:28px;font-weight:700;color:white;margin:0 0 12px\">Acceso preferente a los programas de Einklang<\/h2>\n<p style=\"font-size:15px;color:#a8c9b5;line-height:1.7;max-width:600px;margin:0 0 40px\">Los miembros de Swissmem se benefician de descuentos en las certificaciones Practitioner y Orchestrator de Einklang, as\u00ed como de acceso prioritario al programa piloto de agentes de Einklang.<\/p>\n<table style=\"width:100%;border-collapse:collapse\">\n<tr>\n<td style=\"width:50%;vertical-align:top;padding-right:12px\">\n<div style=\"background:rgba(255,255,255,0.07);border:0.5px solid rgba(255,255,255,0.12);border-radius:8px;padding:24px\">\n<p style=\"font-size:14px;font-weight:700;color:#7ecfa0;margin:0 0 8px\">Certificaci\u00f3n con descuento<\/p>\n<p style=\"font-size:14px;color:#c5d9cc;line-height:1.6;margin:0\">Los cursos Practitioner y Orchestrator a precio de afiliado, los mismos programas que han generado un impacto de 3,8 millones de CHF entre los afiliados.<\/p>\n<\/div>\n<\/td>\n<td style=\"width:50%;vertical-align:top;padding-left:12px\">\n<div style=\"background:rgba(255,255,255,0.07);border:0.5px solid rgba(255,255,255,0.12);border-radius:8px;padding:24px\">\n<p style=\"font-size:14px;font-weight:700;color:#7ecfa0;margin:0 0 8px\">Acceso agente piloto<\/p>\n<p style=\"font-size:14px;color:#c5d9cc;line-height:1.6;margin:0\">Acceso prioritario al Agente Einklang, el asesor de EO basado en IA que se est\u00e1 implantando a gran escala entre los miembros de Swissmem.<\/p>\n<\/div>\n<\/td>\n<\/tr>\n<\/table>\n<\/div>\n\n\n\n<div style=\"background:#eaf4ee;padding:64px 5%;box-sizing:border-box;width:100%;text-align:center;font-family:'Trebuchet MS',sans-serif\">\n<h2 style=\"font-size:26px;font-weight:700;color:#1a3d2b;margin:0 0 12px\">\u00bfEs miembro de Swissmem? Hablemos.<\/h2>\n<p style=\"font-size:15px;color:#2d6647;margin:0 0 32px\">Concierte una llamada para hablar de los precios para socios y de c\u00f3mo Einklang puede ayudar a su equipo.<\/p>\n<div style=\"display:flex;gap:12px;justify-content:center;flex-wrap:wrap\">\n<a href=\"https:\/\/calendly.com\/aslamjilani-einklangacademy\/30min\" style=\"background:#3a7a55;color:white;padding:14px 32px;border-radius:4px;font-size:15px;font-weight:700;text-decoration:none;font-family:'Trebuchet MS',sans-serif\">Concierte una llamada de descubrimiento<\/a>\n<a href=\"\/es\/case-study-swiss-bank\/\" style=\"background:white;color:#1a3d2b;padding:13px 28px;border:1px solid #b0c8b8;border-radius:4px;font-size:15px;font-weight:700;text-decoration:none;font-family:'Trebuchet MS',sans-serif\">Leer: Estudio de caso del Banco Suizo \u2192<\/a>\n<\/div>\n<\/div>","protected":false},"excerpt":{"rendered":"<p>Case Study Democratising OE across Swiss industry \u2014 the Swissmem partnership Since 2022, Einklang has partnered with Swissmem \u2014 Switzerland&#8217;s leading industrial association \u2014 to bring AI-Native operational excellence to 1,300 member companies. CHF 3.8m+ Measurable impact 160+ Leaders certified 1,300 Member companies 2022 Partnership since The partnership Co-developing OE programmes for Swiss industrial leaders&#8230;<\/p>","protected":false},"author":2,"featured_media":0,"parent":0,"menu_order":0,"comment_status":"closed","ping_status":"closed","template":"","meta":{"_uag_custom_page_level_css":"","_kadence_starter_templates_imported_post":false,"_kad_post_transparent":"","_kad_post_title":"","_kad_post_layout":"fullwidth","_kad_post_sidebar_id":"","_kad_post_content_style":"","_kad_post_vertical_padding":"","_kad_post_feature":"","_kad_post_feature_position":"","_kad_post_header":false,"_kad_post_footer":false,"_kad_post_classname":"","footnotes":""},"class_list":["post-4832","page","type-page","status-publish","hentry"],"uagb_featured_image_src":{"full":false,"thumbnail":false,"medium":false,"medium_large":false,"large":false,"1536x1536":false,"2048x2048":false,"trp-custom-language-flag":false},"uagb_author_info":{"display_name":"Aslam Jilani","author_link":"https:\/\/einklang-academy.com\/es\/author\/aslam-jilani\/"},"uagb_comment_info":0,"uagb_excerpt":"Case Study Democratising OE across Swiss industry \u2014 the Swissmem partnership Since 2022, Einklang has partnered with Swissmem \u2014 Switzerland&#8217;s leading industrial association \u2014 to bring AI-Native operational excellence to 1,300 member companies. CHF 3.8m+ Measurable impact 160+ Leaders certified 1,300 Member companies 2022 Partnership since The partnership Co-developing OE programmes for Swiss industrial leaders...","_links":{"self":[{"href":"https:\/\/einklang-academy.com\/es\/wp-json\/wp\/v2\/pages\/4832","targetHints":{"allow":["GET"]}}],"collection":[{"href":"https:\/\/einklang-academy.com\/es\/wp-json\/wp\/v2\/pages"}],"about":[{"href":"https:\/\/einklang-academy.com\/es\/wp-json\/wp\/v2\/types\/page"}],"author":[{"embeddable":true,"href":"https:\/\/einklang-academy.com\/es\/wp-json\/wp\/v2\/users\/2"}],"replies":[{"embeddable":true,"href":"https:\/\/einklang-academy.com\/es\/wp-json\/wp\/v2\/comments?post=4832"}],"version-history":[{"count":3,"href":"https:\/\/einklang-academy.com\/es\/wp-json\/wp\/v2\/pages\/4832\/revisions"}],"predecessor-version":[{"id":4868,"href":"https:\/\/einklang-academy.com\/es\/wp-json\/wp\/v2\/pages\/4832\/revisions\/4868"}],"wp:attachment":[{"href":"https:\/\/einklang-academy.com\/es\/wp-json\/wp\/v2\/media?parent=4832"}],"curies":[{"name":"wp","href":"https:\/\/api.w.org\/{rel}","templated":true}]}}