{"id":4828,"date":"2026-05-06T20:51:27","date_gmt":"2026-05-06T18:51:27","guid":{"rendered":"https:\/\/einklang-academy.com\/?page_id=4828"},"modified":"2026-05-07T08:39:58","modified_gmt":"2026-05-07T06:39:58","slug":"about","status":"publish","type":"page","link":"https:\/\/einklang-academy.com\/es\/about\/","title":{"rendered":"Acerca de"},"content":{"rendered":"<div style=\"background:#1a3d2b;padding:72px 5%;box-sizing:border-box;width:100%;font-family:'Trebuchet MS',sans-serif\">\n<p style=\"font-size:11px;letter-spacing:0.2em;text-transform:uppercase;color:#7ecfa0;margin:0 0 16px\">Acerca de Einklang<\/p>\n<div style=\"font-size:32px;font-weight:700;color:white;line-height:1.3;max-width:700px;margin:0 0 20px;font-family:'Trebuchet MS',sans-serif\">Construido por profesionales, para profesionales - <span style=\"color:#7ecfa0\">con un prop\u00f3sito claro.<\/span><\/div>\n<p style=\"font-size:16px;color:#a8c9b5;line-height:1.7;max-width:560px;margin:0\">Creamos Einklang porque vimos el mismo problema en todas partes: una metodolog\u00eda de excelencia operativa de categor\u00eda mundial encerrada en costosos contratos de consultor\u00eda, inaccesible para las organizaciones que m\u00e1s la necesitan.<\/p>\n<\/div>\n\n\n\n<div style=\"background:#f4f9f5;padding:64px 5%;box-sizing:border-box;width:100%;font-family:'Trebuchet MS',sans-serif\">\n<p style=\"font-size:11px;letter-spacing:0.2em;text-transform:uppercase;color:#3a7a55;margin:0 0 8px\">Por qu\u00e9 existimos<\/p>\n<h2 style=\"font-size:28px;font-weight:700;color:#1a3d2b;margin:0 0 40px\">Nuestra visi\u00f3n y misi\u00f3n<\/h2>\n<table style=\"width:100%;border-collapse:collapse\">\n<tr>\n<td style=\"width:50%;vertical-align:top;padding-right:12px\">\n<div style=\"background:white;border:0.5px solid #e2e6df;border-top:3px solid #3a7a55;border-radius:8px;padding:24px\">\n<p style=\"font-size:10px;letter-spacing:0.18em;text-transform:uppercase;color:#3a7a55;margin:0 0 8px\">Visi\u00f3n<\/p>\n<p style=\"font-size:15px;font-weight:700;color:#1a3d2b;margin:0 0 8px\">OE para todos<\/p>\n<p style=\"font-size:14px;color:#6b6b6b;line-height:1.6;margin:0\">Un mundo en el que todas las organizaciones -desde una PYME paulista hasta un grupo industrial suizo- puedan acceder a una metodolog\u00eda de excelencia operativa de categor\u00eda mundial y aplicarla.<\/p>\n<\/div>\n<\/td>\n<td style=\"width:50%;vertical-align:top;padding-left:12px\">\n<div style=\"background:white;border:0.5px solid #e2e6df;border-top:3px solid #3a7a55;border-radius:8px;padding:24px\">\n<p style=\"font-size:10px;letter-spacing:0.18em;text-transform:uppercase;color:#3a7a55;margin:0 0 8px\">Misi\u00f3n<\/p>\n<p style=\"font-size:15px;font-weight:700;color:#1a3d2b;margin:0 0 8px\">Integrar la IA en la mejora del trabajo<\/p>\n<p style=\"font-size:14px;color:#6b6b6b;line-height:1.6;margin:0\">Creamos herramientas nativas de IA y programas de aprendizaje certificados que ponen la capacidad de EO directamente en manos de los profesionales, no s\u00f3lo de los consultores.<\/p>\n<\/div>\n<\/td>\n<\/tr>\n<\/table>\n<\/div>\n\n\n\n<div style=\"background:white;padding:64px 5%;box-sizing:border-box;width:100%;font-family:'Trebuchet MS',sans-serif\">\n<p style=\"font-size:11px;letter-spacing:0.2em;text-transform:uppercase;color:#3a7a55;margin:0 0 8px\">El equipo<\/p>\n<h2 style=\"font-size:28px;font-weight:700;color:#1a3d2b;margin:0 0 40px\">Fundadores<\/h2>\n<table style=\"width:100%;border-collapse:collapse;margin-bottom:48px\">\n<tr>\n<td style=\"width:33%;vertical-align:top;padding-right:16px\">\n<img decoding=\"async\" src=\"https:\/\/einklang-academy.com\/wp-content\/uploads\/2026\/05\/Aslam.jpeg\" style=\"width:80px;height:80px;border-radius:50%;object-fit:cover;margin-bottom:16px;display:block\" alt=\"Aslam Jilani\">\n<p style=\"font-size:17px;font-weight:700;color:#1a3d2b;margin:0 0 4px\">Aslam Jilani<\/p>\n<p style=\"font-size:13px;color:#3a7a55;font-weight:700;margin:0 0 8px\">Consejero Delegado y Fundador<\/p>\n<p style=\"font-size:13px;color:#6b6b6b;line-height:1.6;margin:0 0 8px\">Z\u00farich, Suiza<\/p>\n<p style=\"font-size:14px;color:#6b6b6b;line-height:1.6;margin:0\">30 a\u00f1os impulsando la mejora continua en GE, IBM y Shell. Experto en la gesti\u00f3n de partes interesadas complejas en los sectores de la energ\u00eda, las finanzas y la tecnolog\u00eda. Fund\u00f3 Einklang para hacer accesible la EO de clase mundial a escala.<\/p>\n<\/td>\n<td style=\"width:33%;vertical-align:top;padding:0 8px\">\n<img decoding=\"async\" src=\"https:\/\/einklang-academy.com\/wp-content\/uploads\/2026\/05\/Andre-short-2.jpeg\" style=\"width:80px;height:80px;border-radius:50%;object-fit:cover;margin-bottom:16px;display:block\" alt=\"Andre Andreazzi\">\n<p style=\"font-size:17px;font-weight:700;color:#1a3d2b;margin:0 0 4px\">Andre Andreazzi<\/p>\n<p style=\"font-size:13px;color:#3a7a55;font-weight:700;margin:0 0 8px\">Director y cofundador para Latinoam\u00e9rica<\/p>\n<p style=\"font-size:13px;color:#6b6b6b;line-height:1.6;margin:0 0 8px\">S\u00e3o Paulo, Brasil<\/p>\n<p style=\"font-size:14px;color:#6b6b6b;line-height:1.6;margin:0\">28 a\u00f1os liderando transformaciones en McKinsey, IBM y HP. MBA en AI &amp; Big Data por la USP. Lidera la expansi\u00f3n de Einklang en Brasil y Latinoam\u00e9rica.<\/p>\n<\/td>\n<td style=\"width:33%;vertical-align:top;padding-left:16px\">\n<img decoding=\"async\" src=\"https:\/\/einklang-academy.com\/wp-content\/uploads\/2026\/05\/Diego.jpeg\" style=\"width:80px;height:80px;border-radius:50%;object-fit:cover;object-position:center top;margin-bottom:16px;display:block\" alt=\"Diego Castillo\">\n<p style=\"font-size:17px;font-weight:700;color:#1a3d2b;margin:0 0 4px\">Diego Castillo<\/p>\n<p style=\"font-size:13px;color:#3a7a55;font-weight:700;margin:0 0 8px\">Director T\u00e9cnico y Cofundador<\/p>\n<p style=\"font-size:13px;color:#6b6b6b;line-height:1.6;margin:0 0 8px\">Utrecht, Pa\u00edses Bajos<\/p>\n<p style=\"font-size:14px;color:#6b6b6b;line-height:1.6;margin:0\">Ex director digital s\u00e9nior de McKinsey con 20 a\u00f1os de experiencia en la ampliaci\u00f3n de plataformas tecnol\u00f3gicas. Dirigi\u00f3 soluciones de IA y en la nube que llegaron a m\u00e1s de 20 millones de usuarios. Dirige la arquitectura de la plataforma de agentes de Einklang.<\/p>\n<\/td>\n<\/tr>\n<\/table>\n<div style=\"padding-top:32px\">\n<div style=\"max-width:360px\">\n<img decoding=\"async\" src=\"https:\/\/einklang-academy.com\/wp-content\/uploads\/2026\/05\/Philipp.jpeg\" style=\"width:80px;height:80px;border-radius:50%;object-fit:cover;margin-bottom:16px;display:block\" alt=\"Philipp Bubenzer\">\n<p style=\"font-size:17px;font-weight:700;color:#1a3d2b;margin:0 0 4px\">Philipp Bubenzer<\/p>\n<p style=\"font-size:13px;color:#3a7a55;font-weight:700;margin:0 0 8px\">Cofundador y director acad\u00e9mico<\/p>\n<p style=\"font-size:13px;color:#6b6b6b;line-height:1.6;margin:0 0 8px\">HEG-FR \/ ETH Z\u00farich<\/p>\n<p style=\"font-size:14px;color:#6b6b6b;line-height:1.6;margin:0\">M\u00e1s de 25 a\u00f1os en Deep Tech. Profesor en HEG-FR e investigador en ETH Zurich. Especialista en gesti\u00f3n y escalado de la innovaci\u00f3n, aporta el rigor acad\u00e9mico que sustenta la metodolog\u00eda y el marco de certificaci\u00f3n de Einklang.<\/p>\n<\/div>\n<\/div>\n<\/div>\n\n\n\n<div style=\"background:#f4f9f5;padding:64px 5%;box-sizing:border-box;width:100%;font-family:'Trebuchet MS',sans-serif\">\n<p style=\"font-size:11px;letter-spacing:0.2em;text-transform:uppercase;color:#3a7a55;margin:0 0 8px\">Ecosistema<\/p>\n<h2 style=\"font-size:28px;font-weight:700;color:#1a3d2b;margin:0 0 12px\">Socios y asesores<\/h2>\n<p style=\"font-size:15px;color:#6b6b6b;line-height:1.7;max-width:560px;margin:0 0 40px\">Trabajamos con organizaciones que comparten nuestra creencia de que la excelencia operativa debe estar al alcance de todos.<\/p>\n<table style=\"width:100%;border-collapse:collapse\">\n<tr>\n<td style=\"width:33%;vertical-align:top;padding:8px\">\n<div style=\"background:white;border:0.5px solid #e2e6df;border-radius:8px;padding:28px\">\n<p style=\"font-size:16px;font-weight:700;color:#1a3d2b;margin:0 0 6px\">Swissmem<\/p>\n<p style=\"font-size:12px;color:#3a7a55;font-weight:700;text-transform:uppercase;letter-spacing:0.08em;margin:0 0 12px\">Socio estrat\u00e9gico - Industria suiza<\/p>\n<p style=\"font-size:14px;color:#6b6b6b;line-height:1.6;margin:0\">La principal asociaci\u00f3n industrial de Suiza, con 1.300 empresas miembros. M\u00e1s de 160 l\u00edderes certificados a trav\u00e9s de Einklang, con un impacto medido de 3,8 millones de CHF entre sus miembros.<\/p>\n<\/div>\n<\/td>\n<td style=\"width:33%;vertical-align:top;padding:8px\">\n<div style=\"background:white;border:0.5px solid #e2e6df;border-radius:8px;padding:28px\">\n<p style=\"font-size:16px;font-weight:700;color:#1a3d2b;margin:0 0 6px\">Brilliant Working Ltd<\/p>\n<p style=\"font-size:12px;color:#3a7a55;font-weight:700;text-transform:uppercase;letter-spacing:0.08em;margin:0 0 12px\">Socio de aplicaci\u00f3n de referencia<\/p>\n<p style=\"font-size:14px;color:#6b6b6b;line-height:1.6;margin:0\">La organizaci\u00f3n detr\u00e1s de la metodolog\u00eda Brilliant Working. Einklang cre\u00f3 Sara, un agente de IA totalmente personalizado y entrenado en su propio marco de trabajo, como la implementaci\u00f3n de referencia del agente de atenci\u00f3n al cliente.<\/p>\n<\/div>\n<\/td>\n<td style=\"width:33%;vertical-align:top;padding:8px\">\n<div style=\"background:white;border:0.5px solid #e2e6df;border-radius:8px;padding:28px\">\n<p style=\"font-size:16px;font-weight:700;color:#1a3d2b;margin:0 0 6px\">kyro<\/p>\n<p style=\"font-size:12px;color:#3a7a55;font-weight:700;text-transform:uppercase;letter-spacing:0.08em;margin:0 0 12px\">Socio tecnol\u00f3gico de VSM<\/p>\n<p style=\"font-size:14px;color:#6b6b6b;line-height:1.6;margin:0\">Herramienta digital de creaci\u00f3n de mapas de flujo de valor integrada en el m\u00f3dulo VSM de Einklang Skill Build. kyro permite a los profesionales crear y compartir mapas de procesos en tiempo real como parte de su trabajo de mejora.<\/p>\n<\/div>\n<\/td>\n<\/tr>\n<\/table>\n<\/div>\n\n\n\n<div style=\"background:#1a3d2b;padding:64px 5%;box-sizing:border-box;width:100%;font-family:'Trebuchet MS',sans-serif\">\n<p style=\"font-size:11px;letter-spacing:0.2em;text-transform:uppercase;color:#7ecfa0;margin:0 0 8px\">D\u00f3nde operamos<\/p>\n<h2 style=\"font-size:28px;font-weight:700;color:white;margin:0 0 12px\">DACH y LatAm - con alcance mundial<\/h2>\n<p style=\"font-size:15px;color:#a8c9b5;line-height:1.7;max-width:560px;margin:0 0 40px\">Con sede en Z\u00farich y equipos en S\u00e3o Paulo y Utrecht. Prestamos servicios a clientes de Suiza, Alemania, Austria, Brasil y la regi\u00f3n de Latinoam\u00e9rica.<\/p>\n<table style=\"width:100%;border-collapse:collapse\">\n<tr>\n<td style=\"width:33%;vertical-align:top;padding:8px\">\n<div style=\"background:rgba(255,255,255,0.07);border:0.5px solid rgba(255,255,255,0.12);border-radius:8px;padding:24px\">\n<div style=\"font-size:28px;margin-bottom:12px\">\ud83c\udde8\ud83c\udded<\/div>\n<p style=\"font-size:15px;font-weight:700;color:white;margin:0 0 6px\">Suiza - Ancla DACH<\/p>\n<p style=\"font-size:13px;color:#8bbda0;line-height:1.5;margin:0\">Sede en Z\u00farich. Asociaci\u00f3n Swissmem. Sector industrial suizo.<\/p>\n<\/div>\n<\/td>\n<td style=\"width:33%;vertical-align:top;padding:8px\">\n<div style=\"background:rgba(255,255,255,0.07);border:0.5px solid rgba(255,255,255,0.12);border-radius:8px;padding:24px\">\n<div style=\"font-size:28px;margin-bottom:12px\">\ud83c\udde7\ud83c\uddf7<\/div>\n<p style=\"font-size:15px;font-weight:700;color:white;margin:0 0 6px\">Brasil: mercado en expansi\u00f3n en Latinoam\u00e9rica<\/p>\n<p style=\"font-size:13px;color:#8bbda0;line-height:1.5;margin:0\">Andre Andreazzi dirige desde S\u00e3o Paulo. Proyecto activo del Consulado Suizo de S\u00e3o Paulo y del LATC Mannheim 2026.<\/p>\n<\/div>\n<\/td>\n<td style=\"width:33%;vertical-align:top;padding:8px\">\n<div style=\"background:rgba(255,255,255,0.07);border:0.5px solid rgba(255,255,255,0.12);border-radius:8px;padding:24px\">\n<div style=\"font-size:28px;margin-bottom:12px\">\ud83c\uddec\ud83c\udde7<\/div>\n<p style=\"font-size:15px;font-weight:700;color:white;margin:0 0 6px\">UE \/ Reino Unido - mercado adyacente<\/p>\n<p style=\"font-size:13px;color:#8bbda0;line-height:1.5;margin:0\">Caso de referencia de Brilliant Working Ltd. Creciente cartera de clientes empresariales europeos.<\/p>\n<\/div>\n<\/td>\n<\/tr>\n<\/table>\n<\/div>\n\n\n\n<div style=\"background:#eaf4ee;padding:64px 5%;box-sizing:border-box;width:100%;text-align:center;font-family:'Trebuchet MS',sans-serif\">\n<h2 style=\"font-size:26px;font-weight:700;color:#1a3d2b;margin:0 0 12px\">\u00bfQuiere saber m\u00e1s sobre Einklang?<\/h2>\n<p style=\"font-size:15px;color:#2d6647;margin:0 0 32px\">Reserve una llamada de 30 minutos con Aslam: sin compromiso, s\u00f3lo una conversaci\u00f3n.<\/p>\n<a href=\"https:\/\/calendly.com\/aslamjilani-einklangacademy\/30min\" style=\"background:#3a7a55;color:white;padding:14px 32px;border-radius:4px;font-size:15px;font-weight:700;text-decoration:none;font-family:'Trebuchet MS',sans-serif\">Reservar una llamada<\/a>\n<\/div>","protected":false},"excerpt":{"rendered":"<p>About Einklang Built by practitioners, for practitioners \u2014 with a clear purpose. We started Einklang because we saw the same problem everywhere: world-class operational excellence methodology locked inside expensive consulting engagements, inaccessible to the organisations that need it most. Why we exist Our vision &#038; mission Vision OE for everyone A world where every organisation&#8230;<\/p>","protected":false},"author":2,"featured_media":0,"parent":0,"menu_order":0,"comment_status":"closed","ping_status":"closed","template":"","meta":{"_uag_custom_page_level_css":"","_kadence_starter_templates_imported_post":false,"_kad_post_transparent":"","_kad_post_title":"","_kad_post_layout":"fullwidth","_kad_post_sidebar_id":"","_kad_post_content_style":"","_kad_post_vertical_padding":"","_kad_post_feature":"","_kad_post_feature_position":"","_kad_post_header":false,"_kad_post_footer":false,"_kad_post_classname":"","footnotes":""},"class_list":["post-4828","page","type-page","status-publish","hentry"],"uagb_featured_image_src":{"full":false,"thumbnail":false,"medium":false,"medium_large":false,"large":false,"1536x1536":false,"2048x2048":false,"trp-custom-language-flag":false},"uagb_author_info":{"display_name":"Aslam Jilani","author_link":"https:\/\/einklang-academy.com\/es\/author\/aslam-jilani\/"},"uagb_comment_info":0,"uagb_excerpt":"About Einklang Built by practitioners, for practitioners \u2014 with a clear purpose. We started Einklang because we saw the same problem everywhere: world-class operational excellence methodology locked inside expensive consulting engagements, inaccessible to the organisations that need it most. Why we exist Our vision &#038; mission Vision OE for everyone A world where every organisation...","_links":{"self":[{"href":"https:\/\/einklang-academy.com\/es\/wp-json\/wp\/v2\/pages\/4828","targetHints":{"allow":["GET"]}}],"collection":[{"href":"https:\/\/einklang-academy.com\/es\/wp-json\/wp\/v2\/pages"}],"about":[{"href":"https:\/\/einklang-academy.com\/es\/wp-json\/wp\/v2\/types\/page"}],"author":[{"embeddable":true,"href":"https:\/\/einklang-academy.com\/es\/wp-json\/wp\/v2\/users\/2"}],"replies":[{"embeddable":true,"href":"https:\/\/einklang-academy.com\/es\/wp-json\/wp\/v2\/comments?post=4828"}],"version-history":[{"count":4,"href":"https:\/\/einklang-academy.com\/es\/wp-json\/wp\/v2\/pages\/4828\/revisions"}],"predecessor-version":[{"id":4866,"href":"https:\/\/einklang-academy.com\/es\/wp-json\/wp\/v2\/pages\/4828\/revisions\/4866"}],"wp:attachment":[{"href":"https:\/\/einklang-academy.com\/es\/wp-json\/wp\/v2\/media?parent=4828"}],"curies":[{"name":"wp","href":"https:\/\/api.w.org\/{rel}","templated":true}]}}