{"id":4836,"date":"2026-05-06T20:53:01","date_gmt":"2026-05-06T18:53:01","guid":{"rendered":"https:\/\/einklang-academy.com\/?page_id=4836"},"modified":"2026-05-07T08:44:00","modified_gmt":"2026-05-07T06:44:00","slug":"case-study-komax","status":"publish","type":"page","link":"https:\/\/einklang-academy.com\/de\/case-study-komax\/","title":{"rendered":"Case Study \u2014 Komax"},"content":{"rendered":"<div style=\"background:#1a3d2b;padding:72px 5%;box-sizing:border-box;width:100%;font-family:'Trebuchet MS',sans-serif\">\n<p style=\"font-size:11px;letter-spacing:0.2em;text-transform:uppercase;color:#7ecfa0;margin:0 0 16px\">Fallstudie - Nachhaltigkeit<\/p>\n<div style=\"font-size:32px;font-weight:700;color:white;line-height:1.3;max-width:700px;margin:0 0 20px;font-family:'Trebuchet MS',sans-serif\">AI-Native Operational Excellence bei <span style=\"color:#7ecfa0\">Komax - von Lean zu Lean 4.0<\/span><\/div>\n<p style=\"font-size:16px;color:#a8c9b5;line-height:1.7;max-width:560px;margin:0 0 32px\">Eine mehrj\u00e4hrige Reise mit Komax - einem weltweit f\u00fchrenden Schweizer Hersteller von Kabelverarbeitungsmaschinen mit Sitz in Dierikon, Luzern - von der Ausbildung von 57 Green Belt Praktikern bis zum Einsatz eines AI-Native Black Belt Piloten, der den Wertstrom als strategisches F\u00fchrungsinstrument neu definiert.<\/p>\n<table style=\"border-collapse:collapse\">\n<tr>\n<td style=\"padding-right:16px;vertical-align:middle\">\n<div style=\"background:rgba(255,255,255,0.08);border:0.5px solid rgba(255,255,255,0.15);border-radius:8px;padding:20px 28px;text-align:center\">\n<div style=\"font-size:32px;font-weight:700;color:#7ecfa0\">57<\/div>\n<div style=\"font-size:12px;color:#a8c9b5;margin-top:4px\">Ausgebildete Green Belts<\/div>\n<\/div>\n<\/td>\n<td style=\"padding-right:16px;vertical-align:middle\">\n<div style=\"background:rgba(255,255,255,0.08);border:0.5px solid rgba(255,255,255,0.15);border-radius:8px;padding:20px 28px;text-align:center\">\n<div style=\"font-size:32px;font-weight:700;color:#7ecfa0\">7<\/div>\n<div style=\"font-size:12px;color:#a8c9b5;margin-top:4px\">F\u00fchrungskr\u00e4fte - AI-Native Black Belt Pilot<\/div>\n<\/div>\n<\/td>\n<td style=\"padding-right:16px;vertical-align:middle\">\n<div style=\"background:rgba(255,255,255,0.08);border:0.5px solid rgba(255,255,255,0.15);border-radius:8px;padding:20px 28px;text-align:center\">\n<div style=\"font-size:32px;font-weight:700;color:#7ecfa0\">2022-26<\/div>\n<div style=\"font-size:12px;color:#a8c9b5;margin-top:4px\">Mehrj\u00e4hrige Partnerschaft<\/div>\n<\/div>\n<\/td>\n<td style=\"vertical-align:middle\">\n<div style=\"background:rgba(255,255,255,0.08);border:0.5px solid rgba(255,255,255,0.15);border-radius:8px;padding:20px 28px;text-align:center\">\n<div style=\"font-size:32px;font-weight:700;color:#7ecfa0\">Lean 4.0<\/div>\n<div style=\"font-size:12px;color:#a8c9b5;margin-top:4px\">AI-Natives antifragiles Design<\/div>\n<\/div>\n<\/td>\n<\/tr>\n<\/table>\n<\/div>\n\n\n\n<div style=\"background:#f4f9f5;padding:64px 5%;box-sizing:border-box;width:100%;font-family:'Trebuchet MS',sans-serif\">\n<p style=\"font-size:11px;letter-spacing:0.2em;text-transform:uppercase;color:#3a7a55;margin:0 0 8px\">Die Reise<\/p>\n<h2 style=\"font-size:28px;font-weight:700;color:#1a3d2b;margin:0 0 12px\">Jahrelange Partnerschaft als Grundlage<\/h2>\n<p style=\"font-size:15px;color:#6b6b6b;line-height:1.7;max-width:640px;margin:0 0 40px\">Komax, die Swissmem Academy und Einklang verbindet eine mehrj\u00e4hrige Zusammenarbeit, die auf einer konsequenten \u00dcberzeugung beruht: Nachhaltige operative Exzellenz erfordert den Aufbau interner F\u00e4higkeiten - nicht die Abh\u00e4ngigkeit von Beratern.<\/p>\n<table style=\"width:100%;border-collapse:collapse\">\n<tr>\n<td style=\"width:33%;vertical-align:top;padding:8px\">\n<div style=\"background:white;border:0.5px solid #e2e6df;border-top:3px solid #7ecfa0;border-radius:8px;padding:28px\">\n<p style=\"font-size:11px;letter-spacing:0.14em;text-transform:uppercase;color:#3a7a55;margin:0 0 8px\">Phase 1 - 2022-2026<\/p>\n<p style=\"font-size:17px;font-weight:700;color:#1a3d2b;margin:0 0 12px\">57 Praktiker des Gr\u00fcnen Bandes<\/p>\n<p style=\"font-size:14px;color:#6b6b6b;line-height:1.6;margin:0\">Komax-weites Lean Six Sigma Green Belt Training - Aufbau eines stabilen Lean Fundaments mit einem gemeinsamen Verst\u00e4ndnis von Prozessen, Abl\u00e4ufen und strukturierter Probleml\u00f6sung.<\/p>\n<\/div>\n<\/td>\n<td style=\"width:33%;vertical-align:top;padding:8px\">\n<div style=\"background:white;border:0.5px solid #e2e6df;border-top:3px solid #3a7a55;border-radius:8px;padding:28px\">\n<p style=\"font-size:11px;letter-spacing:0.14em;text-transform:uppercase;color:#3a7a55;margin:0 0 8px\">Phase 2 - 2024<\/p>\n<p style=\"font-size:17px;font-weight:700;color:#1a3d2b;margin:0 0 12px\">7 F\u00fchrungskr\u00e4fte - Lean Leadership<\/p>\n<p style=\"font-size:14px;color:#6b6b6b;line-height:1.6;margin:0\">Sieben Mitglieder des Operations Leadership Teams wurden in Lean Leadership geschult, um systemisches Denken und Wertstrommanagement auf der F\u00fchrungsebene zu verankern.<\/p>\n<\/div>\n<\/td>\n<td style=\"width:33%;vertical-align:top;padding:8px\">\n<div style=\"background:#1a3d2b;border-radius:8px;padding:28px\">\n<p style=\"font-size:11px;letter-spacing:0.14em;text-transform:uppercase;color:#7ecfa0;margin:0 0 8px\">Phase 3 - Pilotprojekt AI-Native<\/p>\n<p style=\"font-size:17px;font-weight:700;color:white;margin:0 0 12px\">AI-Native Black Belt - Lean 4.0<\/p>\n<p style=\"font-size:14px;color:#a8c9b5;line-height:1.6;margin:0\">Das Operations Leadership Team wird als Orchestrator des End-to-End-Wertstroms neu definiert. Der Einklang Agent und kyro werden als Enabler eingesetzt.<\/p>\n<\/div>\n<\/td>\n<\/tr>\n<\/table>\n<\/div>\n\n\n\n<div style=\"background:white;padding:64px 5%;box-sizing:border-box;width:100%;font-family:'Trebuchet MS',sans-serif\">\n<p style=\"font-size:11px;letter-spacing:0.2em;text-transform:uppercase;color:#3a7a55;margin:0 0 8px\">Die Methodik<\/p>\n<h2 style=\"font-size:28px;font-weight:700;color:#1a3d2b;margin:0 0 12px\">Lean 4.0 - KI-natives Design, transdisziplin\u00e4res Denken<\/h2>\n<p style=\"font-size:15px;color:#6b6b6b;line-height:1.7;max-width:640px;margin:0 0 40px\">Der Pilot bei Komax markierte die Entwicklung von Lean zu Lean 4.0. Das Ziel war nicht eine weitere lokale Effizienzsteigerung - sondern die Entwicklung eines KI-nativen, systemischen Designansatzes, der Lean-Prinzipien mit neuen Disziplinen verbindet.<\/p>\n<table style=\"width:100%;border-collapse:collapse;margin-bottom:24px\">\n<tr>\n<td style=\"width:33%;vertical-align:top;padding:8px\">\n<div style=\"background:#f4f9f5;border:0.5px solid #e2e6df;border-top:3px solid #3a7a55;border-radius:8px;padding:24px\">\n<p style=\"font-size:14px;font-weight:700;color:#1a3d2b;margin:0 0 8px\">Antifragilit\u00e4t<\/p>\n<p style=\"font-size:13px;color:#6b6b6b;line-height:1.6;margin:0\">Wertstr\u00f6me werden nicht maximal optimiert, sondern so gestaltet, dass sie durch Unsicherheit robuster werden. Mehr Resilienz, nicht mehr Effizienz.<\/p>\n<\/div>\n<\/td>\n<td style=\"width:33%;vertical-align:top;padding:8px\">\n<div style=\"background:#f4f9f5;border:0.5px solid #e2e6df;border-top:3px solid #3a7a55;border-radius:8px;padding:24px\">\n<p style=\"font-size:14px;font-weight:700;color:#1a3d2b;margin:0 0 8px\">Architektonische Innovation<\/p>\n<p style=\"font-size:13px;color:#6b6b6b;line-height:1.6;margin:0\">Konzentration auf Strukturen, Schnittstellen, Entscheidungslogik und Abh\u00e4ngigkeiten - nicht auf isolierte Prozessverbesserungen. Das Systemdesign, nicht der einzelne Schritt.<\/p>\n<\/div>\n<\/td>\n<td style=\"width:33%;vertical-align:top;padding:8px\">\n<div style=\"background:#f4f9f5;border:0.5px solid #e2e6df;border-top:3px solid #3a7a55;border-radius:8px;padding:24px\">\n<p style=\"font-size:14px;font-weight:700;color:#1a3d2b;margin:0 0 8px\">Soziale Kognition<\/p>\n<p style=\"font-size:13px;color:#6b6b6b;line-height:1.6;margin:0\">Gemeinsame Wahrnehmung, Entscheidungsverhalten und Interaktion werden als zentrale Hebel f\u00fcr die Systemleistung verstanden - nicht nur als Prozesskennzahlen.<\/p>\n<\/div>\n<\/td>\n<\/tr>\n<\/table>\n<div style=\"background:#1a3d2b;border-radius:8px;padding:32px\">\n<p style=\"font-size:14px;font-weight:700;color:#7ecfa0;margin:0 0 16px\">Der Einklang Agent + kyro - die Inbetriebnahme<\/p>\n<table style=\"width:100%;border-collapse:collapse\">\n<tr>\n<td style=\"width:50%;vertical-align:top;padding-right:16px\">\n<p style=\"font-size:14px;font-weight:700;color:white;margin:0 0 8px\">Einklang Agent<\/p>\n<p style=\"font-size:13px;color:#a8c9b5;line-height:1.6;margin:0\">Coaching der F\u00fchrungskr\u00e4fte entlang des Wertstroms - Unterst\u00fctzung der statistischen Analyse, strukturierte Ursachenreflexion, Systemeffekte und Entscheidungsoptionen. 24\/7 in Microsoft Teams verf\u00fcgbar.<\/p>\n<\/td>\n<td style=\"width:50%;vertical-align:top;padding-left:16px\">\n<p style=\"font-size:14px;font-weight:700;color:white;margin:0 0 8px\">kyro<\/p>\n<p style=\"font-size:13px;color:#a8c9b5;line-height:1.6;margin:0\">Erm\u00f6glichte die digitale End-to-End-Abbildung des Order-to-Cash-Wertstroms und schuf damit ein gemeinsames, KI-gest\u00fctztes, faktenbasiertes Systembild f\u00fcr das gesamte Managementteam.<\/p>\n<\/td>\n<\/tr>\n<\/table>\n<\/div>\n<\/div>\n\n\n\n<div style=\"background:#f4f9f5;padding:64px 5%;box-sizing:border-box;width:100%;font-family:'Trebuchet MS',sans-serif\">\n<p style=\"font-size:11px;letter-spacing:0.2em;text-transform:uppercase;color:#3a7a55;margin:0 0 8px\">Nachhaltigkeit<\/p>\n<h2 style=\"font-size:28px;font-weight:700;color:#1a3d2b;margin:0 0 12px\">Wichtige Erkenntnisse - was Komax bewiesen hat<\/h2>\n<p style=\"font-size:15px;color:#6b6b6b;line-height:1.7;max-width:640px;margin:0 0 40px\">Das Komax Pilotprojekt hat zu Erkenntnissen gef\u00fchrt, die \u00fcber die Prozessverbesserung hinausgehen - sie definieren neu, was operative Exzellenz in der KI-\u00c4ra bedeutet.<\/p>\n<table style=\"width:100%;border-collapse:collapse\">\n<tr>\n<td style=\"width:50%;vertical-align:top;padding:8px\">\n<div style=\"background:white;border:0.5px solid #e2e6df;border-left:4px solid #3a7a55;border-radius:0 8px 8px 0;padding:24px\">\n<p style=\"font-size:14px;font-weight:700;color:#1a3d2b;margin:0 0 8px\">Redundanz vor maximaler Effizienz<\/p>\n<p style=\"font-size:14px;color:#6b6b6b;line-height:1.6;margin:0\">Mehr Belastbarkeit im System st\u00e4rkt die Antifragilit\u00e4t. Das Ziel ist nicht die Beseitigung aller Schwachstellen, sondern der Aufbau eines Wertstroms, der unter Druck besser funktioniert.<\/p>\n<\/div>\n<\/td>\n<td style=\"width:50%;vertical-align:top;padding:8px\">\n<div style=\"background:white;border:0.5px solid #e2e6df;border-left:4px solid #3a7a55;border-radius:0 8px 8px 0;padding:24px\">\n<p style=\"font-size:14px;font-weight:700;color:#1a3d2b;margin:0 0 8px\">Durchg\u00e4ngige Transparenz verbessert die Reaktionsf\u00e4higkeit<\/p>\n<p style=\"font-size:14px;color:#6b6b6b;line-height:1.6;margin:0\">Eine gemeinsame Echtzeit-Ansicht des gesamten Order-to-Cash-Wertstroms hat die F\u00e4higkeit von Komax, schnell und gezielt auf externe Ver\u00e4nderungen zu reagieren, grundlegend verbessert.<\/p>\n<\/div>\n<\/td>\n<\/tr>\n<tr>\n<td style=\"vertical-align:top;padding:8px\">\n<div style=\"background:white;border:0.5px solid #e2e6df;border-left:4px solid #3a7a55;border-radius:0 8px 8px 0;padding:24px\">\n<p style=\"font-size:14px;font-weight:700;color:#1a3d2b;margin:0 0 8px\">Geteilte Verwaltung erm\u00f6glicht klarere Priorit\u00e4ten<\/p>\n<p style=\"font-size:14px;color:#6b6b6b;line-height:1.6;margin:0\">Ein gemeinsames Wertstrommanagement erm\u00f6glichte eine klarere Priorit\u00e4tensetzung und einen bewussteren Umgang mit den Ressourcen, wodurch die Verschwendung auf der Systemebene und nicht nur auf der Prozessebene verringert wurde.<\/p>\n<\/div>\n<\/td>\n<td style=\"vertical-align:top;padding:8px\">\n<div style=\"background:white;border:0.5px solid #e2e6df;border-left:4px solid #3a7a55;border-radius:0 8px 8px 0;padding:24px\">\n<p style=\"font-size:14px;font-weight:700;color:#1a3d2b;margin:0 0 8px\">Der Wertstrom als strategisches Instrument<\/p>\n<p style=\"font-size:14px;color:#6b6b6b;line-height:1.6;margin:0\">Der Wertstrom entwickelte sich von einem Analyseobjekt zu einem strategischen F\u00fchrungsinstrument - dem prim\u00e4ren Werkzeug, mit dem das Operations Leadership Team das Unternehmen f\u00fchrt.<\/p>\n<\/div>\n<\/td>\n<\/tr>\n<\/table>\n<\/div>\n\n\n\n<div style=\"background:white;padding:64px 5%;box-sizing:border-box;width:100%;font-family:'Trebuchet MS',sans-serif\">\n<div style=\"max-width:720px;margin:0 auto;text-align:center\">\n<div style=\"font-size:48px;color:#3a7a55;line-height:1;margin-bottom:24px\">\u201c<\/div>\n<p style=\"font-size:18px;color:#1a3d2b;line-height:1.7;font-style:italic;font-weight:500;margin:0 0 24px\">Wir sch\u00e4tzen die Zusammenarbeit mit Einklang sehr. Als Mitglied von Swissmem sehen wir die Programme Practitioner (Green Belt) und Orchestrator (Black Belt) als wichtige Anker f\u00fcr den Aufbau von F\u00e4higkeiten und die Verankerung einer nachhaltigen Lean-Kultur auf allen Organisationsebenen.<\/p>\n<div style=\"width:48px;height:2px;background:#3a7a55;margin:0 auto 24px\"><\/div>\n<p style=\"font-size:14px;font-weight:700;color:#1a3d2b;margin:0 0 4px\">Betriebsdirektor<\/p>\n<p style=\"font-size:13px;color:#6b6b6b;margin:0\">Komax Schweiz<\/p>\n<\/div>\n<\/div>\n\n\n\n<div style=\"background:#1a3d2b;padding:64px 5%;box-sizing:border-box;width:100%;font-family:'Trebuchet MS',sans-serif\">\n<p style=\"font-size:11px;letter-spacing:0.2em;text-transform:uppercase;color:#7ecfa0;margin:0 0 8px\">Warum das wichtig ist<\/p>\n<h2 style=\"font-size:28px;font-weight:700;color:white;margin:0 0 12px\">OE ist eines der leistungsst\u00e4rksten verf\u00fcgbaren Nachhaltigkeitsinstrumente<\/h2>\n<p style=\"font-size:15px;color:#a8c9b5;line-height:1.7;max-width:640px;margin:0 0 40px\">Bei Komax geht es nicht nur um Effizienzsteigerungen. Es geht darum, was passiert, wenn ein Unternehmen im Laufe der Zeit umfassende OE-F\u00e4higkeiten aufbaut - und diese dann mit KI auf die n\u00e4chste Stufe hebt.<\/p>\n<table style=\"width:100%;border-collapse:collapse\">\n<tr>\n<td style=\"width:33%;vertical-align:top;padding:8px;text-align:center\">\n<div style=\"background:rgba(255,255,255,0.07);border:0.5px solid rgba(255,255,255,0.12);border-radius:8px;padding:24px\">\n<div style=\"font-size:32px;font-weight:700;color:#7ecfa0;line-height:1;margin-bottom:8px\">\u2193 Abfall<\/div>\n<div style=\"font-size:13px;color:#8bbda0;line-height:1.4\">Reduzierung von \u00dcberproduktion, Nacharbeit und unn\u00f6tiger Komplexit\u00e4t im gesamten Wertstrom<\/div>\n<\/div>\n<\/td>\n<td style=\"width:33%;vertical-align:top;padding:8px;text-align:center\">\n<div style=\"background:rgba(255,255,255,0.07);border:0.5px solid rgba(255,255,255,0.12);border-radius:8px;padding:24px\">\n<div style=\"font-size:32px;font-weight:700;color:#7ecfa0;line-height:1;margin-bottom:8px\">\u2191 Resilienz<\/div>\n<div style=\"font-size:13px;color:#8bbda0;line-height:1.4\">Ein System, das so konzipiert ist, dass es unter unsicheren Bedingungen besser funktioniert - und nicht nur f\u00fcr normale Bedingungen optimiert ist<\/div>\n<\/div>\n<\/td>\n<td style=\"width:33%;vertical-align:top;padding:8px;text-align:center\">\n<div style=\"background:rgba(255,255,255,0.07);border:0.5px solid rgba(255,255,255,0.12);border-radius:8px;padding:24px\">\n<div style=\"font-size:32px;font-weight:700;color:#7ecfa0;line-height:1;margin-bottom:8px\">\u221e Bef\u00e4higung<\/div>\n<div style=\"font-size:13px;color:#8bbda0;line-height:1.4\">Interne OE-F\u00e4higkeiten, die sich im Laufe der Zeit entwickeln - kein einmaliges Projekt, das endet, wenn der Berater geht<\/div>\n<\/div>\n<\/td>\n<\/tr>\n<\/table>\n<\/div>\n\n\n\n<div style=\"background:#eaf4ee;padding:64px 5%;box-sizing:border-box;width:100%;text-align:center;font-family:'Trebuchet MS',sans-serif\">\n<h2 style=\"font-size:26px;font-weight:700;color:#1a3d2b;margin:0 0 12px\">Sind Sie bereit, diese Art von F\u00e4higkeiten in Ihrer Organisation aufzubauen?<\/h2>\n<p style=\"font-size:15px;color:#2d6647;margin:0 0 32px\">Vereinbaren Sie einen Termin, um zu besprechen, wie Einklang Sie auf Ihrem Weg unterst\u00fctzen kann - vom ersten Green Belt zum AI-Native Orchestrator.<\/p>\n<div style=\"display:flex;gap:12px;justify-content:center;flex-wrap:wrap\">\n<a href=\"https:\/\/calendly.com\/aslamjilani-einklangacademy\/30min\" style=\"background:#3a7a55;color:white;padding:14px 32px;border-radius:4px;font-size:15px;font-weight:700;text-decoration:none;font-family:'Trebuchet MS',sans-serif\">Entdeckungsgespr\u00e4ch buchen<\/a>\n<a href=\"\/de\/case-study-swissmem\/\" style=\"background:white;color:#1a3d2b;padding:13px 28px;border:1px solid #b0c8b8;border-radius:4px;font-size:15px;font-weight:700;text-decoration:none;font-family:'Trebuchet MS',sans-serif\">Lesen: Swissmem-Fallstudie<\/a>\n<\/div>\n<\/div>","protected":false},"excerpt":{"rendered":"<p>Case Study \u2014 Sustainability AI-Native Operational Excellence at Komax \u2014 from Lean to Lean 4.0 A multi-year journey with Komax \u2014 a world-leading Swiss cable processing machine manufacturer based in Dierikon, Lucerne \u2014 from building 57 Green Belt practitioners to deploying an AI-Native Black Belt pilot that redefined the value stream as a strategic leadership&#8230;<\/p>","protected":false},"author":2,"featured_media":0,"parent":0,"menu_order":0,"comment_status":"closed","ping_status":"closed","template":"","meta":{"_uag_custom_page_level_css":"","_kadence_starter_templates_imported_post":false,"_kad_post_transparent":"","_kad_post_title":"","_kad_post_layout":"fullwidth","_kad_post_sidebar_id":"","_kad_post_content_style":"","_kad_post_vertical_padding":"","_kad_post_feature":"","_kad_post_feature_position":"","_kad_post_header":false,"_kad_post_footer":false,"_kad_post_classname":"","footnotes":""},"class_list":["post-4836","page","type-page","status-publish","hentry"],"uagb_featured_image_src":{"full":false,"thumbnail":false,"medium":false,"medium_large":false,"large":false,"1536x1536":false,"2048x2048":false,"trp-custom-language-flag":false},"uagb_author_info":{"display_name":"Aslam Jilani","author_link":"https:\/\/einklang-academy.com\/de\/author\/aslam-jilani\/"},"uagb_comment_info":0,"uagb_excerpt":"Case Study \u2014 Sustainability AI-Native Operational Excellence at Komax \u2014 from Lean to Lean 4.0 A multi-year journey with Komax \u2014 a world-leading Swiss cable processing machine manufacturer based in Dierikon, Lucerne \u2014 from building 57 Green Belt practitioners to deploying an AI-Native Black Belt pilot that redefined the value stream as a strategic leadership...","_links":{"self":[{"href":"https:\/\/einklang-academy.com\/de\/wp-json\/wp\/v2\/pages\/4836","targetHints":{"allow":["GET"]}}],"collection":[{"href":"https:\/\/einklang-academy.com\/de\/wp-json\/wp\/v2\/pages"}],"about":[{"href":"https:\/\/einklang-academy.com\/de\/wp-json\/wp\/v2\/types\/page"}],"author":[{"embeddable":true,"href":"https:\/\/einklang-academy.com\/de\/wp-json\/wp\/v2\/users\/2"}],"replies":[{"embeddable":true,"href":"https:\/\/einklang-academy.com\/de\/wp-json\/wp\/v2\/comments?post=4836"}],"version-history":[{"count":3,"href":"https:\/\/einklang-academy.com\/de\/wp-json\/wp\/v2\/pages\/4836\/revisions"}],"predecessor-version":[{"id":4870,"href":"https:\/\/einklang-academy.com\/de\/wp-json\/wp\/v2\/pages\/4836\/revisions\/4870"}],"wp:attachment":[{"href":"https:\/\/einklang-academy.com\/de\/wp-json\/wp\/v2\/media?parent=4836"}],"curies":[{"name":"wp","href":"https:\/\/api.w.org\/{rel}","templated":true}]}}