{"id":4830,"date":"2026-05-06T20:51:56","date_gmt":"2026-05-06T18:51:56","guid":{"rendered":"https:\/\/einklang-academy.com\/?page_id=4830"},"modified":"2026-05-07T08:41:10","modified_gmt":"2026-05-07T06:41:10","slug":"case-study-swiss-bank","status":"publish","type":"page","link":"https:\/\/einklang-academy.com\/de\/case-study-swiss-bank\/","title":{"rendered":"Case Study \u2014 Swiss Bank"},"content":{"rendered":"<div style=\"background:#1a3d2b;padding:72px 5%;box-sizing:border-box;width:100%;font-family:'Trebuchet MS',sans-serif\">\n<p style=\"font-size:11px;letter-spacing:0.2em;text-transform:uppercase;color:#7ecfa0;margin:0 0 16px\">Fallstudie<\/p>\n<div style=\"font-size:32px;font-weight:700;color:white;line-height:1.3;max-width:700px;margin:0 0 20px;font-family:'Trebuchet MS',sans-serif\">AI-Native Skill Building bei <span style=\"color:#7ecfa0\">Die gr\u00f6sste globale Bank der Schweiz<\/span><\/div>\n<p style=\"font-size:16px;color:#a8c9b5;line-height:1.7;max-width:560px;margin:0 0 32px\">Ein zweistufiges Projekt, das die Konzernrevision von einem 13-Personen-Pilotprojekt zu einer institutionalisierten KI-nativen OE-F\u00e4higkeit f\u00fchrte - mit einem validierten ROI von 5:1.<\/p>\n<table style=\"border-collapse:collapse\">\n<tr>\n<td style=\"padding-right:16px;vertical-align:middle\">\n<div style=\"background:rgba(255,255,255,0.08);border:0.5px solid rgba(255,255,255,0.15);border-radius:8px;padding:20px 28px;text-align:center\">\n<div style=\"font-size:32px;font-weight:700;color:#7ecfa0\">5:1<\/div>\n<div style=\"font-size:12px;color:#a8c9b5;margin-top:4px\">ROI erreicht &amp; validiert<\/div>\n<\/div>\n<\/td>\n<td style=\"padding-right:16px;vertical-align:middle\">\n<div style=\"background:rgba(255,255,255,0.08);border:0.5px solid rgba(255,255,255,0.15);border-radius:8px;padding:20px 28px;text-align:center\">\n<div style=\"font-size:32px;font-weight:700;color:#7ecfa0\">CHF 200k<\/div>\n<div style=\"font-size:12px;color:#a8c9b5;margin-top:4px\">Erzielte Kosteneinsparungen<\/div>\n<\/div>\n<\/td>\n<td style=\"padding-right:16px;vertical-align:middle\">\n<div style=\"background:rgba(255,255,255,0.08);border:0.5px solid rgba(255,255,255,0.15);border-radius:8px;padding:20px 28px;text-align:center\">\n<div style=\"font-size:32px;font-weight:700;color:#7ecfa0\">75,000<\/div>\n<div style=\"font-size:12px;color:#a8c9b5;margin-top:4px\">Freigestellte Personentage<\/div>\n<\/div>\n<\/td>\n<td style=\"vertical-align:middle\">\n<div style=\"background:rgba(255,255,255,0.08);border:0.5px solid rgba(255,255,255,0.15);border-radius:8px;padding:20px 28px;text-align:center\">\n<div style=\"font-size:32px;font-weight:700;color:#7ecfa0\">~340 VZ\u00c4<\/div>\n<div style=\"font-size:12px;color:#a8c9b5;margin-top:4px\">Umgeleitete Kapazit\u00e4t<\/div>\n<\/div>\n<\/td>\n<\/tr>\n<\/table>\n<\/div>\n\n\n\n<div style=\"background:#f4f9f5;padding:64px 5%;box-sizing:border-box;width:100%;font-family:'Trebuchet MS',sans-serif\">\n<p style=\"font-size:11px;letter-spacing:0.2em;text-transform:uppercase;color:#3a7a55;margin:0 0 8px\">Phase 1<\/p>\n<h2 style=\"font-size:28px;font-weight:700;color:#1a3d2b;margin:0 0 40px\">Das Pilotprojekt - 13 Orchestratoren in der CH, UK und Indien<\/h2>\n<table style=\"width:100%;border-collapse:collapse\">\n<tr>\n<td style=\"width:50%;vertical-align:top;padding-right:12px\">\n<div style=\"background:white;border:0.5px solid #e2e6df;border-radius:8px;padding:28px;margin-bottom:16px\">\n<p style=\"font-size:13px;font-weight:700;color:#3a7a55;text-transform:uppercase;letter-spacing:0.08em;margin:0 0 16px\">Pilotausf\u00fchrung<\/p>\n<p style=\"font-size:14px;color:#6b6b6b;line-height:1.7;margin:3px 0\">- 13 Orchestratoren in der Schweiz, UK und Indien<\/p>\n<p style=\"font-size:14px;color:#6b6b6b;line-height:1.7;margin:3px 0\">- Gemischtes Format: KI-gest\u00fctztes E-Learning + Live-Sitzungen<\/p>\n<p style=\"font-size:14px;color:#6b6b6b;line-height:1.7;margin:3px 0\">- 35+ Lernstunden pro Teilnehmer<\/p>\n<p style=\"font-size:14px;color:#6b6b6b;line-height:1.7;margin:3px 0\">- Projekt zur Verbesserung der Arbeitsbedingungen<\/p>\n<p style=\"font-size:14px;color:#6b6b6b;line-height:1.7;margin:3px 0\">- Abschlie\u00dfende Zertifizierungspr\u00fcfung<\/p>\n<\/div>\n<\/td>\n<td style=\"width:50%;vertical-align:top;padding-left:12px\">\n<div style=\"background:white;border:0.5px solid #e2e6df;border-radius:8px;padding:28px;margin-bottom:16px\">\n<p style=\"font-size:13px;font-weight:700;color:#3a7a55;text-transform:uppercase;letter-spacing:0.08em;margin:0 0 16px\">Messbare Auswirkungen<\/p>\n<p style=\"font-size:14px;color:#6b6b6b;line-height:1.7;margin:3px 0\">- CHF 200'000 an Kosteneinsparungen<\/p>\n<p style=\"font-size:14px;color:#6b6b6b;line-height:1.7;margin:3px 0\">- 5:1 ROI erreicht und validiert<\/p>\n<p style=\"font-size:14px;color:#6b6b6b;line-height:1.7;margin:3px 0\">- Lean Six Sigma + KI-gest\u00fctztes Prozessdenken<\/p>\n<p style=\"font-size:14px;color:#6b6b6b;line-height:1.7;margin:3px 0\">- Etablierte interne Orchestrator-F\u00e4higkeit<\/p>\n<p style=\"font-size:14px;color:#6b6b6b;line-height:1.7;margin:3px 0\">- Ziel: Freisetzung von 75.000 Personentagen (20% Pr\u00fcfkapazit\u00e4t)<\/p>\n<\/div>\n<\/td>\n<\/tr>\n<\/table>\n<\/div>\n\n\n\n<div style=\"background:white;padding:64px 5%;box-sizing:border-box;width:100%;font-family:'Trebuchet MS',sans-serif\">\n<p style=\"font-size:11px;letter-spacing:0.2em;text-transform:uppercase;color:#3a7a55;margin:0 0 8px\">Phase 2<\/p>\n<h2 style=\"font-size:28px;font-weight:700;color:#1a3d2b;margin:0 0 12px\">Das Scale-up - Institutionalisierung der AI-Native Audit-F\u00e4higkeit<\/h2>\n<p style=\"font-size:15px;color:#6b6b6b;line-height:1.7;max-width:600px;margin:0 0 40px\">Nach dem Erfolg des Pilotprojekts beauftragte die Bank eine umfassende Erweiterung, um die KI-Native OE-F\u00e4higkeit in der gesamten Innenrevision zu verankern.<\/p>\n<table style=\"width:100%;border-collapse:collapse\">\n<tr>\n<td style=\"width:33%;vertical-align:top;padding:8px\">\n<div style=\"background:#f4f9f5;border:0.5px solid #e2e6df;border-radius:8px;padding:28px;text-align:center\">\n<div style=\"font-size:40px;font-weight:700;color:#3a7a55;margin-bottom:8px\">5<\/div>\n<p style=\"font-size:14px;font-weight:700;color:#1a3d2b;margin:0 0 8px\">Senior-Orchestratoren<\/p>\n<p style=\"font-size:13px;color:#6b6b6b;line-height:1.5;margin:0\">Leitung des AI-Native OE-Programms in der globalen Funktion<\/p>\n<\/div>\n<\/td>\n<td style=\"width:33%;vertical-align:top;padding:8px\">\n<div style=\"background:#f4f9f5;border:0.5px solid #e2e6df;border-radius:8px;padding:28px;text-align:center\">\n<div style=\"font-size:40px;font-weight:700;color:#3a7a55;margin-bottom:8px\">15<\/div>\n<p style=\"font-size:14px;font-weight:700;color:#1a3d2b;margin:0 0 8px\">Entwickelte Orchestratoren<\/p>\n<p style=\"font-size:13px;color:#6b6b6b;line-height:1.5;margin:0\">Eine Kohorte von Praktikern, die in der Lage sind, Verbesserungsprogramme selbst\u00e4ndig durchzuf\u00fchren<\/p>\n<\/div>\n<\/td>\n<td style=\"width:33%;vertical-align:top;padding:8px\">\n<div style=\"background:#1a3d2b;border-radius:8px;padding:28px;text-align:center\">\n<div style=\"font-size:24px;font-weight:700;color:#7ecfa0;margin-bottom:8px\">Institutionalisiert<\/div>\n<p style=\"font-size:14px;font-weight:700;color:white;margin:0 0 8px\">AI-Native Audit-F\u00e4higkeit<\/p>\n<p style=\"font-size:13px;color:#a8c9b5;line-height:1.5;margin:0\">OE ist in die t\u00e4gliche Arbeit der Auditfunktion eingebettet<\/p>\n<\/div>\n<\/td>\n<\/tr>\n<\/table>\n<\/div>\n\n\n\n<div style=\"background:#f4f9f5;padding:64px 5%;box-sizing:border-box;width:100%;font-family:'Trebuchet MS',sans-serif\">\n<div style=\"max-width:720px;margin:0 auto;text-align:center\">\n<div style=\"font-size:48px;color:#3a7a55;line-height:1;margin-bottom:24px\">\u201c<\/div>\n<p style=\"font-size:18px;color:#1a3d2b;line-height:1.7;font-style:italic;font-weight:500;margin:0 0 24px\">Die Green Belt-Zertifizierung von Einklang hob sich f\u00fcr mich aus drei wesentlichen Gr\u00fcnden von anderen Anbietern ab. Die KI-zentrierte Sichtweise ging \u00fcber das hinaus, was KI in Prozessen leisten kann - sie f\u00f6rderte ein verfeinertes Verst\u00e4ndnis daf\u00fcr, wie Prozesse f\u00fcr die KI-Welt neu gestaltet werden k\u00f6nnen, um das Potenzial der KI-F\u00e4higkeiten zu maximieren.<\/p>\n<div style=\"width:48px;height:2px;background:#3a7a55;margin:0 auto 24px\"><\/div>\n<p style=\"font-size:14px;font-weight:700;color:#1a3d2b;margin:0 0 4px\">Direktor, Strategie und Umwandlung<\/p>\n<p style=\"font-size:13px;color:#6b6b6b;margin:0\">Group Internal Audit, gr\u00f6sste globale Bank der Schweiz<\/p>\n<\/div>\n<\/div>\n\n\n\n<div style=\"background:#eaf4ee;padding:64px 5%;box-sizing:border-box;width:100%;text-align:center;font-family:'Trebuchet MS',sans-serif\">\n<h2 style=\"font-size:26px;font-weight:700;color:#1a3d2b;margin:0 0 12px\">K\u00f6nnte dieses Modell auch f\u00fcr Ihre Organisation funktionieren?<\/h2>\n<p style=\"font-size:15px;color:#2d6647;margin:0 0 32px\">Buchen Sie einen 30-min\u00fctigen Anruf, um zu besprechen, wie wir ein Pilotprojekt in Ihrem Team durchf\u00fchren k\u00f6nnen.<\/p>\n<div style=\"display:flex;gap:12px;justify-content:center;flex-wrap:wrap\">\n<a href=\"https:\/\/calendly.com\/aslamjilani-einklangacademy\/30min\" style=\"background:#3a7a55;color:white;padding:14px 32px;border-radius:4px;font-size:15px;font-weight:700;text-decoration:none;font-family:'Trebuchet MS',sans-serif\">Entdeckungsgespr\u00e4ch buchen<\/a>\n<a href=\"\/de\/case-study-swissmem\/\" style=\"background:white;color:#1a3d2b;padding:13px 28px;border:1px solid #b0c8b8;border-radius:4px;font-size:15px;font-weight:700;text-decoration:none;font-family:'Trebuchet MS',sans-serif\">Lesen: Swissmem-Fallstudie<\/a>\n<\/div>\n<\/div>","protected":false},"excerpt":{"rendered":"<p>Case Study AI-Native Skill Building at Switzerland&#8217;s Largest Global Bank A two-phase engagement that took Group Internal Audit from a 13-person pilot to an institutionalised AI-Native OE capability \u2014 with a validated 5:1 ROI. 5:1 ROI achieved &#038; validated CHF 200k Cost savings delivered 75,000 Person-days freed ~340 FTE Capacity redirected Phase 1 The pilot&#8230;<\/p>","protected":false},"author":2,"featured_media":0,"parent":0,"menu_order":0,"comment_status":"closed","ping_status":"closed","template":"","meta":{"_uag_custom_page_level_css":"","_kadence_starter_templates_imported_post":false,"_kad_post_transparent":"","_kad_post_title":"","_kad_post_layout":"fullwidth","_kad_post_sidebar_id":"","_kad_post_content_style":"","_kad_post_vertical_padding":"","_kad_post_feature":"","_kad_post_feature_position":"","_kad_post_header":false,"_kad_post_footer":false,"_kad_post_classname":"","footnotes":""},"class_list":["post-4830","page","type-page","status-publish","hentry"],"uagb_featured_image_src":{"full":false,"thumbnail":false,"medium":false,"medium_large":false,"large":false,"1536x1536":false,"2048x2048":false,"trp-custom-language-flag":false},"uagb_author_info":{"display_name":"Aslam Jilani","author_link":"https:\/\/einklang-academy.com\/de\/author\/aslam-jilani\/"},"uagb_comment_info":0,"uagb_excerpt":"Case Study AI-Native Skill Building at Switzerland&#8217;s Largest Global Bank A two-phase engagement that took Group Internal Audit from a 13-person pilot to an institutionalised AI-Native OE capability \u2014 with a validated 5:1 ROI. 5:1 ROI achieved &#038; validated CHF 200k Cost savings delivered 75,000 Person-days freed ~340 FTE Capacity redirected Phase 1 The pilot...","_links":{"self":[{"href":"https:\/\/einklang-academy.com\/de\/wp-json\/wp\/v2\/pages\/4830","targetHints":{"allow":["GET"]}}],"collection":[{"href":"https:\/\/einklang-academy.com\/de\/wp-json\/wp\/v2\/pages"}],"about":[{"href":"https:\/\/einklang-academy.com\/de\/wp-json\/wp\/v2\/types\/page"}],"author":[{"embeddable":true,"href":"https:\/\/einklang-academy.com\/de\/wp-json\/wp\/v2\/users\/2"}],"replies":[{"embeddable":true,"href":"https:\/\/einklang-academy.com\/de\/wp-json\/wp\/v2\/comments?post=4830"}],"version-history":[{"count":3,"href":"https:\/\/einklang-academy.com\/de\/wp-json\/wp\/v2\/pages\/4830\/revisions"}],"predecessor-version":[{"id":4867,"href":"https:\/\/einklang-academy.com\/de\/wp-json\/wp\/v2\/pages\/4830\/revisions\/4867"}],"wp:attachment":[{"href":"https:\/\/einklang-academy.com\/de\/wp-json\/wp\/v2\/media?parent=4830"}],"curies":[{"name":"wp","href":"https:\/\/api.w.org\/{rel}","templated":true}]}}